{"id":692202,"date":"2024-09-16T14:52:04","date_gmt":"2024-09-16T11:52:04","guid":{"rendered":"https:\/\/nbg.eu\/product\/magazine-catch-28-kmr-l-02-umbra\/"},"modified":"2026-05-13T15:10:48","modified_gmt":"2026-05-13T12:10:48","slug":"magazine-catch-28-kmr-l-02-umbra","status":"publish","type":"product","link":"https:\/\/nbg.eu\/et\/toode\/magazine-catch-28-kmr-l-02-umbra\/","title":{"rendered":"KMR Salve Riiv 28 L-02 UMBRA"},"content":{"rendered":"<h2>KMR Magazine Catch 28 \u2013 L-02 Umbra Edition<\/h2>\n<p>KMR Magazine Catch 28 on L-02 Umbra on on L-series platvorm. Projekteeritud kiirusele ja ergonoomikaele, see laadija vabastus on kriitilise t\u00e4htsusega t\u00e4iendus tulistajatele, kes peavad l\u00fchendama laadimisvahemikku k\u00f5rge surve all v\u00f5istlustingimustes.<\/p>\n<h3>Projekteeritud kiirusele ja t\u00e4psusele<\/h3>\n<p>IPSC ja USPSA maailmas v\u00f5ib teie laadija vahetamise kiirus olla erinevus pjedestaalil l\u00f5petamise ja keskp\u00e4rase tulemuse vahel. &#8220;28&#8221; t\u00e4histab optimeeritud pinda ja pikenduse k\u00f5rgust, pakkudes t\u00e4iuslikku tasakaalu ligip\u00e4\u00e4setavuse ja turvalisuse vahel. See v\u00f5imaldab tulistajal langetada laadija p\u00f5hilise tulistamishoiaku oluliselt muutmata, s\u00e4ilitades paremini relva kontrolli kogu laadimist\u00fc\u00fcli jooksul.<\/p>\n<h3>Tehnilised andmed:<\/h3>\n<ul>\n<li><strong>CNC-t\u00f6\u00f6deldud vastupidavus:<\/strong> Valmistatud k\u00f5rge t\u00f5mbetugevusega terasest ja alumiiniumist komponentidest, tagades terava kinnituse ja pika kasutusea.<\/li>\n<li><strong>Laiendatud ergonoomikat:<\/strong> Suurendatud hoob on strateegiliselt paigutatud, et see oleks h\u00f5lpsalt k\u00e4eulatuses, isegi v\u00e4iksemate k\u00e4tega v\u00f5i kindaid kandvate tulistajate jaoks.<\/li>\n<li><strong>Umbra sarja disain:<\/strong> Funktsioneerib k\u00f5rge sooritusega tumeda viimistlusega, mis sobib t\u00e4ielikult KMR L-02 Umbra premeaalse taktikalise v\u00e4limusega.<\/li>\n<li><strong>Reguleeritav orientatsioon:<\/strong> Projekteeritud lihtsaks paigaldamiseks, r\u00f5hk sujuval, takistusteta liikumisel raami sees.<\/li>\n<li><strong>OEM sobivus:<\/strong> Originaal KMR osa, mis tagab laadija t\u00e4pse k\u00f5rguse laitmatu toite ja p\u00fcsiva lukustuse jaoks.<\/li>\n<\/ul>\n<h3>Maksimaalne usaldusv\u00e4\u00e4rsus surve all<\/h3>\n<p>KMR Magazine Catch 28 sisemine geomeetria on t\u00e4pselt t\u00f6\u00f6deldud, et pakkuda positiivset &#8220;kl\u00f5psu&#8221; ja kohest vabastust. Erinevalt tavat\u00fc\u00fcbilistest laadijavabastustest, mis v\u00f5ivad tunduda pehmed v\u00f5i n\u00f5uda liigset j\u00f5udu, pakub see mehaanilist tagasisidet, mis annab tulistajale t\u00e4ieliku kindluse, et laadija on edukalt v\u00e4lja visatud.<\/p>\n<h3>Peamised eelised:<\/h3>\n<ul>\n<li><strong>Kiiremad laadimised:<\/strong> Laiendatud ja suurendatud pind muudab vabastuse instinktiivse ja vaevata.<\/li>\n<li><strong>Kindel laadija asukoht:<\/strong> Projekteeritud hoidma laadijat kindlalt paigas ka kiire tule ja liikumise korral.<\/li>\n<li><strong>T\u00e4iustatud kontroll:<\/strong> V\u00e4hendab vajadust &#8220;murda&#8221; peamist haaramist, et nuppu k\u00e4tte saada, v\u00f5imaldades kiiret sihtm\u00e4rgi taaskolimist p\u00e4rast laadimist.<\/li>\n<li><strong>V\u00f5istluslinglik:<\/strong> Projekteeritud vastama enamiku tootmise ja standardse divisjoni seadmetes\u00e4tetele, pakkudes samas olulist ergonoomika eelist.<\/li>\n<\/ul>\n","protected":false},"excerpt":{"rendered":"<p>1100-01202-0900<\/p>\n","protected":false},"featured_media":25749,"template":"","meta":{"_acf_changed":false},"product_brand":[11497],"product_cat":[14021],"product_tag":[],"class_list":{"0":"post-692202","1":"product","2":"type-product","3":"status-publish","4":"has-post-thumbnail","6":"product_brand-kmr-precision","7":"product_cat-kmr-osad","9":"first","10":"instock","11":"taxable","12":"shipping-taxable","13":"product-type-simple"},"acf":[],"_links":{"self":[{"href":"https:\/\/nbg.eu\/et\/wp-json\/wp\/v2\/product\/692202","targetHints":{"allow":["GET"]}}],"collection":[{"href":"https:\/\/nbg.eu\/et\/wp-json\/wp\/v2\/product"}],"about":[{"href":"https:\/\/nbg.eu\/et\/wp-json\/wp\/v2\/types\/product"}],"wp:featuredmedia":[{"embeddable":true,"href":"https:\/\/nbg.eu\/et\/wp-json\/wp\/v2\/media\/25749"}],"wp:attachment":[{"href":"https:\/\/nbg.eu\/et\/wp-json\/wp\/v2\/media?parent=692202"}],"wp:term":[{"taxonomy":"product_brand","embeddable":true,"href":"https:\/\/nbg.eu\/et\/wp-json\/wp\/v2\/product_brand?post=692202"},{"taxonomy":"product_cat","embeddable":true,"href":"https:\/\/nbg.eu\/et\/wp-json\/wp\/v2\/product_cat?post=692202"},{"taxonomy":"product_tag","embeddable":true,"href":"https:\/\/nbg.eu\/et\/wp-json\/wp\/v2\/product_tag?post=692202"}],"curies":[{"name":"wp","href":"https:\/\/api.w.org\/{rel}","templated":true}]}}