{"id":692298,"date":"2025-05-21T16:01:25","date_gmt":"2025-05-21T13:01:25","guid":{"rendered":"https:\/\/nbg.eu\/product\/magazine-kmr-l-02-orca-cal-9x19-19-rnds\/"},"modified":"2026-05-13T15:09:56","modified_gmt":"2026-05-13T12:09:56","slug":"magazine-kmr-l-02-orca-cal-9x19-19-rnds","status":"publish","type":"product","link":"https:\/\/nbg.eu\/et\/toode\/magazine-kmr-l-02-orca-cal-9x19-19-rnds\/","title":{"rendered":"KMR Salv L-02 ORCA 9&#215;19 19 Padr."},"content":{"rendered":"<h2>AJAKIRI KMR L-02 ORCA cal. 9&#215;19 19 paani<\/h2>\n<p>Suurendage oma KMR L-02 ORCA p\u00fcstoli j\u00f5udlust selle suuremahudusliku ajakirjaga. 19 paani 9x19mm laskemoona mahutades tagab see t\u00f6\u00f6kindla toitmise ja sujuva t\u00f6\u00f6, tehes sellest teie relvale ideaalse lisandi. \u00dchilduv KMR L-02 EMIQ ja EMIQ (OR) mudelitega, on see ajakiri m\u00f6\u00f6dap\u00e4\u00e4smatu neile, kes otsivad suuremat mahutavust ja t\u00e4iustatud funktsionaalsust.<\/p>\n<p>Toote nr: 1152-02402-0001<\/p>\n<p>\u00dchilduv:<\/p>\n<ul>\n<li>KMR L-02 EMIQ<\/li>\n<li>KMR L-02 EMIQ (OR)<\/li>\n<li>KMR L-02 ORCA KUNI 2023<\/li>\n<\/ul>\n","protected":false},"excerpt":{"rendered":"<p>Suur mahtuvusega 19-salveline ajakiri KMR L-02 ORCA 9&#215;19 p\u00fcstolitele. Usaldusv\u00e4\u00e4rne toitmine ja sujuv t\u00f6\u00f6.<\/p>\n","protected":false},"featured_media":365239,"template":"","meta":{"_acf_changed":false},"product_brand":[11497],"product_cat":[14021,14017],"product_tag":[],"class_list":{"0":"post-692298","1":"product","2":"type-product","3":"status-publish","4":"has-post-thumbnail","6":"product_brand-kmr-precision","7":"product_cat-kmr-osad","8":"product_cat-puestoli-osad","10":"first","11":"instock","12":"taxable","13":"shipping-taxable","14":"product-type-simple"},"acf":[],"_links":{"self":[{"href":"https:\/\/nbg.eu\/et\/wp-json\/wp\/v2\/product\/692298","targetHints":{"allow":["GET"]}}],"collection":[{"href":"https:\/\/nbg.eu\/et\/wp-json\/wp\/v2\/product"}],"about":[{"href":"https:\/\/nbg.eu\/et\/wp-json\/wp\/v2\/types\/product"}],"wp:featuredmedia":[{"embeddable":true,"href":"https:\/\/nbg.eu\/et\/wp-json\/wp\/v2\/media\/365239"}],"wp:attachment":[{"href":"https:\/\/nbg.eu\/et\/wp-json\/wp\/v2\/media?parent=692298"}],"wp:term":[{"taxonomy":"product_brand","embeddable":true,"href":"https:\/\/nbg.eu\/et\/wp-json\/wp\/v2\/product_brand?post=692298"},{"taxonomy":"product_cat","embeddable":true,"href":"https:\/\/nbg.eu\/et\/wp-json\/wp\/v2\/product_cat?post=692298"},{"taxonomy":"product_tag","embeddable":true,"href":"https:\/\/nbg.eu\/et\/wp-json\/wp\/v2\/product_tag?post=692298"}],"curies":[{"name":"wp","href":"https:\/\/api.w.org\/{rel}","templated":true}]}}