{"id":692313,"date":"2025-05-20T23:13:22","date_gmt":"2025-05-20T20:13:22","guid":{"rendered":"https:\/\/nbg.eu\/product\/magazine-mec-gar-cal-9x19-17-rnds\/"},"modified":"2026-05-13T16:02:54","modified_gmt":"2026-05-13T13:02:54","slug":"magazine-mec-gar-cal-9x19-17-rnds","status":"publish","type":"product","link":"https:\/\/nbg.eu\/et\/toode\/magazine-mec-gar-cal-9x19-17-rnds\/","title":{"rendered":"KMR Salv MEC-GAR 9&#215;19 17 Padr."},"content":{"rendered":"<h2>AJAKIRI MEC-GAR kal. 9&#215;19 17 padrunit<\/h2>\n<p>Viide: 1152-01901-0000<\/p>\n<p>Suur mahutavusega 17-paunane ajakiri 9x19mm p\u00fcstolitele. \u00dchilduv erinevate KMR mudelitega, sealhulgas SPECTRA, UMBRA ja CUDA (2023 ja 2024 versioonid). Sobib ka CZ SHADOW 1, SHADOW 2 ja SP-01 p\u00fcstolitega. Usaldusv\u00e4\u00e4rne toitmine ja vastupidav konstruktsioon tagavad teie relvale optimaalse toimivuse.<\/p>\n","protected":false},"excerpt":{"rendered":"<p>Suure mahutavusega 9mm laskemoon KMR ja CZ p\u00fcstolitest. 17 lasku.<\/p>\n","protected":false},"featured_media":365187,"template":"","meta":{"_acf_changed":false},"product_brand":[11497],"product_cat":[14021,14017],"product_tag":[],"class_list":{"0":"post-692313","1":"product","2":"type-product","3":"status-publish","4":"has-post-thumbnail","6":"product_brand-kmr-precision","7":"product_cat-kmr-osad","8":"product_cat-puestoli-osad","10":"first","11":"instock","12":"taxable","13":"shipping-taxable","14":"product-type-simple"},"acf":[],"_links":{"self":[{"href":"https:\/\/nbg.eu\/et\/wp-json\/wp\/v2\/product\/692313","targetHints":{"allow":["GET"]}}],"collection":[{"href":"https:\/\/nbg.eu\/et\/wp-json\/wp\/v2\/product"}],"about":[{"href":"https:\/\/nbg.eu\/et\/wp-json\/wp\/v2\/types\/product"}],"wp:featuredmedia":[{"embeddable":true,"href":"https:\/\/nbg.eu\/et\/wp-json\/wp\/v2\/media\/365187"}],"wp:attachment":[{"href":"https:\/\/nbg.eu\/et\/wp-json\/wp\/v2\/media?parent=692313"}],"wp:term":[{"taxonomy":"product_brand","embeddable":true,"href":"https:\/\/nbg.eu\/et\/wp-json\/wp\/v2\/product_brand?post=692313"},{"taxonomy":"product_cat","embeddable":true,"href":"https:\/\/nbg.eu\/et\/wp-json\/wp\/v2\/product_cat?post=692313"},{"taxonomy":"product_tag","embeddable":true,"href":"https:\/\/nbg.eu\/et\/wp-json\/wp\/v2\/product_tag?post=692313"}],"curies":[{"name":"wp","href":"https:\/\/api.w.org\/{rel}","templated":true}]}}