{"id":692347,"date":"2024-08-18T11:13:19","date_gmt":"2024-08-18T08:13:19","guid":{"rendered":"https:\/\/nbg.eu\/product\/magwell-screw-m4x8-din-915-kmr\/"},"modified":"2026-05-13T15:11:13","modified_gmt":"2026-05-13T12:11:13","slug":"magwell-screw-m4x8-din-915-kmr","status":"publish","type":"product","link":"https:\/\/nbg.eu\/et\/toode\/magwell-screw-m4x8-din-915-kmr\/","title":{"rendered":"KMR Magwelli Kruvi M4x8 DIN 915"},"content":{"rendered":"<h2>Magwell kruvi M4X8 Din 915 KMR &#8211; Kindlad relvalisandid KMR mudelitele<\/h2>\n<p>Magwell kruvi on oluline komponent, et kinnitada lisavarustust ja tarvikuid kindlalt teie KMR relvadele.<\/p>\n<p>Valmistatud kvaliteetsetest materjalidest ja loodud taluma taktikalise kasutuse r\u00fcgamist, tagab Magwell kruvi kindla ja turvalise kinnituse, ennetades teie lisavarustuse l\u00f5tvumist v\u00f5i lahtitulemist kasutamise ajal. Selle M4x8 Din 915 keere pakub robustset ja t\u00f6\u00f6kindlat \u00fchendust, v\u00f5imaldades teil kindlalt paigaldada sihikuid, lasereid, valgusteid ja muud olulist varustust teie KMR platvormile.<\/p>\n<p>Magwell kruvi on h\u00e4davajalik tarvik, et t\u00f5hustada teie relvap\u00fc\u00fc\u00fcri funktsionaalsust ja kohandamist. Veenduge, et teie lisavarustus p\u00fcsib kindlalt paigas ja s\u00e4ilitab optimaalse j\u00f5udluse selle t\u00f6\u00f6kindla ja vastupidava kruviga.<\/p>\n","protected":false},"excerpt":{"rendered":"<p>Magwelli kruvi M4x8 Din 915 KMR L-02 EMIQ, ORCA mudelitele.<\/p>\n","protected":false},"featured_media":25425,"template":"","meta":{"_acf_changed":false},"product_brand":[11497],"product_cat":[14987,14041,14017],"product_tag":[],"class_list":{"0":"post-692347","1":"product","2":"type-product","3":"status-publish","4":"has-post-thumbnail","6":"product_brand-kmr-precision","7":"product_cat-pistol-magwells-et","8":"product_cat-puestol","9":"product_cat-puestoli-osad","11":"first","12":"instock","13":"taxable","14":"shipping-taxable","15":"product-type-simple"},"acf":[],"_links":{"self":[{"href":"https:\/\/nbg.eu\/et\/wp-json\/wp\/v2\/product\/692347","targetHints":{"allow":["GET"]}}],"collection":[{"href":"https:\/\/nbg.eu\/et\/wp-json\/wp\/v2\/product"}],"about":[{"href":"https:\/\/nbg.eu\/et\/wp-json\/wp\/v2\/types\/product"}],"wp:featuredmedia":[{"embeddable":true,"href":"https:\/\/nbg.eu\/et\/wp-json\/wp\/v2\/media\/25425"}],"wp:attachment":[{"href":"https:\/\/nbg.eu\/et\/wp-json\/wp\/v2\/media?parent=692347"}],"wp:term":[{"taxonomy":"product_brand","embeddable":true,"href":"https:\/\/nbg.eu\/et\/wp-json\/wp\/v2\/product_brand?post=692347"},{"taxonomy":"product_cat","embeddable":true,"href":"https:\/\/nbg.eu\/et\/wp-json\/wp\/v2\/product_cat?post=692347"},{"taxonomy":"product_tag","embeddable":true,"href":"https:\/\/nbg.eu\/et\/wp-json\/wp\/v2\/product_tag?post=692347"}],"curies":[{"name":"wp","href":"https:\/\/api.w.org\/{rel}","templated":true}]}}