{"id":692367,"date":"2024-08-17T15:42:34","date_gmt":"2024-08-17T12:42:34","guid":{"rendered":"https:\/\/nbg.eu\/product\/magwell-kmr-l-02-alu-brass\/"},"modified":"2026-05-13T15:10:44","modified_gmt":"2026-05-13T12:10:44","slug":"magwell-kmr-l-02-alu-brass","status":"publish","type":"product","link":"https:\/\/nbg.eu\/et\/toode\/magwell-kmr-l-02-alu-brass\/","title":{"rendered":"KMR Magwell L-02 Messingist"},"content":{"rendered":"<h2>Magwell KMR L-02 Brass: T\u00e4ppisp\u00fcssile m\u00f5eldud t\u00e4iendus KMR platvormidele<\/h2>\n<p>Tutvustame Magwell KMR L-02 Brass&#8217;i, kvaliteetset toodet, mis on m\u00f5eldud teie KMR-\u00fchilduvate relvade j\u00f5udluse ja funktsionaalsuse parandamiseks. T\u00e4pselt ja hoolega disainitud, on see messingist element loodud KMR platvormiga sujuvalt liituma, pakkudes stiilset ja vastupidavat t\u00e4iendust.<\/p>\n<p>K\u00f5rgekvaliteedilisest messingist valmistatud Magwell KMR L-02 Brass pakub erakordset vastupidavust ja eksklusiivset v\u00e4limust, mis t\u00f5stab teie relva v\u00e4limust. Selle stiilne kujundus ja sujuv integratsioon tagavad vaid kergelt m\u00e4rgatava t\u00e4ienduse, v\u00f5imaldades teil s\u00e4ilitada j\u00f5udluse ja k\u00e4sitsemise, millele olete KMR platvormilt harjunud.<\/p>\n<p>Relvad KMR<\/p>\n<p>KMR L-02 EMIQ<\/p>\n<p>KMR L-02 EMIQ (OR)<\/p>\n<p>KMR L-02 ORCA KUNI 2023<\/p>\n<p>KMR L-02 SPECTRA KUNI 2023<\/p>\n<p>Viide 0531-01101-0316<\/p>\n","protected":false},"excerpt":{"rendered":"<p>Relvade jaoks KMR L-02 messinguline magwell<\/p>\n","protected":false},"featured_media":720246,"template":"","meta":{"_acf_changed":false},"product_brand":[11497],"product_cat":[14987,14041,14017],"product_tag":[],"class_list":{"0":"post-692367","1":"product","2":"type-product","3":"status-publish","4":"has-post-thumbnail","6":"product_brand-kmr-precision","7":"product_cat-pistol-magwells-et","8":"product_cat-puestol","9":"product_cat-puestoli-osad","11":"first","12":"outofstock","13":"taxable","14":"shipping-taxable","15":"product-type-simple"},"acf":[],"_links":{"self":[{"href":"https:\/\/nbg.eu\/et\/wp-json\/wp\/v2\/product\/692367","targetHints":{"allow":["GET"]}}],"collection":[{"href":"https:\/\/nbg.eu\/et\/wp-json\/wp\/v2\/product"}],"about":[{"href":"https:\/\/nbg.eu\/et\/wp-json\/wp\/v2\/types\/product"}],"wp:featuredmedia":[{"embeddable":true,"href":"https:\/\/nbg.eu\/et\/wp-json\/wp\/v2\/media\/720246"}],"wp:attachment":[{"href":"https:\/\/nbg.eu\/et\/wp-json\/wp\/v2\/media?parent=692367"}],"wp:term":[{"taxonomy":"product_brand","embeddable":true,"href":"https:\/\/nbg.eu\/et\/wp-json\/wp\/v2\/product_brand?post=692367"},{"taxonomy":"product_cat","embeddable":true,"href":"https:\/\/nbg.eu\/et\/wp-json\/wp\/v2\/product_cat?post=692367"},{"taxonomy":"product_tag","embeddable":true,"href":"https:\/\/nbg.eu\/et\/wp-json\/wp\/v2\/product_tag?post=692367"}],"curies":[{"name":"wp","href":"https:\/\/api.w.org\/{rel}","templated":true}]}}