{"id":692386,"date":"2024-08-18T11:19:05","date_gmt":"2024-08-18T08:19:05","guid":{"rendered":"https:\/\/nbg.eu\/product\/mag-release-button-screw-m3x6-iso-14581-kmr\/"},"modified":"2026-05-13T16:03:49","modified_gmt":"2026-05-13T13:03:49","slug":"mag-release-button-screw-m3x6-iso-14581-kmr","status":"publish","type":"product","link":"https:\/\/nbg.eu\/et\/toode\/mag-release-button-screw-m3x6-iso-14581-kmr\/","title":{"rendered":"KMR Salve Vabastusnupu Kruvi M3x6 ISO 14581"},"content":{"rendered":"<h2>Mag Release Button Screw M3X6 Iso 14581 KMR<\/h2>\n<p>See m3x6 kruvi, mis vastab ISO 14581 standardile, on oluline komponent paljude KMR relvade jaoks. See kruvi tagab kindla ja usaldusv\u00e4\u00e4rse \u00fchenduse laskurluugi nupuga, v\u00f5imaldades relva sujuvat kasutamist ja hooldust. Selle tarviku m3x6 suurus teeb sellest h\u00e4davajaliku osa KMR-i \u00fchilduvate relvade hooldamisel ja uuendamisel.<\/p>\n<p>Relvad KMR<\/p>\n<p>KMR L-02 EMIQ<\/p>\n<p>KMR L-02 EMIQ (OR)<\/p>\n<p>KMR L-02 ORCA ALATES 2024<\/p>\n<p>KMR L-02 ORCA KUNI 2023<\/p>\n<p>KMR L-02 SPECTRA ALATES 2024<\/p>\n<p>KMR L-02 SPECTRA KUNI 2023<\/p>\n<p>KMR L-02 UMBRA (OR) SR<\/p>\n<p>KMR S-01 LANCE (OR)<\/p>\n<p>KMR S-02 ALATES 2024<\/p>\n<p>KMR S-02 KUNI 2023<\/p>\n<p>KMR W-02 CUDA (OR)<\/p>\n<p>KMR W-02 UMBRA<\/p>\n<p>KMR W-02 UMBRA (OR<\/p>\n","protected":false},"excerpt":{"rendered":"<p>Laske vabastamise nupu kruvi M3X6 Iso 14581 KMR erinevatele KMR relvadele.<\/p>\n","protected":false},"featured_media":25472,"template":"","meta":{"_acf_changed":false},"product_brand":[11497],"product_cat":[14021],"product_tag":[],"class_list":{"0":"post-692386","1":"product","2":"type-product","3":"status-publish","4":"has-post-thumbnail","6":"product_brand-kmr-precision","7":"product_cat-kmr-osad","9":"first","10":"instock","11":"taxable","12":"shipping-taxable","13":"product-type-simple"},"acf":[],"_links":{"self":[{"href":"https:\/\/nbg.eu\/et\/wp-json\/wp\/v2\/product\/692386","targetHints":{"allow":["GET"]}}],"collection":[{"href":"https:\/\/nbg.eu\/et\/wp-json\/wp\/v2\/product"}],"about":[{"href":"https:\/\/nbg.eu\/et\/wp-json\/wp\/v2\/types\/product"}],"wp:featuredmedia":[{"embeddable":true,"href":"https:\/\/nbg.eu\/et\/wp-json\/wp\/v2\/media\/25472"}],"wp:attachment":[{"href":"https:\/\/nbg.eu\/et\/wp-json\/wp\/v2\/media?parent=692386"}],"wp:term":[{"taxonomy":"product_brand","embeddable":true,"href":"https:\/\/nbg.eu\/et\/wp-json\/wp\/v2\/product_brand?post=692386"},{"taxonomy":"product_cat","embeddable":true,"href":"https:\/\/nbg.eu\/et\/wp-json\/wp\/v2\/product_cat?post=692386"},{"taxonomy":"product_tag","embeddable":true,"href":"https:\/\/nbg.eu\/et\/wp-json\/wp\/v2\/product_tag?post=692386"}],"curies":[{"name":"wp","href":"https:\/\/api.w.org\/{rel}","templated":true}]}}