{"id":692556,"date":"2024-08-17T14:54:00","date_gmt":"2024-08-17T11:54:00","guid":{"rendered":"https:\/\/nbg.eu\/product\/mag-release-button-wide-kmr-alu-black\/"},"modified":"2026-05-13T15:58:16","modified_gmt":"2026-05-13T12:58:16","slug":"mag-release-button-wide-kmr-alu-black","status":"publish","type":"product","link":"https:\/\/nbg.eu\/et\/toode\/mag-release-button-wide-kmr-alu-black\/","title":{"rendered":"KMR Salve Vabastusnupp Lai ALU Must"},"content":{"rendered":"<h2>Mag Release Button Wide \u2013 KMR Alumiinium, Must<\/h2>\n<p>Vabastage v\u00e4lgukiiruses ajakirjade muudatused Mag Release Button Wide&#8217;iga KMR Alumiiniumist. Valmistatud kergest, lennukikvaliteedi alumiiniumist ja suure kontaktpinnaga, tagab see ajakirja vabastuse nupp teie p\u00f6idla jaoks positiivse aktiveerimise isegi k\u00f5ige n\u00f5udlikumates tingimustes.<\/p>\n<p>Agressiivne, libisemist takistav tekstuur pakub kindlat haaret, samal ajal kui matu must anodeeritud viimistlus tagab minimalistliku, taktikap\u00e4rase v\u00e4limuse. M\u00f5eldud minimeerimaks \u00fcleminekuaegu v\u00f5istluslikuks IPSC\/USPSA laskmiseks, v\u00f5imaldab lai profiil laskel vahetada ajakirju ilma oma peamist haaret muutmata, parandades oluliselt laadimiset kiirust.<\/p>\n<p>Olenemata sellest, kas te treenite v\u00f5istluseks v\u00f5i lihvite oma kaitsev\u00f5imeid, on Mag Release Button Wide KMR Alumiiniumist t\u00e4iuslik t\u00e4iendus teie relvale, pakkudes parandatud ergonoomiat ja enneolematut toimivust just sel hetkel kui see k\u00f5ige rohkem loeb.<\/p>\n","protected":false},"excerpt":{"rendered":"<p>Tavalisest suurem laadimisnupp, mis v\u00f5imaldab pikselkiireid laskemoona vahetusi.<\/p>\n","protected":false},"featured_media":23845,"template":"","meta":{"_acf_changed":false},"product_brand":[11497],"product_cat":[14021],"product_tag":[],"class_list":{"0":"post-692556","1":"product","2":"type-product","3":"status-publish","4":"has-post-thumbnail","6":"product_brand-kmr-precision","7":"product_cat-kmr-osad","9":"first","10":"instock","11":"taxable","12":"shipping-taxable","13":"product-type-simple"},"acf":[],"_links":{"self":[{"href":"https:\/\/nbg.eu\/et\/wp-json\/wp\/v2\/product\/692556","targetHints":{"allow":["GET"]}}],"collection":[{"href":"https:\/\/nbg.eu\/et\/wp-json\/wp\/v2\/product"}],"about":[{"href":"https:\/\/nbg.eu\/et\/wp-json\/wp\/v2\/types\/product"}],"wp:featuredmedia":[{"embeddable":true,"href":"https:\/\/nbg.eu\/et\/wp-json\/wp\/v2\/media\/23845"}],"wp:attachment":[{"href":"https:\/\/nbg.eu\/et\/wp-json\/wp\/v2\/media?parent=692556"}],"wp:term":[{"taxonomy":"product_brand","embeddable":true,"href":"https:\/\/nbg.eu\/et\/wp-json\/wp\/v2\/product_brand?post=692556"},{"taxonomy":"product_cat","embeddable":true,"href":"https:\/\/nbg.eu\/et\/wp-json\/wp\/v2\/product_cat?post=692556"},{"taxonomy":"product_tag","embeddable":true,"href":"https:\/\/nbg.eu\/et\/wp-json\/wp\/v2\/product_tag?post=692556"}],"curies":[{"name":"wp","href":"https:\/\/api.w.org\/{rel}","templated":true}]}}