{"id":692627,"date":"2025-03-07T13:29:53","date_gmt":"2025-03-07T10:29:53","guid":{"rendered":"https:\/\/nbg.eu\/product\/nitehog-18650-rechargeable-battery\/"},"modified":"2026-05-13T16:02:19","modified_gmt":"2026-05-13T13:02:19","slug":"nitehog-18650-rechargeable-battery","status":"publish","type":"product","link":"https:\/\/nbg.eu\/et\/toode\/nitehog-18650-rechargeable-battery\/","title":{"rendered":"Nitehog 18650 Rechargeable Battery"},"content":{"rendered":"<h2>Nitehog 18650 laetav liitiumioon-aku: usaldusv\u00e4\u00e4rne toide termopildistamisele ja \u00f6\u00f6n\u00e4gemisele<\/h2>\n<p>Avage oma Nitehogi termiliste optika\u00fcksuste ja \u00f6\u00f6n\u00e4gemisseadmete t\u00e4ielik potentsiaal Nitehog 18650 laetava liitiumioon-akuga. Selle akuga, mille t\u00fc\u00fcpiline mahtuvus on 3500mAh, saate kasutada j\u00e4rjekindlat, suure vooluga t\u00fchjenemist, mis on vajalik arenenud digitaalsete andurite ja termalituumade jaoks.<\/p>\n<p>Optimaalseks j\u00f5udluseks on Nitehog 18650 aku disainitud nimipingega 3,7 V ja integreeritud kaitsevooluringiga (PCB), et v\u00e4ltida \u00fclelaadimist ja s\u00fcgavat t\u00fchjenemist. See kaitses\u00fcsteem tagab maksimaalse kasutusea ja ohutuse, v\u00f5imaldades teil usaldada seda toiteallikat pikkadel \u00f6istel jahtimissessioonidel v\u00f5i taktikalistes operatsioonides.<\/p>\n<p>Olenemata sellest, kas te j\u00e4litate saaki looduses v\u00f5i viite l\u00e4bi varjatud operatsioone, pakub Nitehog 18650 laetav aku teie seadmete n\u00f5utud usaldusv\u00e4\u00e4rselt suure j\u00f5udlusega toite. Kogege katkematut j\u00f5udlust ja kindlustunnet, mis tuleb kaitstud disainist, tehes sellest t\u00e4iusliku kaaslase teie Nitehog termopildi- ja \u00f6\u00f6n\u00e4gemisvarustusele.<\/p>\n","protected":false},"excerpt":{"rendered":"<p>Nitehog 18650 laetav liitium-ioonaku: suure mahuga, usaldusv\u00e4\u00e4rne toide termilistele\/\u00f6\u00f6visiooniseadmetele.<\/p>\n","protected":false},"featured_media":246174,"template":"","meta":{"_acf_changed":false},"product_brand":[11593],"product_cat":[14082,14047,14022,14042],"product_tag":[],"class_list":{"0":"post-692627","1":"product","2":"type-product","3":"status-publish","4":"has-post-thumbnail","6":"product_brand-nitehog","7":"product_cat-patareid","8":"product_cat-sihtimisvahendid","9":"product_cat-sihtimisviir","10":"product_cat-soojuskiir","12":"first","13":"instock","14":"taxable","15":"shipping-taxable","16":"purchasable","17":"product-type-simple"},"acf":[],"_links":{"self":[{"href":"https:\/\/nbg.eu\/et\/wp-json\/wp\/v2\/product\/692627","targetHints":{"allow":["GET"]}}],"collection":[{"href":"https:\/\/nbg.eu\/et\/wp-json\/wp\/v2\/product"}],"about":[{"href":"https:\/\/nbg.eu\/et\/wp-json\/wp\/v2\/types\/product"}],"wp:featuredmedia":[{"embeddable":true,"href":"https:\/\/nbg.eu\/et\/wp-json\/wp\/v2\/media\/246174"}],"wp:attachment":[{"href":"https:\/\/nbg.eu\/et\/wp-json\/wp\/v2\/media?parent=692627"}],"wp:term":[{"taxonomy":"product_brand","embeddable":true,"href":"https:\/\/nbg.eu\/et\/wp-json\/wp\/v2\/product_brand?post=692627"},{"taxonomy":"product_cat","embeddable":true,"href":"https:\/\/nbg.eu\/et\/wp-json\/wp\/v2\/product_cat?post=692627"},{"taxonomy":"product_tag","embeddable":true,"href":"https:\/\/nbg.eu\/et\/wp-json\/wp\/v2\/product_tag?post=692627"}],"curies":[{"name":"wp","href":"https:\/\/api.w.org\/{rel}","templated":true}]}}