{"id":692654,"date":"2024-08-17T14:49:07","date_gmt":"2024-08-17T11:49:07","guid":{"rendered":"https:\/\/nbg.eu\/product\/mounting-kit-for-l-02-w-02-steel-black\/"},"modified":"2026-05-13T16:01:41","modified_gmt":"2026-05-13T13:01:41","slug":"mounting-kit-for-l-02-w-02-steel-black","status":"publish","type":"product","link":"https:\/\/nbg.eu\/et\/toode\/mounting-kit-for-l-02-w-02-steel-black\/","title":{"rendered":"KMR Paigalduskomplekt for L-02, W-02 Teras Must"},"content":{"rendered":"<h2>KMR Optic Ready (OR) Monteerimisvahendid \u2013 teras, must<\/h2>\n<p>T\u00f5stke oma L-02 ja W-02 KMR platvorme KMR Optic Ready (OR) Monteerimisvahendite abil. See monteerimislahendus on valmistatud k\u00f5rge tugevusega terasest ja tagab teie optika nulli p\u00fcsimise isegi konkurentsiv\u00f5imelise laskmise t\u00f5siste tagasil\u00f6\u00f6gij\u00f5udude all.<\/p>\n<p>Mudeli spetsiifilise jalaj\u00e4ljega OR Monteerimisvahendid on loodud kindlalt sobima Trijicon RMR, Leupold DeltaPoint Pro v\u00f5i Shield optikaga, pakkudes teie vaatlusvahendile tugevat alust. Erinevalt tavalistest alumiiniumplaatidest takistab terasekonstruktsioon keermete keerlemist ja s\u00e4ilitab t\u00e4iusliku sobivuse L-02 ja W-02 Optic Ready liugudele, kaitstes teie investeeringut.<\/p>\n<p>Musta mattkattega, korrosioonikindlas viimistluses see monteerimiskomplekt ei ole mitte ainult stiilne, vaid vastupidab ka ilmastikule, tagades usaldusv\u00e4\u00e4rsed j\u00f5udluse k\u00f5igis tingimustes. Uuendage oma KMR platvormi KMR Optic Ready (OR) Monteerimisvahendite komplektiga \u2013 see on parim lahendus suure kestvusega optika integreerimiseks.<\/p>\n","protected":false},"excerpt":{"rendered":"<p>K\u00f5rge tugevusega terasest monteerimiskomplekt optilistele seadmetele L-02 ja W-02 KMR.<\/p>\n","protected":false},"featured_media":30364,"template":"","meta":{"_acf_changed":false},"product_brand":[],"product_cat":[14021,14017,14053,14919],"product_tag":[],"class_list":{"0":"post-692654","1":"product","2":"type-product","3":"status-publish","4":"has-post-thumbnail","6":"product_cat-kmr-osad","7":"product_cat-puestoli-osad","8":"product_cat-puestolipunktsihtijad","9":"product_cat-red-dot-sights-mounts-et","11":"first","12":"instock","13":"taxable","14":"shipping-taxable","15":"purchasable","16":"product-type-variable","17":"wvs-archive-product-wrapper"},"acf":[],"_links":{"self":[{"href":"https:\/\/nbg.eu\/et\/wp-json\/wp\/v2\/product\/692654","targetHints":{"allow":["GET"]}}],"collection":[{"href":"https:\/\/nbg.eu\/et\/wp-json\/wp\/v2\/product"}],"about":[{"href":"https:\/\/nbg.eu\/et\/wp-json\/wp\/v2\/types\/product"}],"wp:featuredmedia":[{"embeddable":true,"href":"https:\/\/nbg.eu\/et\/wp-json\/wp\/v2\/media\/30364"}],"wp:attachment":[{"href":"https:\/\/nbg.eu\/et\/wp-json\/wp\/v2\/media?parent=692654"}],"wp:term":[{"taxonomy":"product_brand","embeddable":true,"href":"https:\/\/nbg.eu\/et\/wp-json\/wp\/v2\/product_brand?post=692654"},{"taxonomy":"product_cat","embeddable":true,"href":"https:\/\/nbg.eu\/et\/wp-json\/wp\/v2\/product_cat?post=692654"},{"taxonomy":"product_tag","embeddable":true,"href":"https:\/\/nbg.eu\/et\/wp-json\/wp\/v2\/product_tag?post=692654"}],"curies":[{"name":"wp","href":"https:\/\/api.w.org\/{rel}","templated":true}]}}