{"id":692949,"date":"2024-11-02T11:43:26","date_gmt":"2024-11-02T08:43:26","guid":{"rendered":"https:\/\/nbg.eu\/product\/norma-308-win-whitetail-150gr-soft-point-hunting-ammo\/"},"modified":"2026-05-13T16:03:40","modified_gmt":"2026-05-13T13:03:40","slug":"norma-308-win-whitetail-150gr-soft-point-hunting-ammo","status":"publish","type":"product","link":"https:\/\/nbg.eu\/et\/toode\/norma-308-win-whitetail-150gr-soft-point-hunting-ammo\/","title":{"rendered":"NORMA .308 Win Whitetail 150gr Soft Point Hunting Ammo"},"content":{"rendered":"<div class=\"product-description\">\n<h2>NORMA cal. .308 Win SP Whitetail 9.7g\/150gr<\/h2>\n<p>Koge t\u00e4psuse ja j\u00f5udlusega NORMA .308 Win SP Whitetail laskemoon. See 150gr (9.7g) pehme tipp kuul pakub:<\/p>\n<ul>\n<li>Suurep\u00e4rast t\u00e4psust hirve- ja suure uluki k\u00fcttimiseks<\/li>\n<li>Lameda p\u00f5hjakujuga disain stabiilseks j\u00f5udluseks<\/li>\n<li>Paljastatud plii otsaga kiire laienemise jaoks<\/li>\n<li>S\u00fcgavat tungimisv\u00f5imet ja t\u00f5husat energia\u00fclekandmist<\/li>\n<\/ul>\n<h3>V\u00f5tmen\u00e4itajad:<\/h3>\n<ul>\n<li>Toote number: 20177382<\/li>\n<li>Kaliibber: .308 Win<\/li>\n<li>Kaal: 9.7g\/150gr<\/li>\n<li>Ballistiline tegur (G1): 0.274<\/li>\n<li>Suudmekiirus (V0): 850 m\/s<\/li>\n<\/ul>\n<p>Toodetud Rootsi \u00c5motforsis NORMA tuntud t\u00e4psuse ja kvaliteetse metallkehtaga, see laskemoon tagab suurep\u00e4rase \u00fchtluse ja suurep\u00e4rase uuesti laadimise.<\/p>\n<\/div>\n<div class=\"panel panel--no-padding\">\n<div class=\"panel__inner\">\n<table class=\"ballistic-table\">\n<thead>\n<tr>\n<th scope=\"col\"><\/th>\n<th scope=\"col\">50yds<\/th>\n<th scope=\"col\">75yds<\/th>\n<th scope=\"col\">100yds<\/th>\n<th scope=\"col\">150yds<\/th>\n<th scope=\"col\">200yds<\/th>\n<th scope=\"col\">300yds<\/th>\n<\/tr>\n<\/thead>\n<tbody>\n<tr>\n<th scope=\"row\">50<\/th>\n<td><\/td>\n<td>0<\/td>\n<td>0.4<\/td>\n<td>-0.7<\/td>\n<td>-3.3<\/td>\n<td>-14.4<\/td>\n<\/tr>\n<tr>\n<th scope=\"row\">100<\/th>\n<td>-0.2<\/td>\n<td>&#8211;<\/td>\n<td><\/td>\n<td>-1.2<\/td>\n<td>-4<\/td>\n<td>-15.5<\/td>\n<\/tr>\n<tr>\n<th scope=\"row\">150<\/th>\n<td>0.2<\/td>\n<td>&#8211;<\/td>\n<td>0.8<\/td>\n<td><\/td>\n<td>-2.4<\/td>\n<td>-13<\/td>\n<\/tr>\n<tr>\n<th scope=\"row\">200<\/th>\n<td>0.8<\/td>\n<td>&#8211;<\/td>\n<td>2<\/td>\n<td>1.8<\/td>\n<td><\/td>\n<td>-9.4<\/td>\n<\/tr>\n<\/tbody>\n<\/table>\n<\/div>\n<\/div>\n","protected":false},"excerpt":{"rendered":"<p>NORMA .308 Win SP Whitetail: T\u00e4pne, v\u00f5imas metskitse jahipadrun.<\/p>\n","protected":false},"featured_media":76623,"template":"","meta":{"_acf_changed":false},"product_brand":[14479],"product_cat":[14074],"product_tag":[],"class_list":{"0":"post-692949","1":"product","2":"type-product","3":"status-publish","4":"has-post-thumbnail","6":"product_brand-norma-precision","7":"product_cat-laskemoon","9":"first","10":"instock","11":"taxable","12":"shipping-taxable","13":"purchasable","14":"product-type-simple"},"acf":[],"_links":{"self":[{"href":"https:\/\/nbg.eu\/et\/wp-json\/wp\/v2\/product\/692949","targetHints":{"allow":["GET"]}}],"collection":[{"href":"https:\/\/nbg.eu\/et\/wp-json\/wp\/v2\/product"}],"about":[{"href":"https:\/\/nbg.eu\/et\/wp-json\/wp\/v2\/types\/product"}],"wp:featuredmedia":[{"embeddable":true,"href":"https:\/\/nbg.eu\/et\/wp-json\/wp\/v2\/media\/76623"}],"wp:attachment":[{"href":"https:\/\/nbg.eu\/et\/wp-json\/wp\/v2\/media?parent=692949"}],"wp:term":[{"taxonomy":"product_brand","embeddable":true,"href":"https:\/\/nbg.eu\/et\/wp-json\/wp\/v2\/product_brand?post=692949"},{"taxonomy":"product_cat","embeddable":true,"href":"https:\/\/nbg.eu\/et\/wp-json\/wp\/v2\/product_cat?post=692949"},{"taxonomy":"product_tag","embeddable":true,"href":"https:\/\/nbg.eu\/et\/wp-json\/wp\/v2\/product_tag?post=692949"}],"curies":[{"name":"wp","href":"https:\/\/api.w.org\/{rel}","templated":true}]}}