{"id":693035,"date":"2024-08-18T11:11:47","date_gmt":"2024-08-18T08:11:47","guid":{"rendered":"https:\/\/nbg.eu\/product\/or-plate-screw-m4x6-din-965-kmr\/"},"modified":"2026-05-13T16:00:58","modified_gmt":"2026-05-13T13:00:58","slug":"or-plate-screw-m4x6-din-965-kmr","status":"publish","type":"product","link":"https:\/\/nbg.eu\/et\/toode\/or-plate-screw-m4x6-din-965-kmr\/","title":{"rendered":"KMR OR Plaadi Kruvi M4x6 DIN 965"},"content":{"rendered":"<h2>OR Plate Screw M4X6 Din 965 KMR: Kinnitage oma relvade tarvikuid t\u00e4psusega<\/h2>\n<p>See kruvi on mitmek\u00fclgne ja usaldusv\u00e4\u00e4rne kinnitus, mis on m\u00f5eldud kasutamiseks erinevate KMR-relvade tarvikutega. Valmistatud t\u00e4psusega ja vastupidavusega, on see kruvi ideaalne lahendus teie olulise varustuse kindlaks kinnitamiseks KMR-\u00fchilduvatele tulirelvadele.<\/p>\n<p>Loodud range plaadikruvi pakub erakordset tugevust ja usaldusv\u00e4\u00e4rsust, tagades, et teie tarvikud j\u00e4\u00e4vad ka k\u00f5ige n\u00f5udlikumates olukordades kindlalt oma kohale. Oma M4 keermega ja 6 mm pikkusega pakub see kruvi kindlat ja t\u00e4pset sobivust, v\u00f5imaldades teil oma varustust paigaldada kindlustundega.<\/p>\n<p>Olenemata sellest, kas te uuendate oma taktikalist varustust, vahetate kulunud komponente v\u00f5i ehitate uue seadistuse, on see teie KMR-\u00fchilduvate tarvikute usaldusv\u00e4\u00e4rseks ja kindlaks kinnitamiseks parim valik.<\/p>\n<p>Relvadele KMR:<\/p>\n<p>KMR L-02 EMIQ (OR)<\/p>\n<p>KMR L-02 SPECTRA kuni 2023<\/p>\n<p>KMR L-02 UMBRA (OR) SR<\/p>\n<p>KMR W-02 CUDA (OR)<\/p>\n<p>KMR W-02 UMBRA (OR)<\/p>\n","protected":false},"excerpt":{"rendered":"<p>M4x6 DIN 965 plaatpruun KMR L-02 EMIQ, SPECTRA, UMBRA SR ja KMR W-02 CUDA, UMBRA jaoks.<\/p>\n","protected":false},"featured_media":25356,"template":"","meta":{"_acf_changed":false},"product_brand":[11497],"product_cat":[14021],"product_tag":[],"class_list":{"0":"post-693035","1":"product","2":"type-product","3":"status-publish","4":"has-post-thumbnail","6":"product_brand-kmr-precision","7":"product_cat-kmr-osad","9":"first","10":"instock","11":"taxable","12":"shipping-taxable","13":"product-type-simple"},"acf":[],"_links":{"self":[{"href":"https:\/\/nbg.eu\/et\/wp-json\/wp\/v2\/product\/693035","targetHints":{"allow":["GET"]}}],"collection":[{"href":"https:\/\/nbg.eu\/et\/wp-json\/wp\/v2\/product"}],"about":[{"href":"https:\/\/nbg.eu\/et\/wp-json\/wp\/v2\/types\/product"}],"wp:featuredmedia":[{"embeddable":true,"href":"https:\/\/nbg.eu\/et\/wp-json\/wp\/v2\/media\/25356"}],"wp:attachment":[{"href":"https:\/\/nbg.eu\/et\/wp-json\/wp\/v2\/media?parent=693035"}],"wp:term":[{"taxonomy":"product_brand","embeddable":true,"href":"https:\/\/nbg.eu\/et\/wp-json\/wp\/v2\/product_brand?post=693035"},{"taxonomy":"product_cat","embeddable":true,"href":"https:\/\/nbg.eu\/et\/wp-json\/wp\/v2\/product_cat?post=693035"},{"taxonomy":"product_tag","embeddable":true,"href":"https:\/\/nbg.eu\/et\/wp-json\/wp\/v2\/product_tag?post=693035"}],"curies":[{"name":"wp","href":"https:\/\/api.w.org\/{rel}","templated":true}]}}