{"id":693519,"date":"2024-08-16T21:03:31","date_gmt":"2024-08-16T18:03:31","guid":{"rendered":"https:\/\/nbg.eu\/product\/rhh-leg-strap\/"},"modified":"2026-05-13T16:03:28","modified_gmt":"2026-05-13T13:03:28","slug":"rhh-leg-strap","status":"publish","type":"product","link":"https:\/\/nbg.eu\/et\/toode\/rhh-leg-strap\/","title":{"rendered":"RHH Leg Strap"},"content":{"rendered":"<h2>RHH s\u00e4\u00e4relink: T\u00e4iustatud holstri stabiilsus d\u00fcnaamiliste tegevuste jaoks<\/h2>\n<p>RHH s\u00e4\u00e4relink on mitmek\u00fclgne lisatarvik, mis on loodud tagama erakordset stabiilsust ja liikumise v\u00e4hendamist s\u00fclev\u00e4lise v\u00f5i keskse holstri jaoks d\u00fcnaamiliste tegevuste ajal. See on valmistatud vastupidavast elastsest nailonlintmaterjalist ja sellel on k\u00f5rge l\u00f6\u00f6gikindlusega pol\u00fcmeerpragu, mis tagab reguleeritava ja mugava sobituse teie reie \u00fcmber.<\/p>\n<p>L\u00f5imisse p\u00f5imitud libisemiskindel kummiline \u00f5mblus lisab haardepinna, v\u00e4hendades t\u00f5husalt &#8220;holsteri kiikumist&#8221;, mis v\u00f5ib esineda jooksmise, p\u00f5lvitamise v\u00f5i muude intensiivsete liigutuste ajal. Elastne ehitus v\u00f5imaldab rihmil teie jalalihastega laieneda ja kokku t\u00f5mbuda, hoides holstrit \u00fchtlases asendis usaldusv\u00e4\u00e4rseks ja takistamata t\u00f5mbeks.<\/p>\n<p>Olenemata sellest, kas olete teenistuskohustusi t\u00e4itev politseinik, v\u00f5istlev laskesuusataja v\u00f5i aktiivne v\u00e4lismaastiku k\u00fclastaja, on RHH s\u00e4\u00e4relink ideaalne lahendus, mis hoiab teie holstri kindlalt oma kohal, takistamata teie liikumisulatust ega verevarustust. Kogege holstri parandatud stabiilsust ja kindlust oma varustuses, isegi k\u00f5ige n\u00f5udlikumates olukordades.<\/p>\n","protected":false},"excerpt":{"rendered":"<p>Kindlustage oma hoidik RHH puusarihma tugeva elastse nailoni ja libisemiskindla disaini abil.<\/p>\n","protected":false},"featured_media":0,"template":"","meta":{"_acf_changed":false},"product_brand":[11636],"product_cat":[14052],"product_tag":[],"class_list":{"0":"post-693519","1":"product","2":"type-product","3":"status-publish","5":"product_brand-rh-holsters","6":"product_cat-koobritarvikud","8":"first","9":"instock","10":"taxable","11":"shipping-taxable","12":"purchasable","13":"product-type-simple"},"acf":[],"_links":{"self":[{"href":"https:\/\/nbg.eu\/et\/wp-json\/wp\/v2\/product\/693519","targetHints":{"allow":["GET"]}}],"collection":[{"href":"https:\/\/nbg.eu\/et\/wp-json\/wp\/v2\/product"}],"about":[{"href":"https:\/\/nbg.eu\/et\/wp-json\/wp\/v2\/types\/product"}],"wp:attachment":[{"href":"https:\/\/nbg.eu\/et\/wp-json\/wp\/v2\/media?parent=693519"}],"wp:term":[{"taxonomy":"product_brand","embeddable":true,"href":"https:\/\/nbg.eu\/et\/wp-json\/wp\/v2\/product_brand?post=693519"},{"taxonomy":"product_cat","embeddable":true,"href":"https:\/\/nbg.eu\/et\/wp-json\/wp\/v2\/product_cat?post=693519"},{"taxonomy":"product_tag","embeddable":true,"href":"https:\/\/nbg.eu\/et\/wp-json\/wp\/v2\/product_tag?post=693519"}],"curies":[{"name":"wp","href":"https:\/\/api.w.org\/{rel}","templated":true}]}}