{"id":694135,"date":"2024-08-17T18:11:52","date_gmt":"2024-08-17T15:11:52","guid":{"rendered":"https:\/\/nbg.eu\/product\/safety-detent-plunger-spring-kmr\/"},"modified":"2026-05-13T16:03:31","modified_gmt":"2026-05-13T13:03:31","slug":"safety-detent-plunger-spring-kmr","status":"publish","type":"product","link":"https:\/\/nbg.eu\/et\/toode\/safety-detent-plunger-spring-kmr\/","title":{"rendered":"KMR Ohutusn\u00f5ela Vedru"},"content":{"rendered":"<h2>Ohutusdetendi Plunger&#8217;i vedru KMR<\/h2>\n<p>Tagab relva t\u00f6\u00f6kindla ja kindla j\u00f5udluse Ohutusdetendi Plunger&#8217;i vedru KMR-iga.<\/p>\n<p>Valmistatud t\u00e4psusele ja vastupidavusele m\u00f5eldes aitab Ohutusdetendi Plunger&#8217;i vedru KMR s\u00e4ilitada teie relva ohutusmehhanism n\u00f5uetekohast toimimist. Selle usaldusv\u00e4\u00e4rne disain tagab sujuva ja \u00fchtlase t\u00f6\u00f6, v\u00e4hendades juhuslike laske- juhtude riski ja parandades \u00fcldist ohutust kasutamise ajal.<\/p>\n<p>Olenemata sellest, kas te uuendate oma olemasolevat KMR-relvad v\u00f5i vahetate kulunud komponendi, on Ohutusdetendi Plunger&#8217;i vedru KMR h\u00e4davajalik tarvik teie relva terviklikkuse ja j\u00f5udluse s\u00e4ilitamiseks. Investeerige sellesse usaldusv\u00e4\u00e4rsesse komponenti, et tagada teie relva ohutus ja t\u00f6\u00f6v\u00f5ime k\u00f5rgeimal tasemel.<\/p>\n<p>Relva KMR-le:<\/p>\n<p>KMR L-02 EMIQ<\/p>\n<p>KMR L-02 EMIQ (OR)<\/p>\n<p>KMR L-02 ORCA ALATES 2024<\/p>\n<p>KMR L-02 ORCA KUNI 2023<\/p>\n<p>KMR L-02 SPECTRA ALATES 2024<\/p>\n<p>KMR L-02 SPECTRA KUNI 2023<\/p>\n<p>KMR L-02 UMBRA (OR) SR<\/p>\n<p>KMR S-01 LANCE (OR)<\/p>\n<p>KMR S-02 ALATES 2024<\/p>\n<p>KMR S-02 KUNI 2023<\/p>\n<p>KMR W-02 CUDA (OR)<\/p>\n<p>KMR W-02 UMBRA<\/p>\n<p>KMR W-02 UMBRA (OR)<\/p>\n","protected":false},"excerpt":{"rendered":"<p>Ohutuse lukustusvedru KMR relvadele.<\/p>\n","protected":false},"featured_media":24918,"template":"","meta":{"_acf_changed":false},"product_brand":[11497],"product_cat":[14021,14039],"product_tag":[],"class_list":{"0":"post-694135","1":"product","2":"type-product","3":"status-publish","4":"has-post-thumbnail","6":"product_brand-kmr-precision","7":"product_cat-kmr-osad","8":"product_cat-vedrud","10":"first","11":"instock","12":"taxable","13":"shipping-taxable","14":"product-type-simple"},"acf":[],"_links":{"self":[{"href":"https:\/\/nbg.eu\/et\/wp-json\/wp\/v2\/product\/694135","targetHints":{"allow":["GET"]}}],"collection":[{"href":"https:\/\/nbg.eu\/et\/wp-json\/wp\/v2\/product"}],"about":[{"href":"https:\/\/nbg.eu\/et\/wp-json\/wp\/v2\/types\/product"}],"wp:featuredmedia":[{"embeddable":true,"href":"https:\/\/nbg.eu\/et\/wp-json\/wp\/v2\/media\/24918"}],"wp:attachment":[{"href":"https:\/\/nbg.eu\/et\/wp-json\/wp\/v2\/media?parent=694135"}],"wp:term":[{"taxonomy":"product_brand","embeddable":true,"href":"https:\/\/nbg.eu\/et\/wp-json\/wp\/v2\/product_brand?post=694135"},{"taxonomy":"product_cat","embeddable":true,"href":"https:\/\/nbg.eu\/et\/wp-json\/wp\/v2\/product_cat?post=694135"},{"taxonomy":"product_tag","embeddable":true,"href":"https:\/\/nbg.eu\/et\/wp-json\/wp\/v2\/product_tag?post=694135"}],"curies":[{"name":"wp","href":"https:\/\/api.w.org\/{rel}","templated":true}]}}