{"id":694148,"date":"2024-09-16T12:35:24","date_gmt":"2024-09-16T09:35:24","guid":{"rendered":"https:\/\/nbg.eu\/product\/safety-detent-plunger-right-kmr\/"},"modified":"2026-05-13T16:03:36","modified_gmt":"2026-05-13T13:03:36","slug":"safety-detent-plunger-right-kmr","status":"publish","type":"product","link":"https:\/\/nbg.eu\/et\/toode\/safety-detent-plunger-right-kmr\/","title":{"rendered":"KMR Ohutusn\u00f5el Parem"},"content":{"rendered":"<h2>Ohutuklapp &#8211; Paremki KMR<\/h2>\n<p>Parandage oma KMR relvaseadme ohutust ja funktsionaalsust Ohutuklapi &#8211; Paremki abil. Disainitud sujuvaks integratsiooniks, see klapp pakub turvalise lukustusmehhanism, et v\u00e4ltida juhuslikku lasku. T\u00e4pselt valmistatuna on klapp \u00fchilduv laia valiku KMR mudelitega.<\/p>\n<p>Relvadele KMR<\/p>\n<p>KMR L-02 EMIQ<\/p>\n<p>KMR L-02 EMIQ (OR)<\/p>\n<p>KMR L-02 ORCA KUNI 2023<\/p>\n<p>KMR L-02 SPECTRA KUNI 2023<\/p>\n<p>KMR L-02 UMBRA (OR) SR<\/p>\n<p>KMR S-01 LANCE (OR)<\/p>\n<p>KMR S-02 KUNI 2023<\/p>\n<p>KMR W-02 CUDA (OR)<\/p>\n<p>KMR W-02 UMBRA<\/p>\n<p>KMR W-02 UMBRA (OR)<\/p>\n<p>Viide 1130-00302-0401<\/p>\n","protected":false},"excerpt":{"rendered":"<p>Ohutuse t\u00f5kestuspistik &#8211; Parempoolne KMR relva KMR-le<\/p>\n","protected":false},"featured_media":25910,"template":"","meta":{"_acf_changed":false},"product_brand":[11497],"product_cat":[14021],"product_tag":[],"class_list":{"0":"post-694148","1":"product","2":"type-product","3":"status-publish","4":"has-post-thumbnail","6":"product_brand-kmr-precision","7":"product_cat-kmr-osad","8":"pa_strong-hand-left-et","10":"first","11":"instock","12":"taxable","13":"shipping-taxable","14":"product-type-simple"},"acf":[],"_links":{"self":[{"href":"https:\/\/nbg.eu\/et\/wp-json\/wp\/v2\/product\/694148","targetHints":{"allow":["GET"]}}],"collection":[{"href":"https:\/\/nbg.eu\/et\/wp-json\/wp\/v2\/product"}],"about":[{"href":"https:\/\/nbg.eu\/et\/wp-json\/wp\/v2\/types\/product"}],"wp:featuredmedia":[{"embeddable":true,"href":"https:\/\/nbg.eu\/et\/wp-json\/wp\/v2\/media\/25910"}],"wp:attachment":[{"href":"https:\/\/nbg.eu\/et\/wp-json\/wp\/v2\/media?parent=694148"}],"wp:term":[{"taxonomy":"product_brand","embeddable":true,"href":"https:\/\/nbg.eu\/et\/wp-json\/wp\/v2\/product_brand?post=694148"},{"taxonomy":"product_cat","embeddable":true,"href":"https:\/\/nbg.eu\/et\/wp-json\/wp\/v2\/product_cat?post=694148"},{"taxonomy":"product_tag","embeddable":true,"href":"https:\/\/nbg.eu\/et\/wp-json\/wp\/v2\/product_tag?post=694148"}],"curies":[{"name":"wp","href":"https:\/\/api.w.org\/{rel}","templated":true}]}}