{"id":694244,"date":"2024-08-17T18:03:33","date_gmt":"2024-08-17T15:03:33","guid":{"rendered":"https:\/\/nbg.eu\/product\/sear-spring-kmr\/"},"modified":"2026-05-13T16:01:03","modified_gmt":"2026-05-13T13:01:03","slug":"sear-spring-kmr","status":"publish","type":"product","link":"https:\/\/nbg.eu\/et\/toode\/sear-spring-kmr\/","title":{"rendered":"KMR P\u00e4\u00e4stikuriivi Vedru"},"content":{"rendered":"<h2>Sear Spring KMR: T\u00e4ppist\u00f6\u00f6riista tagasil\u00f6\u00f6gi kontroll<\/h2>\n<p>Tutvustame Sear Spring KMR-i, mitmek\u00fclgset ja k\u00f5rge j\u00f5udlusega tagasil\u00f6\u00f6gi kontrollis\u00fcsteemi, mis on loodud paljude relvade jaoks.<\/p>\n<p>Valmistatud kvaliteetsetest materjalidest ja hoolikalt konstrueeritud, \u00fchendab Sear Spring KMR k\u00f5rgtehnoloogia vastupidavusega, tagades usaldusv\u00e4\u00e4rsed t\u00f6\u00f6omadused isegi raskeimates tingimustes. Selle innovatiivne disain aitab v\u00e4hendada tagasil\u00f6\u00f6ki, v\u00f5imaldades kiiret sihtm\u00e4rgi haaramist, paranenud t\u00e4psust ja kasutaja v\u00e4simuse v\u00e4hendamist.<\/p>\n<p>Mitmek\u00fclgne kasutuses, sobib Sear Spring KMR erinevate relvade, nagu relvad, karabiin, p\u00fcstolid ja jahip\u00fcssid, jaoks. Moodulkonstruktsioon v\u00f5imaldab sujuvat integreerimist, tagades optimaalse sobituse ja j\u00f5udluse.<\/p>\n<p>Relvad KMR:<\/p>\n<p>KMR L-02 EMIQ<\/p>\n<p>KMR L-02 EMIQ (OR)<\/p>\n<p>KMR L-02 ORCA alates 2024<\/p>\n<p>KMR L-02 ORCA kuni 2023<\/p>\n<p>KMR L-02 SPECTRA alates 2024<\/p>\n<p>KMR L-02 SPECTRA kuni 2023<\/p>\n<p>KMR L-02 UMBRA (OR) SR<\/p>\n<p>KMR S-01 LANCE (OR)<\/p>\n<p>KMR S-02 alates 2024<\/p>\n<p>KMR S-02 kuni 2023<\/p>\n<p>KMR W-02 CUDA (OR)<\/p>\n<p>KMR W-02 UMBRA<\/p>\n<p>KMR W-02 UMBRA (OR)<\/p>\n","protected":false},"excerpt":{"rendered":"<p>Vedrulukk KMR relvadele, \u00fchilduv erinevate mudelitega.<\/p>\n","protected":false},"featured_media":24824,"template":"","meta":{"_acf_changed":false},"product_brand":[11497],"product_cat":[14021,14039],"product_tag":[],"class_list":{"0":"post-694244","1":"product","2":"type-product","3":"status-publish","4":"has-post-thumbnail","6":"product_brand-kmr-precision","7":"product_cat-kmr-osad","8":"product_cat-vedrud","10":"first","11":"instock","12":"taxable","13":"shipping-taxable","14":"product-type-simple"},"acf":[],"_links":{"self":[{"href":"https:\/\/nbg.eu\/et\/wp-json\/wp\/v2\/product\/694244","targetHints":{"allow":["GET"]}}],"collection":[{"href":"https:\/\/nbg.eu\/et\/wp-json\/wp\/v2\/product"}],"about":[{"href":"https:\/\/nbg.eu\/et\/wp-json\/wp\/v2\/types\/product"}],"wp:featuredmedia":[{"embeddable":true,"href":"https:\/\/nbg.eu\/et\/wp-json\/wp\/v2\/media\/24824"}],"wp:attachment":[{"href":"https:\/\/nbg.eu\/et\/wp-json\/wp\/v2\/media?parent=694244"}],"wp:term":[{"taxonomy":"product_brand","embeddable":true,"href":"https:\/\/nbg.eu\/et\/wp-json\/wp\/v2\/product_brand?post=694244"},{"taxonomy":"product_cat","embeddable":true,"href":"https:\/\/nbg.eu\/et\/wp-json\/wp\/v2\/product_cat?post=694244"},{"taxonomy":"product_tag","embeddable":true,"href":"https:\/\/nbg.eu\/et\/wp-json\/wp\/v2\/product_tag?post=694244"}],"curies":[{"name":"wp","href":"https:\/\/api.w.org\/{rel}","templated":true}]}}