{"id":694279,"date":"2024-08-16T23:19:01","date_gmt":"2024-08-16T20:19:01","guid":{"rendered":"https:\/\/nbg.eu\/product\/sear-pin-kmr\/"},"modified":"2026-05-13T15:11:28","modified_gmt":"2026-05-13T12:11:28","slug":"sear-pin-kmr","status":"publish","type":"product","link":"https:\/\/nbg.eu\/et\/toode\/sear-pin-kmr\/","title":{"rendered":"KMR P\u00e4\u00e4stikuriivi Tihvt"},"content":{"rendered":"<h2>KMR P\u00fcstoli Sulguri Ots: T\u00e4pne P\u00e4\u00e4stiku J\u00e4tkuvus<\/h2>\n<p>KMR P\u00fcstoli Sulguri Ots on kriitiline komponent, mis tagab tulirelva p\u00e4\u00e4stiku mehhanismi t\u00f6\u00f6kindluse ja j\u00e4rjekindluse. See on valmistatud t\u00e4ppis-karastatud t\u00f6\u00f6riistaterasest ning see vastab KMR tehase rangetele tolerantsidele, pakkudes suurep\u00e4rast kulumiskindlust ja sujuvat, usaldusv\u00e4\u00e4rset toimivust.<\/p>\n<p>Sulguri mehhanismi s\u00fcdames toimib Sulguri Ots kui p\u00f6\u00f6rdtelg, v\u00f5imaldades sulguril liikuda t\u00e4pselt ja j\u00e4rjekindlalt. Selle komponendi \u00e4\u00e4rmiselt sile pind ja t\u00e4pne l\u00e4bim\u00f5\u00f5t on olulised, et s\u00e4ilitada terav, etteaimatav p\u00e4\u00e4stiku vabanemispunkt ja usaldusv\u00e4\u00e4rne taastumine KMR v\u00f5istlusp\u00fcstolites.<\/p>\n<p>Pakkudes stabiilset, t\u00e4pset p\u00f6\u00f6rdtelge, aitab Sulguri Ots k\u00f5rvaldada p\u00e4\u00e4stiku ebaj\u00e4rjekindlusi, mis v\u00f5ivad m\u00f5jutada t\u00e4psust ja toimivust. Olgu te kaasatud v\u00f5istluslaskmisse v\u00f5i lootate oma KMR p\u00fcstolile enda kaitse jaoks, see h\u00e4davajalik komponent aitab tagada j\u00e4rjekindla, usaldusv\u00e4\u00e4rse p\u00e4\u00e4stiku t\u00f5mbamise iga kord.<\/p>\n<p>T\u00e4iustage oma KMR p\u00fcstolit Sulguri Otsaga ja kogetge, kuidas t\u00e4ppistehnika v\u00f5ib erinevust teha. T\u00f5stke oma laskmist selle h\u00e4davajaliku komponendiga, mis on loodud pakkuma p\u00e4\u00e4stiku toimivuse tipptaset.<\/p>\n","protected":false},"excerpt":{"rendered":"<p>T\u00e4pne sise-sarvepunkt, mis tagab \u00fchtlase KMR-t\u00f5mbe.<\/p>\n","protected":false},"featured_media":23798,"template":"","meta":{"_acf_changed":false},"product_brand":[11497],"product_cat":[14021],"product_tag":[],"class_list":{"0":"post-694279","1":"product","2":"type-product","3":"status-publish","4":"has-post-thumbnail","6":"product_brand-kmr-precision","7":"product_cat-kmr-osad","9":"first","10":"instock","11":"taxable","12":"shipping-taxable","13":"product-type-simple"},"acf":[],"_links":{"self":[{"href":"https:\/\/nbg.eu\/et\/wp-json\/wp\/v2\/product\/694279","targetHints":{"allow":["GET"]}}],"collection":[{"href":"https:\/\/nbg.eu\/et\/wp-json\/wp\/v2\/product"}],"about":[{"href":"https:\/\/nbg.eu\/et\/wp-json\/wp\/v2\/types\/product"}],"wp:featuredmedia":[{"embeddable":true,"href":"https:\/\/nbg.eu\/et\/wp-json\/wp\/v2\/media\/23798"}],"wp:attachment":[{"href":"https:\/\/nbg.eu\/et\/wp-json\/wp\/v2\/media?parent=694279"}],"wp:term":[{"taxonomy":"product_brand","embeddable":true,"href":"https:\/\/nbg.eu\/et\/wp-json\/wp\/v2\/product_brand?post=694279"},{"taxonomy":"product_cat","embeddable":true,"href":"https:\/\/nbg.eu\/et\/wp-json\/wp\/v2\/product_cat?post=694279"},{"taxonomy":"product_tag","embeddable":true,"href":"https:\/\/nbg.eu\/et\/wp-json\/wp\/v2\/product_tag?post=694279"}],"curies":[{"name":"wp","href":"https:\/\/api.w.org\/{rel}","templated":true}]}}