{"id":694297,"date":"2024-08-18T12:10:09","date_gmt":"2024-08-18T09:10:09","guid":{"rendered":"https:\/\/nbg.eu\/product\/sear-kmr\/"},"modified":"2026-05-13T15:10:50","modified_gmt":"2026-05-13T12:10:50","slug":"sear-kmr","status":"publish","type":"product","link":"https:\/\/nbg.eu\/et\/toode\/sear-kmr\/","title":{"rendered":"KMR P\u00e4\u00e4stikuriiv"},"content":{"rendered":"<h2>KMR T\u00e4psusvedrulukk<\/h2>\n<p>KMR Vedrulukk on tuumikkomponent, mis on loodud neile, kes n\u00f5uavad parimaid p\u00e4\u00e4stikeomadusi. Kui p\u00f5hiline s\u00fc\u00fcteseadme komponent, hoiab vedrulukk haamri tagasi kuni t\u00e4pse laskehetke. See originaal-KMR-osa on konstrueeritud pakkuma puhtaid, &#8220;klaaskepi&#8221; katkemisi, mis on saanud KMR-i kaubam\u00e4rgi tunnusm\u00e4rgiks.<\/p>\n<h3>V\u00f5istlustasemel s\u00fc\u00fcdisti<\/h3>\n<p>KMR Vedruluku geomeetria on hoolikalt arvutatud, et minimeerida kinnitumist ja \u00fclek\u00e4iku. Kasutades k\u00f5rgekvaliteedilist karastatud terast, tagab KMR, et haardepinnad j\u00e4\u00e4vad teravad ja p\u00fcsivad sadu tuhandeid ts\u00fckleid. Kas valmistate kohandatud v\u00f5istlusrelvastust v\u00f5i taastamist tehase uuele t\u00f6\u00f6korrale, on see vedrulukk v\u00f5tmeks korrap\u00e4rasele ja turvalisele p\u00e4\u00e4stiku t\u00f5mbele.<\/p>\n<h3>Tehnilised spetsifikatsioonid:<\/h3>\n<ul>\n<li><strong>K\u00f5rge s\u00fcsinikusisaldusega karastatud teras:<\/strong> sepistatud \u00e4\u00e4rmusliku vastupidavusega ja kulumiskindlusega haardepindadel.<\/li>\n<li><strong>T\u00e4ppist\u00f6\u00f6deldud:<\/strong> Toodetud k\u00f5rgeima t\u00e4psusega, et tagada ideaalne sobituvus haamri konksu suhtes.<\/li>\n<li><strong>Optimeeritud tagasiveeretamise geomeetria:<\/strong> Konstrueeritud l\u00fchikese, positiivse tagasiveeretamisega kiiremaks j\u00e4rellaseteks d\u00fcnaamilistes laskuloosides.<\/li>\n<li><strong>Universaalne KMR sobivus:<\/strong> \u00dchildub KMR L-02 ja W-02 seeria raamidega.<\/li>\n<\/ul>\n<h3>Peamised eelised:<\/h3>\n<ul>\n<li><strong>P\u00e4\u00e4stiku kinnitumise k\u00f5rvaldamine:<\/strong> Tagab k\u00e4reda, vahetult k\u00e4ivituva p\u00e4\u00e4stiku, mis parandab t\u00e4psust, v\u00e4hendades laskehetke t\u00f5mbamise riski.<\/li>\n<li><strong>Tugevam ohutus:<\/strong> T\u00e4ppislihvitud pinnad tagavad kindla haamri lukustumise, s\u00e4ilitades mehaanilise ohutuse ka raskel kasutamisel.<\/li>\n<li><strong>Kvaliteetne sisseehitatud komponent:<\/strong> Kuigi relvalaekuniku viimistlus on alati soovitatav parimate p\u00e4\u00e4stike puhul, pakub see OEM-osa usaldusv\u00e4\u00e4rseimat alust professionaalsele p\u00e4\u00e4stikut\u00f6\u00f6le.<\/li>\n<\/ul>\n<p><em><strong>M\u00e4rkus:<\/strong> Kuna vedrulukk on kriitiline ohutuselement, soovitab KMR, et selle paigaldamist ja igasugust j\u00e4rgnvat lihvimist teostaks kvalifitseeritud relvalaekunik, et tagada \u00f5ige vedruluku-haamri kokkulangevus.<\/em><\/p>\n","protected":false},"excerpt":{"rendered":"<p>1110-00106-0401<\/p>\n","protected":false},"featured_media":25795,"template":"","meta":{"_acf_changed":false},"product_brand":[11497],"product_cat":[14021],"product_tag":[],"class_list":{"0":"post-694297","1":"product","2":"type-product","3":"status-publish","4":"has-post-thumbnail","6":"product_brand-kmr-precision","7":"product_cat-kmr-osad","9":"first","10":"instock","11":"taxable","12":"shipping-taxable","13":"product-type-simple"},"acf":[],"_links":{"self":[{"href":"https:\/\/nbg.eu\/et\/wp-json\/wp\/v2\/product\/694297","targetHints":{"allow":["GET"]}}],"collection":[{"href":"https:\/\/nbg.eu\/et\/wp-json\/wp\/v2\/product"}],"about":[{"href":"https:\/\/nbg.eu\/et\/wp-json\/wp\/v2\/types\/product"}],"wp:featuredmedia":[{"embeddable":true,"href":"https:\/\/nbg.eu\/et\/wp-json\/wp\/v2\/media\/25795"}],"wp:attachment":[{"href":"https:\/\/nbg.eu\/et\/wp-json\/wp\/v2\/media?parent=694297"}],"wp:term":[{"taxonomy":"product_brand","embeddable":true,"href":"https:\/\/nbg.eu\/et\/wp-json\/wp\/v2\/product_brand?post=694297"},{"taxonomy":"product_cat","embeddable":true,"href":"https:\/\/nbg.eu\/et\/wp-json\/wp\/v2\/product_cat?post=694297"},{"taxonomy":"product_tag","embeddable":true,"href":"https:\/\/nbg.eu\/et\/wp-json\/wp\/v2\/product_tag?post=694297"}],"curies":[{"name":"wp","href":"https:\/\/api.w.org\/{rel}","templated":true}]}}