{"id":694322,"date":"2025-09-05T00:02:55","date_gmt":"2025-09-04T21:02:55","guid":{"rendered":"https:\/\/nbg.eu\/product\/sig-sauer-taper-cap-for-7-62-barrels-5-8-24-thread\/"},"modified":"2026-05-13T16:41:24","modified_gmt":"2026-05-13T13:41:24","slug":"sig-sauer-taper-cap-for-7-62-barrels-5-8-24-thread","status":"publish","type":"product","link":"https:\/\/nbg.eu\/et\/toode\/sig-sauer-taper-cap-for-7-62-barrels-5-8-24-thread\/","title":{"rendered":"Sig Sauer Taper Cap for 7.62 barrels, 5\/8-24 thread"},"content":{"rendered":"<div class=\"product-description\">\n<h2>Sig Sauer Taper Cap for 7.62 Barrels<\/h2>\n<h2>5\/8-24 Thread<\/h2>\n<p>Parandage oma Sig Sauer tule-relva kaitset ja v\u00e4limust selle t\u00e4psusega t\u00f6\u00f6deldud tapperi kaanega. Disainitud spetsiaalselt 7.62 tolli piipudele, millel on 5\/8-24 keere, sobib see kate mitmete Sig Saueri mudelite, sh SIG MCX, SIG716 ja SIGM400 jaoks.<\/p>\n<h3>P\u00f5hiomadused:<\/h3>\n<ul>\n<li>Sobib 7.62 NATO ja .300 BLK kaliibrite jaoks<\/li>\n<li>Sobib praeguste Sig Saueri mudelite, nagu 716, MCX ja M400 jaoks<\/li>\n<li>T\u00e4pselt keermestatud 5\/8-24 tolli piipudele<\/li>\n<li>Kaitseb piibukeerme, kui seda ei kasutata<\/li>\n<li>S\u00e4ilitab tule-relva t\u00f6\u00f6kindla v\u00e4limuse<\/li>\n<\/ul>\n<p>See tapperi kate on oluline lisaseade iga Sig Saueri omaniku jaoks, tagades, et teie piip p\u00fcsib laitmatus seisukorras, samas kui see t\u00e4iustab tule-relva \u00fcldist v\u00e4limust. Lihtne paigaldada ja eemaldada, see on ideaalne lisavarustus teie relvahooldustarbistele.<\/p>\n<\/div>\n","protected":false},"excerpt":{"rendered":"<p>Sig Saueri 7.62 t\u00fc\u00fcbeldatud torukatted, 5\/8-24 keere. Sobib MCX, 716, M400 mudelitele.<\/p>\n","protected":false},"featured_media":496329,"template":"","meta":{"_acf_changed":false},"product_brand":[15100],"product_cat":[14049,14071,14054],"product_tag":[],"class_list":{"0":"post-694322","1":"product","2":"type-product","3":"status-publish","4":"has-post-thumbnail","6":"product_brand-sig-sauer","7":"product_cat-summutid","8":"product_cat-vintpuess","9":"product_cat-vintpuessisummutid","11":"first","12":"instock","13":"taxable","14":"shipping-taxable","15":"purchasable","16":"product-type-simple"},"acf":[],"_links":{"self":[{"href":"https:\/\/nbg.eu\/et\/wp-json\/wp\/v2\/product\/694322","targetHints":{"allow":["GET"]}}],"collection":[{"href":"https:\/\/nbg.eu\/et\/wp-json\/wp\/v2\/product"}],"about":[{"href":"https:\/\/nbg.eu\/et\/wp-json\/wp\/v2\/types\/product"}],"wp:featuredmedia":[{"embeddable":true,"href":"https:\/\/nbg.eu\/et\/wp-json\/wp\/v2\/media\/496329"}],"wp:attachment":[{"href":"https:\/\/nbg.eu\/et\/wp-json\/wp\/v2\/media?parent=694322"}],"wp:term":[{"taxonomy":"product_brand","embeddable":true,"href":"https:\/\/nbg.eu\/et\/wp-json\/wp\/v2\/product_brand?post=694322"},{"taxonomy":"product_cat","embeddable":true,"href":"https:\/\/nbg.eu\/et\/wp-json\/wp\/v2\/product_cat?post=694322"},{"taxonomy":"product_tag","embeddable":true,"href":"https:\/\/nbg.eu\/et\/wp-json\/wp\/v2\/product_tag?post=694322"}],"curies":[{"name":"wp","href":"https:\/\/api.w.org\/{rel}","templated":true}]}}