{"id":694341,"date":"2025-09-05T00:02:56","date_gmt":"2025-09-04T21:02:56","guid":{"rendered":"https:\/\/nbg.eu\/product\/sig-sauer-taper-cap-for-5-56-barrels-1-2-28-thread\/"},"modified":"2026-05-13T16:41:24","modified_gmt":"2026-05-13T13:41:24","slug":"sig-sauer-taper-cap-for-5-56-barrels-1-2-28-thread","status":"publish","type":"product","link":"https:\/\/nbg.eu\/et\/toode\/sig-sauer-taper-cap-for-5-56-barrels-1-2-28-thread\/","title":{"rendered":"Sig Sauer Taper Cap for 5.56 Barrels, 1\/2-28 thread"},"content":{"rendered":"<div class=\"product-description\">\n<h2>Sig Sauer Taper Cap for 5.56 NATO Barrels<\/h2>\n<p>See kaitseb ja t\u00e4iustab teie Sig Saueri relva v\u00e4limust selle spetsiaalselt 5.56 NATO torukatla jaoks loodud kvaliteetse taper kattega, mis on m\u00f5eldud 1\/2-28 keermega.<\/p>\n<ul>\n<li>\u00dchilduv praeguste Sig Saueri 5.56 NATO mudelitega, sh MCX ja M400<\/li>\n<li>T\u00e4pselt konstrueeritud 1\/2-28 keermega torudele<\/li>\n<li>Pakub suurep\u00e4rast kaitset teie toru keermestiku eest, kui seda ei kasutata<\/li>\n<li>Lihtne paigaldada ja eemaldada<\/li>\n<li>Elegantne disain t\u00e4iendab teie relva v\u00e4limust<\/li>\n<\/ul>\n<p>See taper katte on Sig Saueri 5.56 NATO relva hooldustarviku. See aitab v\u00e4ltida toru keermestiku kahjustamist ja hoiab \u00e4ra pr\u00fcgi sattumise, tagades relva parima seisukorra. Olenemata sellest, kas te hoiustate relva v\u00f5i suundute lasketiiru, pakub see taper katte nii praktilist kaitset kui ka professionaalset viimistlust.<\/p>\n<\/div>\n","protected":false},"excerpt":{"rendered":"<p>Sig Sauer niiduga kaitsekork 5.56 tolli p\u00fcssidele, 1\/2-28 niiduga.<\/p>\n","protected":false},"featured_media":496352,"template":"","meta":{"_acf_changed":false},"product_brand":[15100],"product_cat":[14034,14054],"product_tag":[],"class_list":{"0":"post-694341","1":"product","2":"type-product","3":"status-publish","4":"has-post-thumbnail","6":"product_brand-sig-sauer","7":"product_cat-summutite-tarvikud","8":"product_cat-vintpuessisummutid","10":"first","11":"instock","12":"taxable","13":"shipping-taxable","14":"purchasable","15":"product-type-simple"},"acf":[],"_links":{"self":[{"href":"https:\/\/nbg.eu\/et\/wp-json\/wp\/v2\/product\/694341","targetHints":{"allow":["GET"]}}],"collection":[{"href":"https:\/\/nbg.eu\/et\/wp-json\/wp\/v2\/product"}],"about":[{"href":"https:\/\/nbg.eu\/et\/wp-json\/wp\/v2\/types\/product"}],"wp:featuredmedia":[{"embeddable":true,"href":"https:\/\/nbg.eu\/et\/wp-json\/wp\/v2\/media\/496352"}],"wp:attachment":[{"href":"https:\/\/nbg.eu\/et\/wp-json\/wp\/v2\/media?parent=694341"}],"wp:term":[{"taxonomy":"product_brand","embeddable":true,"href":"https:\/\/nbg.eu\/et\/wp-json\/wp\/v2\/product_brand?post=694341"},{"taxonomy":"product_cat","embeddable":true,"href":"https:\/\/nbg.eu\/et\/wp-json\/wp\/v2\/product_cat?post=694341"},{"taxonomy":"product_tag","embeddable":true,"href":"https:\/\/nbg.eu\/et\/wp-json\/wp\/v2\/product_tag?post=694341"}],"curies":[{"name":"wp","href":"https:\/\/api.w.org\/{rel}","templated":true}]}}