{"id":694451,"date":"2024-09-16T14:36:57","date_gmt":"2024-09-16T11:36:57","guid":{"rendered":"https:\/\/nbg.eu\/product\/slide-stop-27-kmr\/"},"modified":"2026-02-02T18:40:59","modified_gmt":"2026-02-02T15:40:59","slug":"slide-stop-27-kmr","status":"publish","type":"product","link":"https:\/\/nbg.eu\/et\/toode\/slide-stop-27-kmr\/","title":{"rendered":"Liugpeatukas 27 KMR"},"content":{"rendered":"<h2>SLIDE STOP 27 KMR &#8211; Usaldusv\u00e4\u00e4rsed relva turvalisuse ja laadimise n\u00e4idik<\/h2>\n<p>SLIDE STOP 27 KMR on oluline funktsioon, mis t\u00f5hustab teie relva ohutust ja funktsionaalsust. Kui salv on t\u00fchi, lukustab liugur automaatselt liuguri tagasisse asendisse, andes selge visuaalse m\u00e4rgu, et salv tuleb v\u00e4lja vahetada.<\/p>\n<p>See funktsioon v\u00f5imaldab sujuvat laadimist, kuna lasur saab lihtsalt vajutada lukku, et vabastada liugur ja laadida esimene padr\u0443\u043d kambresse, kui uus salv on sisestatud. SLIDE STOP 27 KMR toimib usaldusv\u00e4\u00e4rsete ohutusmehhanismina, takistades juhuslikku lasku, kuni salv on korralikult kinnitatud ja relv on kasutamiseks valmis.<\/p>\n<p>Valmistatud t\u00e4psusega ja p\u00f6\u00f6rates t\u00e4helepanu \u00fcksikasjadele, on SLIDE STOP 27 KMR v\u00e4\u00e4rtuslik lisa igale relvale, tagades ohutuma ja t\u00f5husama laskmise kogemuse. Olenemata sellest, kas olete kogenud tulijamees v\u00f5i algaja lasur, pakub see funktsioon teile rahu ja kindlustunnet nii lasketiirus kui ka v\u00e4litingimustes.<\/p>\n<p>Relvade jaoks KMR<br \/>\nKMR L-02 SPECTRA KUNI 2023<br \/>\nKMR W-02 CUDA (OR)<br \/>\nKMR W-02 UMBRA<br \/>\nKMR W-02 UMBRA (OR)<\/p>\n","protected":false},"excerpt":{"rendered":"<p>Liugurmehhanismi funktsioon lukustab liuguri automaatselt, kui salv on t\u00fchi, v\u00f5imaldab uue laskemoona laadimist ja v\u00e4listab juhuslikku lasku.<\/p>\n","protected":false},"featured_media":25864,"template":"","meta":{"_acf_changed":false},"product_brand":[11497],"product_cat":[14021],"product_tag":[],"class_list":{"0":"post-694451","1":"product","2":"type-product","3":"status-publish","4":"has-post-thumbnail","6":"product_brand-kmr-precision","7":"product_cat-kmr-osad","9":"first","10":"instock","11":"taxable","12":"shipping-taxable","13":"product-type-simple"},"acf":[],"_links":{"self":[{"href":"https:\/\/nbg.eu\/et\/wp-json\/wp\/v2\/product\/694451","targetHints":{"allow":["GET"]}}],"collection":[{"href":"https:\/\/nbg.eu\/et\/wp-json\/wp\/v2\/product"}],"about":[{"href":"https:\/\/nbg.eu\/et\/wp-json\/wp\/v2\/types\/product"}],"wp:featuredmedia":[{"embeddable":true,"href":"https:\/\/nbg.eu\/et\/wp-json\/wp\/v2\/media\/25864"}],"wp:attachment":[{"href":"https:\/\/nbg.eu\/et\/wp-json\/wp\/v2\/media?parent=694451"}],"wp:term":[{"taxonomy":"product_brand","embeddable":true,"href":"https:\/\/nbg.eu\/et\/wp-json\/wp\/v2\/product_brand?post=694451"},{"taxonomy":"product_cat","embeddable":true,"href":"https:\/\/nbg.eu\/et\/wp-json\/wp\/v2\/product_cat?post=694451"},{"taxonomy":"product_tag","embeddable":true,"href":"https:\/\/nbg.eu\/et\/wp-json\/wp\/v2\/product_tag?post=694451"}],"curies":[{"name":"wp","href":"https:\/\/api.w.org\/{rel}","templated":true}]}}