{"id":694486,"date":"2024-09-17T22:47:08","date_gmt":"2024-09-17T19:47:08","guid":{"rendered":"https:\/\/nbg.eu\/product\/slide-stop-spring-22-lr-kmr\/"},"modified":"2026-02-13T18:49:52","modified_gmt":"2026-02-13T15:49:52","slug":"slide-stop-spring-22-lr-kmr","status":"publish","type":"product","link":"https:\/\/nbg.eu\/et\/toode\/slide-stop-spring-22-lr-kmr\/","title":{"rendered":"SLAIDI STOPP VEDRU 22 LR KMR"},"content":{"rendered":"<h2>SLIDE STOP SPRING 22 LR KMR relvale KMR<\/h2>\n<p>Loodud kasutamiseks KMR-seeria relvadega, on SLIDE STOP SPRING 22 LR KMR vastupidav ja usaldusv\u00e4\u00e4rne tarvik, mis tagab sujuva t\u00f6\u00f6 ja t\u00e4iustatud funktsionaalsuse.<\/p>\n<p>T\u00e4psusega ja \u00fcksikasjalikult valmistatud SLIDE STOP SPRING 22 LR KMR tagab usaldusv\u00e4\u00e4rse j\u00f5udluse ja pikema t\u00f6\u00f6ea, tehes sellest olulise komponendi KMR-relvahuvilistele ja -professionaalidele. See vedru on \u00fchilduv k\u00f5igi KMR-mudelitega kuni 2023. aastani, pakkudes vastupidavat lahendust relvastuse hooldus- ja uuendusvajaduste jaoks.<\/p>\n<p>Relvale KMR<\/p>\n<p>KMR S-01 LANCE (OR)<\/p>\n<p>KMR S-02 10 (OR) SR ADA<\/p>\n<p>KMR S-02 75 (OR) SR ADA<\/p>\n<p>KMR S-02 SH1 (OR) SR ADA<\/p>\n<p>KMR S-02 SH2 (OR) SR ADA<\/p>\n<p>KMR S-02 TS (OR) SR ADA<\/p>\n<p>KMR S-02 kuni 2023<\/p>\n","protected":false},"excerpt":{"rendered":"<p>Asendusliugt\u00f5kke vedru KMR relvadele.<\/p>\n","protected":false},"featured_media":24895,"template":"","meta":{"_acf_changed":false},"product_brand":[11497],"product_cat":[14021,14039],"product_tag":[],"class_list":{"0":"post-694486","1":"product","2":"type-product","3":"status-publish","4":"has-post-thumbnail","6":"product_brand-kmr-precision","7":"product_cat-kmr-osad","8":"product_cat-vedrud","10":"first","11":"instock","12":"taxable","13":"shipping-taxable","14":"product-type-simple"},"acf":[],"_links":{"self":[{"href":"https:\/\/nbg.eu\/et\/wp-json\/wp\/v2\/product\/694486","targetHints":{"allow":["GET"]}}],"collection":[{"href":"https:\/\/nbg.eu\/et\/wp-json\/wp\/v2\/product"}],"about":[{"href":"https:\/\/nbg.eu\/et\/wp-json\/wp\/v2\/types\/product"}],"wp:featuredmedia":[{"embeddable":true,"href":"https:\/\/nbg.eu\/et\/wp-json\/wp\/v2\/media\/24895"}],"wp:attachment":[{"href":"https:\/\/nbg.eu\/et\/wp-json\/wp\/v2\/media?parent=694486"}],"wp:term":[{"taxonomy":"product_brand","embeddable":true,"href":"https:\/\/nbg.eu\/et\/wp-json\/wp\/v2\/product_brand?post=694486"},{"taxonomy":"product_cat","embeddable":true,"href":"https:\/\/nbg.eu\/et\/wp-json\/wp\/v2\/product_cat?post=694486"},{"taxonomy":"product_tag","embeddable":true,"href":"https:\/\/nbg.eu\/et\/wp-json\/wp\/v2\/product_tag?post=694486"}],"curies":[{"name":"wp","href":"https:\/\/api.w.org\/{rel}","templated":true}]}}