{"id":694540,"date":"2024-08-18T12:10:35","date_gmt":"2024-08-18T09:10:35","guid":{"rendered":"https:\/\/nbg.eu\/product\/slide-stop-26-recessed-kmr\/"},"modified":"2026-05-13T16:02:07","modified_gmt":"2026-05-13T13:02:07","slug":"slide-stop-26-recessed-kmr","status":"publish","type":"product","link":"https:\/\/nbg.eu\/et\/toode\/slide-stop-26-recessed-kmr\/","title":{"rendered":"KMR Luku Pidur 26 S\u00fcvistatud"},"content":{"rendered":"<h2>SLIDE STOP 26 SULETUD KMR<\/h2>\n<p>Slide stopp on disainitud nii, et seda on lihtne kasutada laskmise ja ajakirja vahetamise ajal.<\/p>\n<p>Seda kasutatakse, et kindlustada slide tagumises asendis, tavaliselt p\u00e4rast ajakirja t\u00fchjendamist. See funktsioon on kaasas enamikes kaasaegsetes ises\u00fclitusega p\u00fcstolites.<\/p>\n<p>Slide lukustus tagumises asendis &#8211; kui ajakiri on t\u00fchi, lukustab slide p\u00fc\u00fcdur slide automaatselt tagumisse asendisse, andes lasurile m\u00e4rku, et ajakiri tuleb v\u00e4lja vahetada.<\/p>\n<p>V\u00f5imaldab uue laskemoona laadimist &#8211; kui uus ajakiri on laaditud, vajutab lasur tavaliselt sulguri p\u00fc\u00fcdurit, mis lubab sulguri liikuda ettepoole, et laadida esimene padroon padrunipessa.<\/p>\n<p>Ohutusfunktsioon &#8211; Slide stopp v\u00f5ib olla ka ohutusfunktsioon, mis hoiab \u00e4ra juhuslikku laskmist, kuni ajakiri on korralikult sisestatud ja relv on kasutamiseks valmis.<\/p>\n<p>Relvadele KMR<br \/>KMR L-02 UMBRA KUNI 2023<\/p>\n","protected":false},"excerpt":{"rendered":"<p>SLIDE STOP 26 RECESSED KMR on mugav ja kindel liuglukkseade, mis on m\u00f5eldud kaasaegsete isekuivatavatele p\u00fcstolitele, h\u00f5lbustades laadimisaluste vahetust ja tagades ohutu kasutuse.<\/p>\n","protected":false},"featured_media":25841,"template":"","meta":{"_acf_changed":false},"product_brand":[11497],"product_cat":[14021],"product_tag":[],"class_list":{"0":"post-694540","1":"product","2":"type-product","3":"status-publish","4":"has-post-thumbnail","6":"product_brand-kmr-precision","7":"product_cat-kmr-osad","9":"first","10":"instock","11":"taxable","12":"shipping-taxable","13":"product-type-simple"},"acf":[],"_links":{"self":[{"href":"https:\/\/nbg.eu\/et\/wp-json\/wp\/v2\/product\/694540","targetHints":{"allow":["GET"]}}],"collection":[{"href":"https:\/\/nbg.eu\/et\/wp-json\/wp\/v2\/product"}],"about":[{"href":"https:\/\/nbg.eu\/et\/wp-json\/wp\/v2\/types\/product"}],"wp:featuredmedia":[{"embeddable":true,"href":"https:\/\/nbg.eu\/et\/wp-json\/wp\/v2\/media\/25841"}],"wp:attachment":[{"href":"https:\/\/nbg.eu\/et\/wp-json\/wp\/v2\/media?parent=694540"}],"wp:term":[{"taxonomy":"product_brand","embeddable":true,"href":"https:\/\/nbg.eu\/et\/wp-json\/wp\/v2\/product_brand?post=694540"},{"taxonomy":"product_cat","embeddable":true,"href":"https:\/\/nbg.eu\/et\/wp-json\/wp\/v2\/product_cat?post=694540"},{"taxonomy":"product_tag","embeddable":true,"href":"https:\/\/nbg.eu\/et\/wp-json\/wp\/v2\/product_tag?post=694540"}],"curies":[{"name":"wp","href":"https:\/\/api.w.org\/{rel}","templated":true}]}}