{"id":694541,"date":"2024-08-16T23:20:35","date_gmt":"2024-08-16T20:20:35","guid":{"rendered":"https:\/\/nbg.eu\/product\/slide-stop-pin-kmr\/"},"modified":"2026-05-13T16:03:14","modified_gmt":"2026-05-13T13:03:14","slug":"slide-stop-pin-kmr","status":"publish","type":"product","link":"https:\/\/nbg.eu\/et\/toode\/slide-stop-pin-kmr\/","title":{"rendered":"KMR Luku Piduri Tihvt"},"content":{"rendered":"<h2>Liuguri Stopp-soon KMR-relva jaoks<\/h2>\n<p>T\u00e4iustage oma KMR-relva toimivust Liuguri Stopp-sooniga, t\u00e4pselt konstrueeritud komponendiga, mis on loodud optimeerima liuguri stopp-hoova ja lukuva p\u00fcstolipiipliidese telgitelg. See soon on valmistatud k\u00f5rgetugevuslikust karastatud terasest ning selle lihvitud pind v\u00e4hendab h\u00f5\u00f5rdumist, tagades sujuva ja t\u00f6\u00f6kindla liidese teie relva tehase tolerantsidega.<\/p>\n<p>Teie KMR-i ts\u00fcklimehhanismi s\u00fcdames t\u00e4idab Liuguri Stopp-soon kriitilise mehhaanilise \u00fchenduse rolli, mis kindlustab p\u00fcstolipiipliidese alumiste nukkide kinnitamise raamile. Selle suur l\u00f5iketugevus v\u00f5imaldab tal taluda korduvia l\u00f6\u00f6ke liuguri ts\u00fcklimise ajal, samal ajal kui selle sile pind v\u00f5imaldab liuguri stopp-hooval liikuda vaevutuvastatavalt, tagades t\u00f6\u00f6kindla viimase laengu sulgumise ja sujuva k\u00e4sitsemise.<\/p>\n<p>T\u00e4iustage oma KMR-p\u00fcstolit Liuguri Stopp-sooniga ja kogege t\u00e4psuse ja t\u00f6\u00f6kindluse erinevust. See t\u00e4pselt konstrueeritud komponent on ideaalne valik n\u00f5udlikele tulistajatele, kes ootavad oma relvadelt parimat.<\/p>\n","protected":false},"excerpt":{"rendered":"<p>T\u00e4pne p\u00f6\u00f6rdteljeliine l\u00fckandpiduri hoova ja padruniluku jaoks. Valmistatud k\u00f5rge t\u00f5mbetugevusega karastatud terasest sileda viimistlusega.<\/p>\n","protected":false},"featured_media":23822,"template":"","meta":{"_acf_changed":false},"product_brand":[11497],"product_cat":[14021],"product_tag":[],"class_list":{"0":"post-694541","1":"product","2":"type-product","3":"status-publish","4":"has-post-thumbnail","6":"product_brand-kmr-precision","7":"product_cat-kmr-osad","9":"first","10":"instock","11":"taxable","12":"shipping-taxable","13":"product-type-simple"},"acf":[],"_links":{"self":[{"href":"https:\/\/nbg.eu\/et\/wp-json\/wp\/v2\/product\/694541","targetHints":{"allow":["GET"]}}],"collection":[{"href":"https:\/\/nbg.eu\/et\/wp-json\/wp\/v2\/product"}],"about":[{"href":"https:\/\/nbg.eu\/et\/wp-json\/wp\/v2\/types\/product"}],"wp:featuredmedia":[{"embeddable":true,"href":"https:\/\/nbg.eu\/et\/wp-json\/wp\/v2\/media\/23822"}],"wp:attachment":[{"href":"https:\/\/nbg.eu\/et\/wp-json\/wp\/v2\/media?parent=694541"}],"wp:term":[{"taxonomy":"product_brand","embeddable":true,"href":"https:\/\/nbg.eu\/et\/wp-json\/wp\/v2\/product_brand?post=694541"},{"taxonomy":"product_cat","embeddable":true,"href":"https:\/\/nbg.eu\/et\/wp-json\/wp\/v2\/product_cat?post=694541"},{"taxonomy":"product_tag","embeddable":true,"href":"https:\/\/nbg.eu\/et\/wp-json\/wp\/v2\/product_tag?post=694541"}],"curies":[{"name":"wp","href":"https:\/\/api.w.org\/{rel}","templated":true}]}}