{"id":694575,"date":"2024-08-17T18:04:38","date_gmt":"2024-08-17T15:04:38","guid":{"rendered":"https:\/\/nbg.eu\/product\/slide-stop-spring-kmr\/"},"modified":"2026-05-13T15:09:53","modified_gmt":"2026-05-13T12:09:53","slug":"slide-stop-spring-kmr","status":"publish","type":"product","link":"https:\/\/nbg.eu\/et\/toode\/slide-stop-spring-kmr\/","title":{"rendered":"KMR Luku Piduri Vedru"},"content":{"rendered":"<h2>Slide Stop Spring KMR<\/h2>\n<p>See s\u00f5jas\u00fcsteem on oluline komponent paljude KMR-seeria relvade jaoks. See on loodud pakkuma usaldusv\u00e4\u00e4rset ja stabiilset t\u00f6\u00f6d.<\/p>\n<p>See on valmistatud t\u00e4psusega ja detailidele keskendudes, tagades sujuva ja usaldusv\u00e4\u00e4rse t\u00f6\u00f6 ning panustades relvas\u00fcsteemi \u00fcldisesse t\u00f6\u00f6korras hoidmisse ja t\u00f6\u00f6kindlussse. Selle vastupidav konstruktsioon ja t\u00e4pne insenerit\u00f6\u00f6 teevad sellest kriitilise komponendi, et s\u00e4ilitada oma KMR-\u00fchilduva relva terviklikkus ja t\u00f6\u00f6v\u00f5ime.<\/p>\n<p>See vedru on h\u00e4davajalik tarvik, et hoida oma KMR-varustatud relva parimas t\u00f6\u00f6korras. Investeerige sellesse k\u00f5rgekvaliteedilisse komponenti, et tagada oma relva p\u00fcsiv t\u00f6\u00f6kindlus ja sujuv t\u00f6\u00f6.<\/p>\n<\/p>\n<p>Sobilik relvadele KMR:<\/p>\n<\/p>\n<p>KMR L-02 EMIQ<\/p>\n<\/p>\n<p>KMR L-02 EMIQ (OR)<\/p>\n<\/p>\n<p>KMR L-02 ORCA kuni 2023<\/p>\n<\/p>\n<p>KMR L-02 SPECTRA alates 2024<\/p>\n<\/p>\n<p>KMR L-02 SPECTRA kuni 2023<\/p>\n<\/p>\n<p>KMR L-02 UMBRA (OR) SR<\/p>\n<\/p>\n<p>KMR S-01 LANCE (OR)<\/p>\n<\/p>\n<p>KMR S-02 alates 2024<\/p>\n<\/p>\n<p>KMR S-02 kuni 2023<\/p>\n<\/p>\n<p>KMR W-02 CUDA (OR)<\/p>\n<\/p>\n<p>KMR W-02 UMBRA<\/p>\n<\/p>\n<p>KMR W-02 UMBRA (OR)<\/p>\n","protected":false},"excerpt":{"rendered":"<p>Liuguri peatamisvedru KMR &#8211; sobib erinevate KMR-relvadega.<\/p>\n","protected":false},"featured_media":24872,"template":"","meta":{"_acf_changed":false},"product_brand":[11497],"product_cat":[14021,14039],"product_tag":[],"class_list":{"0":"post-694575","1":"product","2":"type-product","3":"status-publish","4":"has-post-thumbnail","6":"product_brand-kmr-precision","7":"product_cat-kmr-osad","8":"product_cat-vedrud","10":"first","11":"instock","12":"taxable","13":"shipping-taxable","14":"product-type-simple"},"acf":[],"_links":{"self":[{"href":"https:\/\/nbg.eu\/et\/wp-json\/wp\/v2\/product\/694575","targetHints":{"allow":["GET"]}}],"collection":[{"href":"https:\/\/nbg.eu\/et\/wp-json\/wp\/v2\/product"}],"about":[{"href":"https:\/\/nbg.eu\/et\/wp-json\/wp\/v2\/types\/product"}],"wp:featuredmedia":[{"embeddable":true,"href":"https:\/\/nbg.eu\/et\/wp-json\/wp\/v2\/media\/24872"}],"wp:attachment":[{"href":"https:\/\/nbg.eu\/et\/wp-json\/wp\/v2\/media?parent=694575"}],"wp:term":[{"taxonomy":"product_brand","embeddable":true,"href":"https:\/\/nbg.eu\/et\/wp-json\/wp\/v2\/product_brand?post=694575"},{"taxonomy":"product_cat","embeddable":true,"href":"https:\/\/nbg.eu\/et\/wp-json\/wp\/v2\/product_cat?post=694575"},{"taxonomy":"product_tag","embeddable":true,"href":"https:\/\/nbg.eu\/et\/wp-json\/wp\/v2\/product_tag?post=694575"}],"curies":[{"name":"wp","href":"https:\/\/api.w.org\/{rel}","templated":true}]}}