{"id":694632,"date":"2024-08-18T12:24:10","date_gmt":"2024-08-18T09:24:10","guid":{"rendered":"https:\/\/nbg.eu\/product\/thread-cover-kmr-m13x1l-black\/"},"modified":"2026-05-13T16:02:26","modified_gmt":"2026-05-13T13:02:26","slug":"thread-cover-kmr-m13x1l-black","status":"publish","type":"product","link":"https:\/\/nbg.eu\/et\/toode\/thread-cover-kmr-m13x1l-black\/","title":{"rendered":"KMR Keermekate M13x1L Must"},"content":{"rendered":"<h2>Keermelukk KMR M13X1L must<\/h2>\n<p>T\u00f5stke oma relvade taktikalist toimivust keermelukuga. Disainitud KMR L-02 UMBRA (OR) SR-ga sujuvaks integratsiooniks, see keermelukk pakub silutud ja vastupidavat lahendust teie relva keermete kaitsmiseks, kui seda ei kasutata.<\/p>\n<p>Valmistatud kvaliteetsetest materjalidest, keermelukk pakub robustset konstruktsiooni, mis suudab vastu pidada taktikaliste keskkondade n\u00f5uetele. Selle must viimistlus sulandub teie relvaga sujuvalt, tagades puhtama ja professionaalsema v\u00e4ljan\u00e4gemise.<\/p>\n","protected":false},"excerpt":{"rendered":"<p>Niidikate KMR M13X1L must KMR L-02 UMBRA (OR) SR jaoks.<\/p>\n","protected":false},"featured_media":26002,"template":"","meta":{"_acf_changed":false},"product_brand":[11497],"product_cat":[14021],"product_tag":[],"class_list":{"0":"post-694632","1":"product","2":"type-product","3":"status-publish","4":"has-post-thumbnail","6":"product_brand-kmr-precision","7":"product_cat-kmr-osad","9":"first","10":"instock","11":"taxable","12":"shipping-taxable","13":"product-type-simple"},"acf":[],"_links":{"self":[{"href":"https:\/\/nbg.eu\/et\/wp-json\/wp\/v2\/product\/694632","targetHints":{"allow":["GET"]}}],"collection":[{"href":"https:\/\/nbg.eu\/et\/wp-json\/wp\/v2\/product"}],"about":[{"href":"https:\/\/nbg.eu\/et\/wp-json\/wp\/v2\/types\/product"}],"wp:featuredmedia":[{"embeddable":true,"href":"https:\/\/nbg.eu\/et\/wp-json\/wp\/v2\/media\/26002"}],"wp:attachment":[{"href":"https:\/\/nbg.eu\/et\/wp-json\/wp\/v2\/media?parent=694632"}],"wp:term":[{"taxonomy":"product_brand","embeddable":true,"href":"https:\/\/nbg.eu\/et\/wp-json\/wp\/v2\/product_brand?post=694632"},{"taxonomy":"product_cat","embeddable":true,"href":"https:\/\/nbg.eu\/et\/wp-json\/wp\/v2\/product_cat?post=694632"},{"taxonomy":"product_tag","embeddable":true,"href":"https:\/\/nbg.eu\/et\/wp-json\/wp\/v2\/product_tag?post=694632"}],"curies":[{"name":"wp","href":"https:\/\/api.w.org\/{rel}","templated":true}]}}