{"id":694715,"date":"2024-09-18T14:03:06","date_gmt":"2024-09-18T11:03:06","guid":{"rendered":"https:\/\/nbg.eu\/product\/thumbrest-2-205-alu-black-kmr\/"},"modified":"2026-05-13T16:52:11","modified_gmt":"2026-05-13T13:52:11","slug":"thumbrest-2-205-alu-black-kmr","status":"publish","type":"product","link":"https:\/\/nbg.eu\/et\/toode\/thumbrest-2-205-alu-black-kmr\/","title":{"rendered":"KMR P\u00f6idlatugi 2-20.5\u00b0 ALU Must"},"content":{"rendered":"<h2>T\u00f5stke oma laskekogemust THUMBREST 2-20,5\u00b0 ALU BLACK KMR-iga<\/h2>\n<p>THUMBREST 2-20,5\u00b0 ALU BLACK KMR on laskmises osalevate inimeste jaoks h\u00e4davajalik lisatarvik, mis pakub t\u00e4pset kontrolli ja stabiilsust. See on m\u00f5eldud kasutamiseks KMR-relvadega ning see annab mugava haarde, aidates teil tulirelva stabiliseerida ja laskt\u00e4psust parandada.<\/p>\n<p>K\u00f5rge kvaliteediga alumiiniumist valmistatud p\u00f6idlatugi on 20,5-kraadise nurga all, mis sobib ideaalselt k\u00e4e loomulikku asendit, pakkudes kindlat ja ergonoomiliselt sobivat haaramist. See innovaatiline disain v\u00e4hendab k\u00e4ev\u00e4simust ja v\u00f5imaldab paremat kontrolli, isegi pikemaajalistel laskeseancidel.<\/p>\n<p>Sobib kasutamiseks KMR L-02 ORCA-ga kuni 2023. aastani ning on usaldusv\u00e4\u00e4rne ja vastupidav lahendus, mis suudab taluda taktikalise ja v\u00f5istluslaskmise n\u00f5udeid. T\u00e4pselt meisterdatud ja detailidele r\u00f5hutav THUMBREST 2-20,5\u00b0 ALU BLACK KMR on t\u00e4iuslik lisus teie relvakollektsioonile.<\/p>\n<p>Viide 0581-00202-0101<\/p>\n","protected":false},"excerpt":{"rendered":"<p>Mugav k\u00e4epide, stabiliseerib relva, parem kontroll KMR L-02 ORCA kuni 2023.<\/p>\n","protected":false},"featured_media":24197,"template":"","meta":{"_acf_changed":false},"product_brand":[11497],"product_cat":[14021],"product_tag":[],"class_list":{"0":"post-694715","1":"product","2":"type-product","3":"status-publish","4":"has-post-thumbnail","6":"product_brand-kmr-precision","7":"product_cat-kmr-osad","9":"first","10":"outofstock","11":"taxable","12":"shipping-taxable","13":"product-type-simple"},"acf":[],"_links":{"self":[{"href":"https:\/\/nbg.eu\/et\/wp-json\/wp\/v2\/product\/694715","targetHints":{"allow":["GET"]}}],"collection":[{"href":"https:\/\/nbg.eu\/et\/wp-json\/wp\/v2\/product"}],"about":[{"href":"https:\/\/nbg.eu\/et\/wp-json\/wp\/v2\/types\/product"}],"wp:featuredmedia":[{"embeddable":true,"href":"https:\/\/nbg.eu\/et\/wp-json\/wp\/v2\/media\/24197"}],"wp:attachment":[{"href":"https:\/\/nbg.eu\/et\/wp-json\/wp\/v2\/media?parent=694715"}],"wp:term":[{"taxonomy":"product_brand","embeddable":true,"href":"https:\/\/nbg.eu\/et\/wp-json\/wp\/v2\/product_brand?post=694715"},{"taxonomy":"product_cat","embeddable":true,"href":"https:\/\/nbg.eu\/et\/wp-json\/wp\/v2\/product_cat?post=694715"},{"taxonomy":"product_tag","embeddable":true,"href":"https:\/\/nbg.eu\/et\/wp-json\/wp\/v2\/product_tag?post=694715"}],"curies":[{"name":"wp","href":"https:\/\/api.w.org\/{rel}","templated":true}]}}