{"id":694736,"date":"2024-08-17T15:43:53","date_gmt":"2024-08-17T12:43:53","guid":{"rendered":"https:\/\/nbg.eu\/product\/thumbrest-4-48-alu-black-kmr\/"},"modified":"2026-05-13T16:03:17","modified_gmt":"2026-05-13T13:03:17","slug":"thumbrest-4-48-alu-black-kmr","status":"publish","type":"product","link":"https:\/\/nbg.eu\/et\/toode\/thumbrest-4-48-alu-black-kmr\/","title":{"rendered":"KMR P\u00f6idlatugi 4-48\u00b0 ALU Must jaoks Orca 2023"},"content":{"rendered":"<h2>P\u00d6IDLATUGI 4-48\u00b0 ALU MUST KMR<\/h2>\n<p>T\u00e4iustage oma laskmiskogemust P\u00d6IDLATOE 4-48\u00b0 ALU MUSTA KMRiga. See innovatiivne tarvik pakub mugavat ja stabiilset haaret relvale, mis v\u00f5imaldab teil s\u00e4ilitada paremat kontrolli ja t\u00e4psust lastes.<\/p>\n<p>Loodud kasutamiseks KMR-relvadega, eelk\u00f5ige KMR L-02 ORCA mudeliga kuni 2023. aastani, on p\u00f6idlatoel 4-48\u00b0 nurga reguleerimise vahemik. See reguleeritavus tagab kohandatud sobivuse, mis vastab teie isiklikule laskmisstiilile ja eelistustele.<\/p>\n<p>Parandage oma lasketulemus ja t\u00f5stke kontroll P\u00d6IDLALUGA 4-48\u00b0 ALU MUSTA KMRiga. T\u00f5stke oma laskmiskogemust ja viige oma oskused uuele tasemele.<\/p>\n","protected":false},"excerpt":{"rendered":"<p>Mugav haaramine, stabiliseeritud relv, parem juhtimine KMR L-02 ORCA.<\/p>\n","protected":false},"featured_media":24243,"template":"","meta":{"_acf_changed":false},"product_brand":[11497],"product_cat":[14021],"product_tag":[],"class_list":{"0":"post-694736","1":"product","2":"type-product","3":"status-publish","4":"has-post-thumbnail","6":"product_brand-kmr-precision","7":"product_cat-kmr-osad","9":"first","10":"instock","11":"taxable","12":"shipping-taxable","13":"product-type-simple"},"acf":[],"_links":{"self":[{"href":"https:\/\/nbg.eu\/et\/wp-json\/wp\/v2\/product\/694736","targetHints":{"allow":["GET"]}}],"collection":[{"href":"https:\/\/nbg.eu\/et\/wp-json\/wp\/v2\/product"}],"about":[{"href":"https:\/\/nbg.eu\/et\/wp-json\/wp\/v2\/types\/product"}],"wp:featuredmedia":[{"embeddable":true,"href":"https:\/\/nbg.eu\/et\/wp-json\/wp\/v2\/media\/24243"}],"wp:attachment":[{"href":"https:\/\/nbg.eu\/et\/wp-json\/wp\/v2\/media?parent=694736"}],"wp:term":[{"taxonomy":"product_brand","embeddable":true,"href":"https:\/\/nbg.eu\/et\/wp-json\/wp\/v2\/product_brand?post=694736"},{"taxonomy":"product_cat","embeddable":true,"href":"https:\/\/nbg.eu\/et\/wp-json\/wp\/v2\/product_cat?post=694736"},{"taxonomy":"product_tag","embeddable":true,"href":"https:\/\/nbg.eu\/et\/wp-json\/wp\/v2\/product_tag?post=694736"}],"curies":[{"name":"wp","href":"https:\/\/api.w.org\/{rel}","templated":true}]}}