{"id":694746,"date":"2024-08-18T11:09:22","date_gmt":"2024-08-18T08:09:22","guid":{"rendered":"https:\/\/nbg.eu\/product\/thumbrest-screw-m4x8-din-965-kmr\/"},"modified":"2026-05-13T16:01:00","modified_gmt":"2026-05-13T13:01:00","slug":"thumbrest-screw-m4x8-din-965-kmr","status":"publish","type":"product","link":"https:\/\/nbg.eu\/et\/toode\/thumbrest-screw-m4x8-din-965-kmr\/","title":{"rendered":"KMR P\u00f6idlatoe Kruvi M4x8 DIN 965"},"content":{"rendered":"<h2>P\u00f6idlapesa kruvi M4X8 Din 965 KMR<\/h2>\n<p>P\u00f6idlapesa kruvi M4X8 Din 965 KMR on oluline komponent \u00fchilduvate KMR relvamudeleite jaoks.<\/p>\n<p>Valmistatud vastupidavatest materjalidest, on P\u00f6idlapesa kruvi M4X8 Din 965 KMR loodud taluma taktikalisi keskkondi. Selle korrosioonikindel viimistlus ja tugev konstruktsioon teevad sellest usaldusv\u00e4\u00e4rse valiku relva kohandamiseks ja t\u00e4iustamiseks. Olenemata sellest, kas te uuendate oma KMR-tulirelva v\u00f5i lihtsalt vahetate kulunud kruvi, on see komponent h\u00e4davajalik teie relva optimaalse j\u00f5udluse ja funktsionaalsuse s\u00e4ilitamiseks.<\/p>\n<p>Relvad KMR:<\/p>\n<p>KMR L-02 EMIQ<\/p>\n<p>KMR L-02 EMIQ (OR)<\/p>\n<p>KMR L-02 ORCA ALATES 2024<\/p>\n<p>KMR L-02 ORCA KUNI 2023<\/p>\n","protected":false},"excerpt":{"rendered":"<p>P\u00f6idlatugi kruvi M4x8 DIN 965 KMR L-02 EMIQ ja ORCA relvadele.<\/p>\n","protected":false},"featured_media":25310,"template":"","meta":{"_acf_changed":false},"product_brand":[11497],"product_cat":[14021],"product_tag":[],"class_list":{"0":"post-694746","1":"product","2":"type-product","3":"status-publish","4":"has-post-thumbnail","6":"product_brand-kmr-precision","7":"product_cat-kmr-osad","9":"first","10":"instock","11":"taxable","12":"shipping-taxable","13":"product-type-simple"},"acf":[],"_links":{"self":[{"href":"https:\/\/nbg.eu\/et\/wp-json\/wp\/v2\/product\/694746","targetHints":{"allow":["GET"]}}],"collection":[{"href":"https:\/\/nbg.eu\/et\/wp-json\/wp\/v2\/product"}],"about":[{"href":"https:\/\/nbg.eu\/et\/wp-json\/wp\/v2\/types\/product"}],"wp:featuredmedia":[{"embeddable":true,"href":"https:\/\/nbg.eu\/et\/wp-json\/wp\/v2\/media\/25310"}],"wp:attachment":[{"href":"https:\/\/nbg.eu\/et\/wp-json\/wp\/v2\/media?parent=694746"}],"wp:term":[{"taxonomy":"product_brand","embeddable":true,"href":"https:\/\/nbg.eu\/et\/wp-json\/wp\/v2\/product_brand?post=694746"},{"taxonomy":"product_cat","embeddable":true,"href":"https:\/\/nbg.eu\/et\/wp-json\/wp\/v2\/product_cat?post=694746"},{"taxonomy":"product_tag","embeddable":true,"href":"https:\/\/nbg.eu\/et\/wp-json\/wp\/v2\/product_tag?post=694746"}],"curies":[{"name":"wp","href":"https:\/\/api.w.org\/{rel}","templated":true}]}}