{"id":694779,"date":"2024-08-17T16:53:09","date_gmt":"2024-08-17T13:53:09","guid":{"rendered":"https:\/\/nbg.eu\/product\/thumbrest-for-kmr-red-dot-sight-frame-mount-alu-black\/"},"modified":"2026-04-16T16:40:06","modified_gmt":"2026-04-16T13:40:06","slug":"thumbrest-for-kmr-red-dot-sight-frame-mount-alu-black","status":"publish","type":"product","link":"https:\/\/nbg.eu\/et\/toode\/thumbrest-for-kmr-red-dot-sight-frame-mount-alu-black\/","title":{"rendered":"KMR P\u00f6idlatugi for Red Dot Sight Frame-Mount ALU Must"},"content":{"rendered":"<h2>P\u00f6idlaklamber KMR punase t\u00e4pi sihiku raami-kinnituse alumiiniumile &#8211; must<\/h2>\n<p>Saavutage oma raami-kinnitusega optikasisteemide jaoks suurep\u00e4rane tagasit\u00f5uke juhtimine ja j\u00e4rjepidev k\u00e4e indexeerimine p\u00f6idlaklamber KMR punase t\u00e4pi sihiku raami-kinnituse alumiiniumile &#8211; mustaga. See tarvik on valmistatud k\u00f5rgekvaliteedilisest CNC-t\u00f6\u00f6deldud alumiiniumist ja on loodud spetsiaalselt KMR raami-kinnituse mustritele, sellel on agressiivne &#8220;gaasipedaal&#8221; tekstuur ja matt must anodeeritud viimistlus.<\/p>\n<p>P\u00f6idlaklamber pakub p\u00f6idla jaoks eraldatud hoova punkti, mis v\u00f5imaldab teil m\u00fcrgivalu kompenseerida, rakendades otseselt raamile suunavat allavajutust, s\u00f5ltumatult lukustusmehhanismist. See innovatiivne disain v\u00f5imaldab oluliselt kiiremini sihikule tagasi p\u00f6\u00f6rduda ja aitab teil s\u00e4ilitada tasema laskeprofiiliga kiireid laskeridu.<\/p>\n","protected":false},"excerpt":{"rendered":"<p>P\u00f6idlatugi KMR punapistrikuliinijaoks raamile kinnitatavale &#8211; must. Pakub \u00fclimat tagasil\u00f6\u00f6gi ohjamist ja \u00fchtlast k\u00e4e asetust raamile kinnitatud optilistele s\u00fcsteemidele.<\/p>\n","protected":false},"featured_media":24266,"template":"","meta":{"_acf_changed":false},"product_brand":[11497],"product_cat":[14021],"product_tag":[],"class_list":{"0":"post-694779","1":"product","2":"type-product","3":"status-publish","4":"has-post-thumbnail","6":"product_brand-kmr-precision","7":"product_cat-kmr-osad","9":"first","10":"instock","11":"taxable","12":"shipping-taxable","13":"product-type-simple"},"acf":[],"_links":{"self":[{"href":"https:\/\/nbg.eu\/et\/wp-json\/wp\/v2\/product\/694779","targetHints":{"allow":["GET"]}}],"collection":[{"href":"https:\/\/nbg.eu\/et\/wp-json\/wp\/v2\/product"}],"about":[{"href":"https:\/\/nbg.eu\/et\/wp-json\/wp\/v2\/types\/product"}],"wp:featuredmedia":[{"embeddable":true,"href":"https:\/\/nbg.eu\/et\/wp-json\/wp\/v2\/media\/24266"}],"wp:attachment":[{"href":"https:\/\/nbg.eu\/et\/wp-json\/wp\/v2\/media?parent=694779"}],"wp:term":[{"taxonomy":"product_brand","embeddable":true,"href":"https:\/\/nbg.eu\/et\/wp-json\/wp\/v2\/product_brand?post=694779"},{"taxonomy":"product_cat","embeddable":true,"href":"https:\/\/nbg.eu\/et\/wp-json\/wp\/v2\/product_cat?post=694779"},{"taxonomy":"product_tag","embeddable":true,"href":"https:\/\/nbg.eu\/et\/wp-json\/wp\/v2\/product_tag?post=694779"}],"curies":[{"name":"wp","href":"https:\/\/api.w.org\/{rel}","templated":true}]}}