{"id":694827,"date":"2024-09-17T08:32:39","date_gmt":"2024-09-17T05:32:39","guid":{"rendered":"https:\/\/nbg.eu\/product\/trigger-bar-sa-da-kmr-w\/"},"modified":"2026-05-13T16:00:54","modified_gmt":"2026-05-13T13:00:54","slug":"trigger-bar-sa-da-kmr-w","status":"publish","type":"product","link":"https:\/\/nbg.eu\/et\/toode\/trigger-bar-sa-da-kmr-w\/","title":{"rendered":"KMR P\u00e4\u00e4stikuvarras SA\/DA W"},"content":{"rendered":"<h2>P\u00e4\u00e4stikuava SA\/DA KMR W<\/h2>\n<p>Sisemine p\u00fcstoliosake, mis edastab p\u00e4\u00e4stiku liikumise KMR W mudeli tulistamismehhanismile nii \u00fche- kui ka kaheastmelises (SA\/DA) t\u00f6\u00f6re\u017eiimis. See mitmek\u00fclgne p\u00e4\u00e4stikuava on loodud sujuvalt \u00fchilduma j\u00e4rgmiste KMR relvamudeli\u00adtega:<\/p>\n<ul>\n<li>KMR S-01 LANCE (OR)<\/li>\n<li>KMR S-02 ALATES 2024<\/li>\n<li>KMR S-02 KUNI 2023<\/li>\n<li>KMR W-02 CUDA KUNI 2023<\/li>\n<li>KMR W-02 UMBRA<\/li>\n<li>KMR W-02 UMBRA (OR)<\/li>\n<\/ul>\n<p>Viitenumber: 0900-00401-0900.<\/p>\n","protected":false},"excerpt":{"rendered":"<p>Liikumise aktiveerib p\u00e4\u00e4stikul mudeli KMR W SA\/DA tulemehhanism.<\/p>\n","protected":false},"featured_media":25518,"template":"","meta":{"_acf_changed":false},"product_brand":[11497],"product_cat":[14021],"product_tag":[],"class_list":{"0":"post-694827","1":"product","2":"type-product","3":"status-publish","4":"has-post-thumbnail","6":"product_brand-kmr-precision","7":"product_cat-kmr-osad","9":"first","10":"instock","11":"taxable","12":"shipping-taxable","13":"product-type-simple"},"acf":[],"_links":{"self":[{"href":"https:\/\/nbg.eu\/et\/wp-json\/wp\/v2\/product\/694827","targetHints":{"allow":["GET"]}}],"collection":[{"href":"https:\/\/nbg.eu\/et\/wp-json\/wp\/v2\/product"}],"about":[{"href":"https:\/\/nbg.eu\/et\/wp-json\/wp\/v2\/types\/product"}],"wp:featuredmedia":[{"embeddable":true,"href":"https:\/\/nbg.eu\/et\/wp-json\/wp\/v2\/media\/25518"}],"wp:attachment":[{"href":"https:\/\/nbg.eu\/et\/wp-json\/wp\/v2\/media?parent=694827"}],"wp:term":[{"taxonomy":"product_brand","embeddable":true,"href":"https:\/\/nbg.eu\/et\/wp-json\/wp\/v2\/product_brand?post=694827"},{"taxonomy":"product_cat","embeddable":true,"href":"https:\/\/nbg.eu\/et\/wp-json\/wp\/v2\/product_cat?post=694827"},{"taxonomy":"product_tag","embeddable":true,"href":"https:\/\/nbg.eu\/et\/wp-json\/wp\/v2\/product_tag?post=694827"}],"curies":[{"name":"wp","href":"https:\/\/api.w.org\/{rel}","templated":true}]}}