{"id":694856,"date":"2024-08-17T17:23:25","date_gmt":"2024-08-17T14:23:25","guid":{"rendered":"https:\/\/nbg.eu\/product\/trigger-bar-spring-kmr\/"},"modified":"2026-02-26T12:13:57","modified_gmt":"2026-02-26T09:13:57","slug":"trigger-bar-spring-kmr","status":"publish","type":"product","link":"https:\/\/nbg.eu\/et\/toode\/trigger-bar-spring-kmr\/","title":{"rendered":"P\u00e4\u00e4stiku baari vedru KMR"},"content":{"rendered":"<h2>Relvade KMR jaoks Trigger Bar Spring KMR<\/h2>\n<p>See vedru on valmistatud t\u00e4psusega ja vastupidavusega, et tagada sujuv ja usaldusv\u00e4\u00e4rne p\u00e4\u00e4stikutoiming nendele k\u00f5rgtehnoloogilistele relvadele. Selle tugev konstruktsioon ja hoolikas disain tagavad j\u00e4rjepideva toimivuse isegi k\u00f5ige n\u00f5udlikumas keskkonnas.<\/p>\n<p>Olenemata sellest, kas olete professionaalne laskur v\u00f5i kirgliku harrastaja, on see osa oluline asendusosa, et s\u00e4ilitada teie KMR-relva optimaalne funktsionaalsus. Investeerige sellesse kvaliteetkomponenti, et hoida oma relvad parimais t\u00f6\u00f6korralduses.<\/p>\n<p>Relvad KMR:<\/p>\n<p>KMR L-02 SPECTRA alates 2024<\/p>\n<p>KMR L-02 SPECTRA kuni 2023<\/p>\n<p>KMR L-02 UMBRA (OR) SR<\/p>\n<p>KMR S-01 LANCE (OR)<\/p>\n<p>KMR S-02 alates 2024<\/p>\n<p>KMR S-02 kuni 2023<\/p>\n<p>KMR W-02 CUDA (OR)<\/p>\n<p>KMR W-02 UMBRA<\/p>\n<p>KMR W-02 UMBRA (OR)<\/p>\n","protected":false},"excerpt":{"rendered":"<p>T\u00f5mba\u00f5li vedru KMR mudelitele.<\/p>\n","protected":false},"featured_media":24636,"template":"","meta":{"_acf_changed":false},"product_brand":[11497],"product_cat":[14021,14039],"product_tag":[],"class_list":{"0":"post-694856","1":"product","2":"type-product","3":"status-publish","4":"has-post-thumbnail","6":"product_brand-kmr-precision","7":"product_cat-kmr-osad","8":"product_cat-vedrud","10":"first","11":"instock","12":"taxable","13":"shipping-taxable","14":"product-type-simple"},"acf":[],"_links":{"self":[{"href":"https:\/\/nbg.eu\/et\/wp-json\/wp\/v2\/product\/694856","targetHints":{"allow":["GET"]}}],"collection":[{"href":"https:\/\/nbg.eu\/et\/wp-json\/wp\/v2\/product"}],"about":[{"href":"https:\/\/nbg.eu\/et\/wp-json\/wp\/v2\/types\/product"}],"wp:featuredmedia":[{"embeddable":true,"href":"https:\/\/nbg.eu\/et\/wp-json\/wp\/v2\/media\/24636"}],"wp:attachment":[{"href":"https:\/\/nbg.eu\/et\/wp-json\/wp\/v2\/media?parent=694856"}],"wp:term":[{"taxonomy":"product_brand","embeddable":true,"href":"https:\/\/nbg.eu\/et\/wp-json\/wp\/v2\/product_brand?post=694856"},{"taxonomy":"product_cat","embeddable":true,"href":"https:\/\/nbg.eu\/et\/wp-json\/wp\/v2\/product_cat?post=694856"},{"taxonomy":"product_tag","embeddable":true,"href":"https:\/\/nbg.eu\/et\/wp-json\/wp\/v2\/product_tag?post=694856"}],"curies":[{"name":"wp","href":"https:\/\/api.w.org\/{rel}","templated":true}]}}