{"id":695134,"date":"2024-08-16T23:17:10","date_gmt":"2024-08-16T20:17:10","guid":{"rendered":"https:\/\/nbg.eu\/product\/trigger-hammer-pin-kmr\/"},"modified":"2026-05-13T16:02:03","modified_gmt":"2026-05-13T13:02:03","slug":"trigger-hammer-pin-kmr","status":"publish","type":"product","link":"https:\/\/nbg.eu\/et\/toode\/trigger-hammer-pin-kmr\/","title":{"rendered":"KMR P\u00e4\u00e4stik &amp; Hammer Pin"},"content":{"rendered":"<h2>P\u00c4\u00c4STIK JA HAAMER PIN<\/h2>\n<p>T\u00e4iustage oma relva j\u00f5udlust P\u00c4\u00c4STIK JA HAAMER PINI abil, mis on k\u00f5rge kvaliteediga asenduskomponent, mille eesm\u00e4rk on parandada p\u00e4\u00e4stikut\u00f5mmet ja \u00fcldist laskmiskogemust. See pinnisari on valmistatud kvaliteetsetest materjalidest ja on konstrueeritud pakkuma sujuvat ja \u00fchtlast p\u00e4\u00e4stikutoimimist, mis tagab parema t\u00e4psuse ja kontrolli.<\/p>\n<p>T\u00e4pse masinv\u00e4ljat\u00f6\u00f6tatud disaini t\u00f5ttu tagab P\u00c4\u00c4STIK JA HAAMER PIN ideaalse sobivuse teie relvale, minimeerides m\u00e4ngu ja parandades p\u00e4\u00e4stikuvastust. Selle vastupidav konstruktsioon on loodud taluma sagedast kasutust, tagades pikaajalise t\u00f6\u00f6kindluse ja j\u00f5udluse.<\/p>\n<p>Disainitud plug-in asendusena on P\u00c4\u00c4STIK JA HAAMER PIN lihtne paigaldada, v\u00f5imaldades teil kiiremini ja vaevata oma relva t\u00e4iustada ilma spetsiaalsete t\u00f6\u00f6riistade v\u00f5i ulatuslike modifikatsioonideta. Olenemata sellest, kas olete v\u00f5istlustulelaskur, taktikaline operaator v\u00f5i entusiastlik harrastaja, t\u00f5stab see pinnisari teie laskeoskusi ja viib teie relva j\u00f5udluse uuele tasemele.<\/p>\n<p>KMR relvadele, nagu:<br \/>\nKMR L-02 EMIQ<br \/>\nKMR L-02 EMIQ (OR)<br \/>\nKMR L-02 ORCA ALATES 2024<br \/>\nKMR L-02 ORCA KUNI 2023<br \/>\nKMR L-02 SPECTRA ALATES 2024<br \/>\nKMR L-02 SPECTRA KUNI 2023<br \/>\nKMR L-02 UMBRA ALATES 2024<br \/>\nKMR L-02 UMBRA KUNI 2023<br \/>\nKMR S-01 LANCE (OR)<br \/>\nKMR S-02 ALATES 2024<br \/>\nKMR S-02 KUNI 2023<br \/>\nKMR W-02 CUDA ALATES 2024<br \/>\nKMR W-02 CUDA KUNI 2023<br \/>\nKMR W-02 UMBRA<br \/>\nKMR W-02 UMBRA (OR)<\/p>\n","protected":false},"excerpt":{"rendered":"<p>K\u00f5rgekvaliteediline p\u00e4\u00e4stiku- ja haamrisuupiir KMR p\u00fcstolitele, t\u00e4pselt inseneritud.<\/p>\n","protected":false},"featured_media":720189,"template":"","meta":{"_acf_changed":false},"product_brand":[11497],"product_cat":[14021],"product_tag":[],"class_list":{"0":"post-695134","1":"product","2":"type-product","3":"status-publish","4":"has-post-thumbnail","6":"product_brand-kmr-precision","7":"product_cat-kmr-osad","9":"first","10":"instock","11":"taxable","12":"shipping-taxable","13":"product-type-simple"},"acf":[],"_links":{"self":[{"href":"https:\/\/nbg.eu\/et\/wp-json\/wp\/v2\/product\/695134","targetHints":{"allow":["GET"]}}],"collection":[{"href":"https:\/\/nbg.eu\/et\/wp-json\/wp\/v2\/product"}],"about":[{"href":"https:\/\/nbg.eu\/et\/wp-json\/wp\/v2\/types\/product"}],"wp:featuredmedia":[{"embeddable":true,"href":"https:\/\/nbg.eu\/et\/wp-json\/wp\/v2\/media\/720189"}],"wp:attachment":[{"href":"https:\/\/nbg.eu\/et\/wp-json\/wp\/v2\/media?parent=695134"}],"wp:term":[{"taxonomy":"product_brand","embeddable":true,"href":"https:\/\/nbg.eu\/et\/wp-json\/wp\/v2\/product_brand?post=695134"},{"taxonomy":"product_cat","embeddable":true,"href":"https:\/\/nbg.eu\/et\/wp-json\/wp\/v2\/product_cat?post=695134"},{"taxonomy":"product_tag","embeddable":true,"href":"https:\/\/nbg.eu\/et\/wp-json\/wp\/v2\/product_tag?post=695134"}],"curies":[{"name":"wp","href":"https:\/\/api.w.org\/{rel}","templated":true}]}}