{"id":695181,"date":"2024-08-16T23:16:32","date_gmt":"2024-08-16T20:16:32","guid":{"rendered":"https:\/\/nbg.eu\/product\/trigger-pin-kmr\/"},"modified":"2026-05-13T16:03:22","modified_gmt":"2026-05-13T13:03:22","slug":"trigger-pin-kmr","status":"publish","type":"product","link":"https:\/\/nbg.eu\/et\/toode\/trigger-pin-kmr\/","title":{"rendered":"KMR P\u00e4\u00e4stikutihvt"},"content":{"rendered":"<h2>T\u00e4pne P\u00e4\u00e4stiku Liigend KMR P\u00fcstolige<\/h2>\n<p>Vabasta oma KMR p\u00fcstoli t\u00e4ielik potentsiaal meie premium P\u00e4\u00e4stiku Tihvtiga. See on valmistatud k\u00f5vendatud t\u00f6\u00f6stusterasest ja sellel on t\u00e4pselt silendatud pind, mis pakub stabiilset, v\u00e4ikese h\u00f5\u00f5rdumisega p\u00f6\u00f6rlemistelje, mida on vaja, et p\u00e4\u00e4stik sujuvalt p\u00f6\u00f6rduks. Erinevalt tehase osadest, meie P\u00e4\u00e4stiku Tihvt k\u00f5rvaldab k\u00fclgsuunalise &#8220;k\u00f5ikumise&#8221;, tagades \u00fchtlase, korratava p\u00e4\u00e4stiku t\u00f5mbe ja v\u00e4ltides raamistiku kulumist p\u00e4rast tuhandeid ts\u00fckleid.<\/p>\n<p>V\u00e4lja t\u00f6\u00f6tatud t\u00e4psetele KMR tolerantsidele, meie P\u00e4\u00e4stiku Tihvt sobib t\u00e4iuslikult, \u00fchildudes sujuvalt teie p\u00fcstoli tehase p\u00e4\u00e4stiku koostuga. See vastupidav, k\u00f5rge tugevusega disain optimeerib kriitilise liidese teie s\u00f5rme ja s\u00fc\u00fctemehhanismi vahel, muutes t\u00e4psuse, t\u00e4psuse ja kontrolli iga lasku puhul paremaks.<\/p>\n<p>Olgu te v\u00f5istlustulelane, kes soovib oma seadistust t\u00e4iustada v\u00f5i vaba aja kasutaja, kes tahab oma KMR-i t\u00e4iendada, meie P\u00e4\u00e4stiku Tihvt on puuduv l\u00fcli, mis vabastab teie relva t\u00e4ispotentsiaali. Kogege erinevust, mida t\u00f5eliselt t\u00e4pne, v\u00e4ikese h\u00f5\u00f5rdumisega p\u00e4\u00e4stiku liigend saab teie sooritusele ja t\u00f6\u00f6kindlusele tuua.<\/p>\n","protected":false},"excerpt":{"rendered":"<p>T\u00e4pne keermetelg rakise montaa\u017eiks. T\u00e4pselt t\u00f6\u00f6deldud karastatud t\u00f6\u00f6riisteraud, \u00fclisile pindviimistlus ja t\u00e4pne l\u00e4bim\u00f5\u00f5t KMR-i tehase tolerantsidega. Pakub stabiilset, madala h\u00f5\u00f5rdumisega telge, mida on vaja p\u00e4\u00e4stiku sujuvaks p\u00f6\u00f6rlemiseks; k\u00f5rgtugevuses konstruktsioon k\u00f5rvaldab k\u00fclgsuunalise &#8220;k\u00f5ikumise&#8221;, tagades \u00fchtlase, korratava p\u00e4\u00e4stikuanduri ja v\u00e4ltides raamiristi kulumist tuhandete ts\u00fcklite jooksul.<\/p>\n","protected":false},"featured_media":23729,"template":"","meta":{"_acf_changed":false},"product_brand":[11497],"product_cat":[14021],"product_tag":[],"class_list":{"0":"post-695181","1":"product","2":"type-product","3":"status-publish","4":"has-post-thumbnail","6":"product_brand-kmr-precision","7":"product_cat-kmr-osad","9":"first","10":"instock","11":"taxable","12":"shipping-taxable","13":"product-type-simple"},"acf":[],"_links":{"self":[{"href":"https:\/\/nbg.eu\/et\/wp-json\/wp\/v2\/product\/695181","targetHints":{"allow":["GET"]}}],"collection":[{"href":"https:\/\/nbg.eu\/et\/wp-json\/wp\/v2\/product"}],"about":[{"href":"https:\/\/nbg.eu\/et\/wp-json\/wp\/v2\/types\/product"}],"wp:featuredmedia":[{"embeddable":true,"href":"https:\/\/nbg.eu\/et\/wp-json\/wp\/v2\/media\/23729"}],"wp:attachment":[{"href":"https:\/\/nbg.eu\/et\/wp-json\/wp\/v2\/media?parent=695181"}],"wp:term":[{"taxonomy":"product_brand","embeddable":true,"href":"https:\/\/nbg.eu\/et\/wp-json\/wp\/v2\/product_brand?post=695181"},{"taxonomy":"product_cat","embeddable":true,"href":"https:\/\/nbg.eu\/et\/wp-json\/wp\/v2\/product_cat?post=695181"},{"taxonomy":"product_tag","embeddable":true,"href":"https:\/\/nbg.eu\/et\/wp-json\/wp\/v2\/product_tag?post=695181"}],"curies":[{"name":"wp","href":"https:\/\/api.w.org\/{rel}","templated":true}]}}