{"id":695230,"date":"2024-08-17T17:20:46","date_gmt":"2024-08-17T14:20:46","guid":{"rendered":"https:\/\/nbg.eu\/product\/trigger-spring-sa-da-kmr\/"},"modified":"2026-05-13T16:03:41","modified_gmt":"2026-05-13T13:03:41","slug":"trigger-spring-sa-da-kmr","status":"publish","type":"product","link":"https:\/\/nbg.eu\/et\/toode\/trigger-spring-sa-da-kmr\/","title":{"rendered":"KMR P\u00e4\u00e4stikuvedru SA\/DA"},"content":{"rendered":"<h2>Trigger Spring SA\/DA KMR: Relvade j\u00f5udluse parandamine mitmel platvormil<\/h2>\n<p>Trigger Spring SA\/DA KMR on mitmek\u00fclgne ja usaldusv\u00e4\u00e4rne lisaseade, mis on m\u00f5eldud KMR-seeria relvade funktsionaalsuse parandamiseks. See on \u00fchildav paljude mudelitega ning see trigeriveeruga koost tagab sujuva integreerimise ja parema j\u00f5udluse teie relva jaoks.<\/p>\n<p>Olenemata sellest, kas olete v\u00f5istlustulikas, taktiline entusiast v\u00f5i vastutustundlik relvaomanik, on Trigger Spring SA\/DA KMR h\u00e4davajalik lisaseade, et optimeerida teie relva j\u00f5udlust. T\u00f5stke oma laskmiskogemust selle usaldusv\u00e4\u00e4rse ja mitmek\u00fclgse komponendiga.<\/p>\n<p>Relvad KMR:<\/p>\n<p>KMR L-02 SPECTRA alates 2024<\/p>\n<p>KMR L-02 SPECTRA kuni 2023<\/p>\n<p>KMR L-02 UMBRA (OR) SR<\/p>\n<p>KMR S-01 LANCE (OR)<\/p>\n<p>KMR S-02 alates 2024<\/p>\n<p>KMR S-02 kuni 2023<\/p>\n<p>KMR W-02 CUDA (OR)<\/p>\n<p>KMR W-02 UMBRA<\/p>\n<p>KMR W-02 UMBRA (OR)<\/p>\n","protected":false},"excerpt":{"rendered":"<p>Tugil\u00fcliti vedru SA\/DA KMR seadmele KMR L-02 SPECTRA, S-01 LANCE, S-02, W-02 CUDA\/UMBRA relvadele.<\/p>\n","protected":false},"featured_media":24589,"template":"","meta":{"_acf_changed":false},"product_brand":[11497],"product_cat":[14021,15042,14039],"product_tag":[],"class_list":{"0":"post-695230","1":"product","2":"type-product","3":"status-publish","4":"has-post-thumbnail","6":"product_brand-kmr-precision","7":"product_cat-kmr-osad","8":"product_cat-trigger-springs-et-2","9":"product_cat-vedrud","11":"first","12":"instock","13":"taxable","14":"shipping-taxable","15":"product-type-simple"},"acf":[],"_links":{"self":[{"href":"https:\/\/nbg.eu\/et\/wp-json\/wp\/v2\/product\/695230","targetHints":{"allow":["GET"]}}],"collection":[{"href":"https:\/\/nbg.eu\/et\/wp-json\/wp\/v2\/product"}],"about":[{"href":"https:\/\/nbg.eu\/et\/wp-json\/wp\/v2\/types\/product"}],"wp:featuredmedia":[{"embeddable":true,"href":"https:\/\/nbg.eu\/et\/wp-json\/wp\/v2\/media\/24589"}],"wp:attachment":[{"href":"https:\/\/nbg.eu\/et\/wp-json\/wp\/v2\/media?parent=695230"}],"wp:term":[{"taxonomy":"product_brand","embeddable":true,"href":"https:\/\/nbg.eu\/et\/wp-json\/wp\/v2\/product_brand?post=695230"},{"taxonomy":"product_cat","embeddable":true,"href":"https:\/\/nbg.eu\/et\/wp-json\/wp\/v2\/product_cat?post=695230"},{"taxonomy":"product_tag","embeddable":true,"href":"https:\/\/nbg.eu\/et\/wp-json\/wp\/v2\/product_tag?post=695230"}],"curies":[{"name":"wp","href":"https:\/\/api.w.org\/{rel}","templated":true}]}}