{"id":695260,"date":"2024-08-16T23:17:42","date_gmt":"2024-08-16T20:17:42","guid":{"rendered":"https:\/\/nbg.eu\/product\/trigger-pin-kmr-s-02\/"},"modified":"2026-04-16T16:41:15","modified_gmt":"2026-04-16T13:41:15","slug":"trigger-pin-kmr-s-02","status":"publish","type":"product","link":"https:\/\/nbg.eu\/et\/toode\/trigger-pin-kmr-s-02\/","title":{"rendered":"KMR P\u00e4\u00e4stikutihvt S-02"},"content":{"rendered":"<h2>KMR S-02 p\u00e4\u00e4stikupolt: t\u00e4pne p\u00f6\u00f6rlev liiges optimaalse p\u00e4\u00e4stiku j\u00f5udluse jaoks<\/h2>\n<p>KMR S-02 p\u00e4\u00e4stikupolt on t\u00e4pselt inseneritud komponent, mis on m\u00f5eldud pakkuma kriitilise mehhaanilise telje p\u00e4\u00e4stiku montaa\u017eile. See erikujuga p\u00f6\u00f6rdepolt on valmistatud karastatud t\u00f6\u00f6riisteraudast, tagades m\u00e4nguvaba sobivuse S-02 raamidimensioonidega, mis toob kaasa stabiilsema p\u00e4\u00e4stiku liikumise ja etteaimatavama, teravama k\u00e4ivituse.<\/p>\n<p>Ultra-madala h\u00f5\u00f5rdega pinna ja suure l\u00f5ikekindlusega p\u00e4\u00e4stikupolt kaitseb S-02 raami sisemist kulumist suure kasutamise korral, s\u00e4ilitades p\u00e4\u00e4stiku mehhanismi terviklikkuse usaldusv\u00e4\u00e4rse j\u00f5udluse tagamiseks ajas. Selline t\u00e4psuse ja detailide t\u00e4helepanu on h\u00e4davajalik tulistajatele, kes n\u00f5uavad p\u00e4\u00e4stiku vastuv\u00f5tlikkuses ja j\u00e4rjekindluses k\u00f5ige paremat.<\/p>\n<p>Olenemata sellest, kas olete v\u00f5istlev tulistaja, taktikaline operaator v\u00f5i kirglik entusiast, pakub KMR S-02 p\u00e4\u00e4stikupolt teie tulirelva p\u00e4\u00e4stiku kogemuse t\u00e4iustamiseks m\u00f5eldud sihip\u00e4rast lahendust. T\u00f5stke oma tulistamise t\u00e4psust ja enesekindlust selle meisterliku inseneerimisega komponendiga, mis on loodud S-02 raami sujuvalt integreeruma ja pakkuma teile v\u00e4\u00e4rilist j\u00f5udlust.<\/p>\n","protected":false},"excerpt":{"rendered":"<p>T\u00e4pne p\u00f6\u00f6ramistelg KMR S-02 \u0161assiile, k\u00f5vastatud teras, ultramadala h\u00f5\u00f5rdumisega.<\/p>\n","protected":false},"featured_media":23752,"template":"","meta":{"_acf_changed":false},"product_brand":[11497],"product_cat":[14021],"product_tag":[],"class_list":{"0":"post-695260","1":"product","2":"type-product","3":"status-publish","4":"has-post-thumbnail","6":"product_brand-kmr-precision","7":"product_cat-kmr-osad","9":"first","10":"instock","11":"taxable","12":"shipping-taxable","13":"product-type-simple"},"acf":[],"_links":{"self":[{"href":"https:\/\/nbg.eu\/et\/wp-json\/wp\/v2\/product\/695260","targetHints":{"allow":["GET"]}}],"collection":[{"href":"https:\/\/nbg.eu\/et\/wp-json\/wp\/v2\/product"}],"about":[{"href":"https:\/\/nbg.eu\/et\/wp-json\/wp\/v2\/types\/product"}],"wp:featuredmedia":[{"embeddable":true,"href":"https:\/\/nbg.eu\/et\/wp-json\/wp\/v2\/media\/23752"}],"wp:attachment":[{"href":"https:\/\/nbg.eu\/et\/wp-json\/wp\/v2\/media?parent=695260"}],"wp:term":[{"taxonomy":"product_brand","embeddable":true,"href":"https:\/\/nbg.eu\/et\/wp-json\/wp\/v2\/product_brand?post=695260"},{"taxonomy":"product_cat","embeddable":true,"href":"https:\/\/nbg.eu\/et\/wp-json\/wp\/v2\/product_cat?post=695260"},{"taxonomy":"product_tag","embeddable":true,"href":"https:\/\/nbg.eu\/et\/wp-json\/wp\/v2\/product_tag?post=695260"}],"curies":[{"name":"wp","href":"https:\/\/api.w.org\/{rel}","templated":true}]}}