{"id":695286,"date":"2024-09-18T20:47:10","date_gmt":"2024-09-18T17:47:10","guid":{"rendered":"https:\/\/nbg.eu\/product\/weaver-r-n-for-benelli-argo\/"},"modified":"2026-05-13T16:03:02","modified_gmt":"2026-05-13T13:03:02","slug":"weaver-r-n-for-benelli-argo","status":"publish","type":"product","link":"https:\/\/nbg.eu\/et\/toode\/weaver-r-n-for-benelli-argo\/","title":{"rendered":"Weaver R\/N for Benelli ARGO"},"content":{"rendered":"<h2>Weaver raudtee Benelli ARGO (R\/N) jaoks: Tugev optika monteerimine teie Benelli ARGOle<\/h2>\n<p>T\u00f5stke oma Benelli ARGO j\u00f5udlust Weaver raudtee abil Benelli ARGO (R\/N) jaoks. K\u00f5rgtemperatuurterasest masinav\u00e4rk, mis vastab Weaver\/Picatinny standardile, on disainitud, et pakkuda tugevat, tagasil\u00f6\u00f6gikindlat alust kaugj\u00e4lgimisseadmete, punaste t\u00e4ppide ja muude optikavahendite monteerimiseks.<\/p>\n<p>R\u00f6\u00f6pa &#8220;R\/N&#8221; (\u00fcmarik\/negatiivne) raadius sobib t\u00e4pselt Benelli ARGO vastuv\u00f5tja kumerusega, tagades 100% pinnaga kokkupuute. See t\u00e4pne kujundus hoiab raudteed edasi liikumast v\u00f5i vibratsiooni t\u00f5ttu lahti minemast, isegi maksimumtugevusega kaliibri kiire tulevahetuse korral.<\/p>\n<p>Musta matikattega Weaver raudtee Benelli ARGO (R\/N) sulandub sujuvalt teie relva v\u00e4ljan\u00e4gemisega, pakkudes samal ajal stabiilsust ja t\u00f6\u00f6kindlust, mida vajate t\u00e4pseks kaugtulevahetuseks. T\u00f5stke oma Benelli ARGO j\u00f5udlust ja viige oma laskekogemus uutele k\u00f5rgustele selle kvaliteetse Weaver raudteega.<\/p>\n","protected":false},"excerpt":{"rendered":"<p>Weaver-r\u00f6\u00f6pa\u00fchendustugikomplekt Benelli ARGO (R\/N) jaoks pakub suure stabiilsusega optikamonteerimise v\u00f5imalust teie poolautomaat-relvale.<\/p>\n","protected":false},"featured_media":64703,"template":"","meta":{"_acf_changed":false},"product_brand":[],"product_cat":[14907,14022],"product_tag":[],"class_list":{"0":"post-695286","1":"product","2":"type-product","3":"status-publish","4":"has-post-thumbnail","6":"product_cat-mounts-et","7":"product_cat-sihtimisviir","9":"first","10":"outofstock","11":"taxable","12":"shipping-taxable","13":"purchasable","14":"product-type-simple"},"acf":[],"_links":{"self":[{"href":"https:\/\/nbg.eu\/et\/wp-json\/wp\/v2\/product\/695286","targetHints":{"allow":["GET"]}}],"collection":[{"href":"https:\/\/nbg.eu\/et\/wp-json\/wp\/v2\/product"}],"about":[{"href":"https:\/\/nbg.eu\/et\/wp-json\/wp\/v2\/types\/product"}],"wp:featuredmedia":[{"embeddable":true,"href":"https:\/\/nbg.eu\/et\/wp-json\/wp\/v2\/media\/64703"}],"wp:attachment":[{"href":"https:\/\/nbg.eu\/et\/wp-json\/wp\/v2\/media?parent=695286"}],"wp:term":[{"taxonomy":"product_brand","embeddable":true,"href":"https:\/\/nbg.eu\/et\/wp-json\/wp\/v2\/product_brand?post=695286"},{"taxonomy":"product_cat","embeddable":true,"href":"https:\/\/nbg.eu\/et\/wp-json\/wp\/v2\/product_cat?post=695286"},{"taxonomy":"product_tag","embeddable":true,"href":"https:\/\/nbg.eu\/et\/wp-json\/wp\/v2\/product_tag?post=695286"}],"curies":[{"name":"wp","href":"https:\/\/api.w.org\/{rel}","templated":true}]}}