{"id":696294,"date":"2025-12-22T17:18:06","date_gmt":"2025-12-22T14:18:06","guid":{"rendered":"https:\/\/nbg.eu\/product\/atlase-spordikott\/"},"modified":"2026-04-15T14:16:45","modified_gmt":"2026-04-15T11:16:45","slug":"atlase-spordikott","status":"publish","type":"product","link":"https:\/\/nbg.eu\/et\/toode\/atlase-spordikott\/","title":{"rendered":"Eberlestock Spordikott Atlas"},"content":{"rendered":"<h2>Atlas Duffel: teie varustuse kaasaskandmine stiilselt ja h\u00f5lpsalt<\/h2>\n<p>Atlas Duffel on meie populaarse Hercules Duffeli v\u00e4iksem vend, pakkudes k\u00f5iki samu funktsioone, mida inimesed armastavad. Suure peamise vahekohaga, polstriga lahtritega, kuue v\u00e4lise t\u00f5mblukuga taskuga ja k\u00f5va p\u00f5hjaga alumise vahekohaga on see vastupidav duffel-kott loodud teie varustuse korrap\u00e4raseks ja kaitstud hoidmiseks.<\/p>\n<p>Lukustatavate YKK-turvalisuse t\u00f5mblukudega kindlustatuna tagab Atlas Duffel, et teie asjad on ohutud isegi k\u00f5ige raskemas olukorras. Kaasasolev vihmakate pakub t\u00e4iendavat kaitset, kaitstes teie varustust niiskuse ja tolmu eest.<\/p>\n<p>Muljetavaldavate m\u00f5\u00f5tmetega 29,5 k\u00f5rgust x 16 laiust x 16 s\u00fcgavust tolli, 5844 kubiku tolli \/ 95,77 liitri mahuga ja 12 naela 12 untsi kaaluga pakub Atlas Duffel ohtralt ruumi, et mahutada k\u00f5ik oma vajalikud esemed. 4-tolli s\u00fcgavune alumine vahekord pakub mugavat kohta kiiresti ligip\u00e4\u00e4setavate esemete hoiustamiseks.<\/p>\n<p>K\u00f5vakattega p\u00f5hja ja kasutatavate ratastega ehitatud Atlas Duffel on valmistatud reisimise raskustele vastu pidama. Selle sisemised taskud ja kohandatavad takjakinnitustega eraldusseinad v\u00f5imaldavad teil oma konkreetsetele vajadustele kohandada, tehes sellest teie seikluste ideaalse kaaslase.<\/p>\n","protected":false},"excerpt":{"rendered":"<p>Atlase k\u00e4ekott on ruumikas ja mitmek\u00fclgne kott k\u00f5va p\u00f5hjaga, polsterdatud jaotistega ja vihmakattega k\u00f5igi ilmastikuolude kaitseks.<\/p>\n","protected":false},"featured_media":696359,"template":"","meta":{"_acf_changed":false},"product_brand":[15148],"product_cat":[14011],"product_tag":[],"class_list":{"0":"post-696294","1":"product","2":"type-product","3":"status-publish","4":"has-post-thumbnail","6":"product_brand-eberlestock","7":"product_cat-laskekohtikotid","9":"first","10":"instock","11":"taxable","12":"shipping-taxable","13":"purchasable","14":"product-type-variable","15":"wvs-archive-product-wrapper"},"acf":[],"_links":{"self":[{"href":"https:\/\/nbg.eu\/et\/wp-json\/wp\/v2\/product\/696294","targetHints":{"allow":["GET"]}}],"collection":[{"href":"https:\/\/nbg.eu\/et\/wp-json\/wp\/v2\/product"}],"about":[{"href":"https:\/\/nbg.eu\/et\/wp-json\/wp\/v2\/types\/product"}],"wp:featuredmedia":[{"embeddable":true,"href":"https:\/\/nbg.eu\/et\/wp-json\/wp\/v2\/media\/696359"}],"wp:attachment":[{"href":"https:\/\/nbg.eu\/et\/wp-json\/wp\/v2\/media?parent=696294"}],"wp:term":[{"taxonomy":"product_brand","embeddable":true,"href":"https:\/\/nbg.eu\/et\/wp-json\/wp\/v2\/product_brand?post=696294"},{"taxonomy":"product_cat","embeddable":true,"href":"https:\/\/nbg.eu\/et\/wp-json\/wp\/v2\/product_cat?post=696294"},{"taxonomy":"product_tag","embeddable":true,"href":"https:\/\/nbg.eu\/et\/wp-json\/wp\/v2\/product_tag?post=696294"}],"curies":[{"name":"wp","href":"https:\/\/api.w.org\/{rel}","templated":true}]}}