{"id":69631,"date":"2023-11-22T21:07:20","date_gmt":"2023-11-22T18:07:20","guid":{"rendered":"https:\/\/nbg.eu\/product\/kmr-w-02-umbra\/"},"modified":"2026-01-28T17:24:18","modified_gmt":"2026-01-28T14:24:18","slug":"kmr-w-02-umbra","status":"publish","type":"product","link":"https:\/\/nbg.eu\/et\/toode\/kmr-w-02-umbra\/","title":{"rendered":"Pooljautomaatne p\u00fcstol KMR W-02 UMBRA"},"content":{"rendered":"<div class=\"product-description\">\n<h2>KMR W-02 UMBRA: IDPA Divisjonid<\/h2>\n<p>KMR W-02 UMBRA on kompaktne p\u00fcstol, mis on loodud t\u00e4psuslaskmiseks.<\/p>\n<h2>P\u00f5hiomadused:<\/h2>\n<ul>\n<li>4,5&#8243; raske, soonega, poleeritud relvaraud t\u00e4psuse parandamiseks ja soojuse hajutamiseks<\/li>\n<li>BRS \u2013 Relvaraua stabiliseerimiss\u00fcsteem kelgus<\/li>\n<li>CNC-t\u00f6\u00f6deldud terasraam<\/li>\n<li>SA\/DA p\u00e4\u00e4stikumehhanism l\u00fchikese resetiga<\/li>\n<li>16+1 padruni mahutavus<\/li>\n<li>CERAKOTE pindt\u00f6\u00f6tlus raamil ja kelgul<\/li>\n<\/ul>\n<h2>Ergonoomika ja kohandamine:<\/h2>\n<ul>\n<li>Teemantt\u00f6\u00f6deldud duralumiinium k\u00e4epidemed<\/li>\n<li>Reguleeritav duralumiinium salvevabastusnupp<\/li>\n<li>Pikendatud vasak ja lame parem k\u00e4sitsi ohutuslukk<\/li>\n<li>Kiudoptiline eesmine sihik (1 mm)<\/li>\n<li>K\u00fclg- ja k\u00f5rgusregulaator tagumisel sihikul<\/li>\n<\/ul>\n<h2>Tehnilised andmed:<\/h2>\n<ul>\n<li>Kaliiber: 9\u00d719, 9\u00d721<\/li>\n<li>\u00dcldpikkus: 208 mm<\/li>\n<li>Relvaraua pikkus: 114 mm<\/li>\n<li>Kaal (t\u00fchja salvega): 1280 g<\/li>\n<li>P\u00e4\u00e4stiku t\u00f5mme: 17,5 N (SA) \/ 45 N (DA)<\/li>\n<\/ul>\n<p>KMR W-02 UMBRA on m\u00f5eldud v\u00f5istluslaskuritele ja entusiastidele.<\/p>\n<p>KMR W-02 UMBRA komplekti kuuluvad 3 salve, KMR p\u00fcstolikohver, puhastuskomplekt, KMR \u00f5li, kasutusjuhend ja garantiikaart.<\/p>\n<\/div>\n","protected":false},"excerpt":{"rendered":"<p>V\u00f5imas ja t\u00e4pne KMR W-02 UMBRA: Kompaktne 9mm BRS stabilisatsiooniga.<\/p>\n","protected":false},"featured_media":69632,"template":"","meta":{"_acf_changed":false},"product_brand":[11497],"product_cat":[14024,14041,14070,14994],"product_tag":[],"class_list":{"0":"post-69631","1":"product","2":"type-product","3":"status-publish","4":"has-post-thumbnail","6":"product_brand-kmr-precision","7":"product_cat-litsentseeritud","8":"product_cat-puestol","9":"product_cat-puestolid","10":"product_cat-semi-automatic-pistols-et","12":"first","13":"instock","14":"taxable","15":"shipping-taxable","16":"product-type-simple"},"acf":[],"_links":{"self":[{"href":"https:\/\/nbg.eu\/et\/wp-json\/wp\/v2\/product\/69631","targetHints":{"allow":["GET"]}}],"collection":[{"href":"https:\/\/nbg.eu\/et\/wp-json\/wp\/v2\/product"}],"about":[{"href":"https:\/\/nbg.eu\/et\/wp-json\/wp\/v2\/types\/product"}],"wp:featuredmedia":[{"embeddable":true,"href":"https:\/\/nbg.eu\/et\/wp-json\/wp\/v2\/media\/69632"}],"wp:attachment":[{"href":"https:\/\/nbg.eu\/et\/wp-json\/wp\/v2\/media?parent=69631"}],"wp:term":[{"taxonomy":"product_brand","embeddable":true,"href":"https:\/\/nbg.eu\/et\/wp-json\/wp\/v2\/product_brand?post=69631"},{"taxonomy":"product_cat","embeddable":true,"href":"https:\/\/nbg.eu\/et\/wp-json\/wp\/v2\/product_cat?post=69631"},{"taxonomy":"product_tag","embeddable":true,"href":"https:\/\/nbg.eu\/et\/wp-json\/wp\/v2\/product_tag?post=69631"}],"curies":[{"name":"wp","href":"https:\/\/api.w.org\/{rel}","templated":true}]}}