{"id":696680,"date":"2025-12-22T15:43:37","date_gmt":"2025-12-22T12:43:37","guid":{"rendered":"https:\/\/nbg.eu\/product\/missioon-assault-pack-multicam\/"},"modified":"2026-04-15T14:17:00","modified_gmt":"2026-04-15T11:17:00","slug":"missioon-assault-pack-multicam","status":"publish","type":"product","link":"https:\/\/nbg.eu\/et\/toode\/missioon-assault-pack-multicam\/","title":{"rendered":"Eberlestock R\u00fcnnaku Seljakott Mission &#8211; Multicam"},"content":{"rendered":"<h2>Mission Assault Pack &#8211; Multicam<\/h2>\n<p>See suurep\u00e4raselt disainitud seljakott on m\u00f5eldud kasutamiseks koormakandmise s\u00fcsteemiga. Seljakotil on mitmeid organiseerivaid omadusi, turvaline ja reguleeritav sobivus ning kiire juurdep\u00e4\u00e4s sisemusele. Lisavarustuse ja -omaduste lisamine Mission EMOD s\u00fcsteemi kaudu suurendab veel selle seljakoti v\u00f5imekust.<\/p>\n<p>Kaaluga 1 naela 12 untsi on Assault Pack valmistatud vastupidavast 500D Ripstop materjalist ja mahutavusega 2000 kuubiktolli, et mahutada \u00e4ra vajalik varustus.<\/p>\n","protected":false},"excerpt":{"rendered":"<p>Mitmek\u00fclgne, moodulp\u00f5hine j\u00f5upakk koos organiseerimise funktsioonidega ja EMOD-i \u00fchilduvusega.<\/p>\n","protected":false},"featured_media":696700,"template":"","meta":{"_acf_changed":false},"product_brand":[15148],"product_cat":[14015],"product_tag":[],"class_list":{"0":"post-696680","1":"product","2":"type-product","3":"status-publish","4":"has-post-thumbnail","6":"product_brand-eberlestock","7":"product_cat-seljakotid","9":"first","10":"outofstock","11":"taxable","12":"shipping-taxable","13":"purchasable","14":"product-type-variable","15":"wvs-archive-product-wrapper"},"acf":[],"_links":{"self":[{"href":"https:\/\/nbg.eu\/et\/wp-json\/wp\/v2\/product\/696680","targetHints":{"allow":["GET"]}}],"collection":[{"href":"https:\/\/nbg.eu\/et\/wp-json\/wp\/v2\/product"}],"about":[{"href":"https:\/\/nbg.eu\/et\/wp-json\/wp\/v2\/types\/product"}],"wp:featuredmedia":[{"embeddable":true,"href":"https:\/\/nbg.eu\/et\/wp-json\/wp\/v2\/media\/696700"}],"wp:attachment":[{"href":"https:\/\/nbg.eu\/et\/wp-json\/wp\/v2\/media?parent=696680"}],"wp:term":[{"taxonomy":"product_brand","embeddable":true,"href":"https:\/\/nbg.eu\/et\/wp-json\/wp\/v2\/product_brand?post=696680"},{"taxonomy":"product_cat","embeddable":true,"href":"https:\/\/nbg.eu\/et\/wp-json\/wp\/v2\/product_cat?post=696680"},{"taxonomy":"product_tag","embeddable":true,"href":"https:\/\/nbg.eu\/et\/wp-json\/wp\/v2\/product_tag?post=696680"}],"curies":[{"name":"wp","href":"https:\/\/api.w.org\/{rel}","templated":true}]}}