{"id":696851,"date":"2025-12-22T15:47:55","date_gmt":"2025-12-22T12:47:55","guid":{"rendered":"https:\/\/nbg.eu\/product\/missioon-arc-multicam\/"},"modified":"2026-04-15T14:16:57","modified_gmt":"2026-04-15T11:16:57","slug":"missioon-arc-multicam","status":"publish","type":"product","link":"https:\/\/nbg.eu\/et\/toode\/missioon-arc-multicam\/","title":{"rendered":"Eberlestock Mission ARC &#8211; Multicam"},"content":{"rendered":"<h2>Missioon ARC-Multicam: Optimeeritud varustuste kandja operatiivse t\u00f5hususe jaoks<\/h2>\n<p>Missioon Reguleeritav Relvakandurimoodul (ARC) on funktsionaalne ressurss professionaalidele, kes peavad kandma t\u00e4iendavaid vahendeid v\u00e4ljas\u00f5idul. ARC suurendab operatiivset mahutavust ja see on v\u00e4lja t\u00f6\u00f6tatud, et t\u00f6\u00f6tada koos Missioon EMOD raami ja Missioon T\u00f5mblukk-laiendusega. Kinnitades selle Missioon raami tagak\u00fcljele MOLLE veebiga, toimib ARC kandurina t\u00e4ppisp\u00fcssidele, AR-stiilis platvormidele ja v\u00f5ib transportida ka muid missiooni seisukohalt olulisi seadmeid.<\/p>\n<p>Missiooni edukas t\u00e4itmine s\u00f5ltub t\u00e4psest ajastusest, t\u00e4psusest ja olemasolevate ressursside t\u00f5husast kasutuselev\u00f5tust. ARC ehitati toetama seadmete n\u00f5udmisi \u00fcksk\u00f5ik millises keskkonnas. 500D kangast, reguleeritava aluse, MOLLE veebiga, kinnituslintidega ja tugevdatud Hypaloni alusega Mission ARC-Multicam on disainitud optimeerima varustuse organiseerimist ja k\u00e4ttesaadavust v\u00e4ljal.<\/p>\n<p>M\u00f5\u00f5tmed: 15&#8243;K x 3&#8243;L<\/p>\n","protected":false},"excerpt":{"rendered":"<p>Missioon ARC-Multicam on funktsionaalne, reguleeritav relvakandja, mis kinnitub Missioon EMOD Raami k\u00fclge, v\u00f5imaldades transportida t\u00e4ppisrelvi, AR-stiilis platvorme ja missiooni olulisi seadmeid.<\/p>\n","protected":false},"featured_media":696877,"template":"","meta":{"_acf_changed":false},"product_brand":[15148],"product_cat":[14015],"product_tag":[],"class_list":{"0":"post-696851","1":"product","2":"type-product","3":"status-publish","4":"has-post-thumbnail","6":"product_brand-eberlestock","7":"product_cat-seljakotid","9":"first","10":"instock","11":"taxable","12":"shipping-taxable","13":"purchasable","14":"product-type-variable","15":"wvs-archive-product-wrapper"},"acf":[],"_links":{"self":[{"href":"https:\/\/nbg.eu\/et\/wp-json\/wp\/v2\/product\/696851","targetHints":{"allow":["GET"]}}],"collection":[{"href":"https:\/\/nbg.eu\/et\/wp-json\/wp\/v2\/product"}],"about":[{"href":"https:\/\/nbg.eu\/et\/wp-json\/wp\/v2\/types\/product"}],"wp:featuredmedia":[{"embeddable":true,"href":"https:\/\/nbg.eu\/et\/wp-json\/wp\/v2\/media\/696877"}],"wp:attachment":[{"href":"https:\/\/nbg.eu\/et\/wp-json\/wp\/v2\/media?parent=696851"}],"wp:term":[{"taxonomy":"product_brand","embeddable":true,"href":"https:\/\/nbg.eu\/et\/wp-json\/wp\/v2\/product_brand?post=696851"},{"taxonomy":"product_cat","embeddable":true,"href":"https:\/\/nbg.eu\/et\/wp-json\/wp\/v2\/product_cat?post=696851"},{"taxonomy":"product_tag","embeddable":true,"href":"https:\/\/nbg.eu\/et\/wp-json\/wp\/v2\/product_tag?post=696851"}],"curies":[{"name":"wp","href":"https:\/\/api.w.org\/{rel}","templated":true}]}}