{"id":697062,"date":"2025-12-22T16:18:10","date_gmt":"2025-12-22T13:18:10","guid":{"rendered":"https:\/\/nbg.eu\/product\/missiooni-tsiiper-laiendus-multikaam\/"},"modified":"2026-04-15T14:16:53","modified_gmt":"2026-04-15T11:16:53","slug":"missiooni-tsiiper-laiendus-multikaam","status":"publish","type":"product","link":"https:\/\/nbg.eu\/et\/toode\/missiooni-tsiiper-laiendus-multikaam\/","title":{"rendered":"Eberlestock T\u00f5mbluku Pikendus Mission EMOD &#8211; Multicam"},"content":{"rendered":"<h2>Mission Zipper Extension-Multicam<\/h2>\n<p>Mission Zipper Extension \u00fchendab eesm\u00e4rgi ja kasulikkuse operaatori jaoks. Zipper Extension kinnitub Mission EMOD raami esik\u00fcljele ja on loodud kasutamiseks koos Mission ARC-iga ja Mission Packiga, et suurendada teie seadmete mahutavust ja mitmekesisust. MOLLE veebikude ja topeltviird 500D lamineeritud konstruktsioon pakuvad teile vajalikke omadusi efektiivseks kaablihalduseks, antennide suunamiseks ja turnikeetide kinnitamiseks. Mission Zipper Extension on oluline tarvik, mis tugevdab teie j\u00f5udlust v\u00e4ljal.<\/p>\n<h2>M\u00f5\u00f5tmed<\/h2>\n<p>M\u00f5\u00f5tmed: 15&#8243; x 3&#8243;<\/p>\n<h2>Omadused<\/h2>\n<ul>\n<li>500D kangas<\/li>\n<li>YKK t\u00f5mblukud<\/li>\n<li>Topeltviird laminaat<\/li>\n<\/ul>\n","protected":false},"excerpt":{"rendered":"<p>Missioon Zipper Extension-Multicam suurendab varustuse mahtu MOLLE-v\u00f5rkudega ja 500D laminaatkonstruktsiooniga kaablihalduse ja antennijuhtimise jaoks.<\/p>\n","protected":false},"featured_media":697085,"template":"","meta":{"_acf_changed":false},"product_brand":[15148],"product_cat":[14015],"product_tag":[],"class_list":{"0":"post-697062","1":"product","2":"type-product","3":"status-publish","4":"has-post-thumbnail","6":"product_brand-eberlestock","7":"product_cat-seljakotid","9":"first","10":"instock","11":"taxable","12":"shipping-taxable","13":"purchasable","14":"product-type-variable","15":"wvs-archive-product-wrapper"},"acf":[],"_links":{"self":[{"href":"https:\/\/nbg.eu\/et\/wp-json\/wp\/v2\/product\/697062","targetHints":{"allow":["GET"]}}],"collection":[{"href":"https:\/\/nbg.eu\/et\/wp-json\/wp\/v2\/product"}],"about":[{"href":"https:\/\/nbg.eu\/et\/wp-json\/wp\/v2\/types\/product"}],"wp:featuredmedia":[{"embeddable":true,"href":"https:\/\/nbg.eu\/et\/wp-json\/wp\/v2\/media\/697085"}],"wp:attachment":[{"href":"https:\/\/nbg.eu\/et\/wp-json\/wp\/v2\/media?parent=697062"}],"wp:term":[{"taxonomy":"product_brand","embeddable":true,"href":"https:\/\/nbg.eu\/et\/wp-json\/wp\/v2\/product_brand?post=697062"},{"taxonomy":"product_cat","embeddable":true,"href":"https:\/\/nbg.eu\/et\/wp-json\/wp\/v2\/product_cat?post=697062"},{"taxonomy":"product_tag","embeddable":true,"href":"https:\/\/nbg.eu\/et\/wp-json\/wp\/v2\/product_tag?post=697062"}],"curies":[{"name":"wp","href":"https:\/\/api.w.org\/{rel}","templated":true}]}}