{"id":697220,"date":"2025-12-22T16:34:07","date_gmt":"2025-12-22T13:34:07","guid":{"rendered":"https:\/\/nbg.eu\/product\/mission-frame-emod-multicam\/"},"modified":"2026-04-15T14:16:49","modified_gmt":"2026-04-15T11:16:49","slug":"mission-frame-emod-multicam","status":"publish","type":"product","link":"https:\/\/nbg.eu\/et\/toode\/mission-frame-emod-multicam\/","title":{"rendered":"Eberlestock Raam Mission EMOD &#8211; Multicam"},"content":{"rendered":"<h2>Mission Frame- EMOD -Multicam<\/h2>\n<p>Mission EMOD-i alus, Mission Frame, pakub tugeva, moodulse ja kompaktse l\u00e4htepunkti teie uue koorma jaoks. P\u00e4rast l\u00f5putuid testimisi ja arendust koos iga v\u00e4eharu erioperatsioonide operaatoritega on see raam disainitud sobima ja toimima sujuvalt teie varustuse k\u00f5rval nii teie isikul kui ka v\u00e4ljaspool.<\/p>\n<p>M\u00f5\u00f5tmed: 2 LB 15 OZ<\/p>\n","protected":false},"excerpt":{"rendered":"<p>Missioon Raam- EMOD -Multicam: tugev, moodulne ja kompaktne l\u00e4hte-punkt teie varustusele, disainitud SOF operaatoritele.<\/p>\n","protected":false},"featured_media":697299,"template":"","meta":{"_acf_changed":false},"product_brand":[15148],"product_cat":[14015],"product_tag":[],"class_list":{"0":"post-697220","1":"product","2":"type-product","3":"status-publish","4":"has-post-thumbnail","6":"product_brand-eberlestock","7":"product_cat-seljakotid","9":"first","10":"instock","11":"taxable","12":"shipping-taxable","13":"purchasable","14":"product-type-variable","15":"wvs-archive-product-wrapper"},"acf":[],"_links":{"self":[{"href":"https:\/\/nbg.eu\/et\/wp-json\/wp\/v2\/product\/697220","targetHints":{"allow":["GET"]}}],"collection":[{"href":"https:\/\/nbg.eu\/et\/wp-json\/wp\/v2\/product"}],"about":[{"href":"https:\/\/nbg.eu\/et\/wp-json\/wp\/v2\/types\/product"}],"wp:featuredmedia":[{"embeddable":true,"href":"https:\/\/nbg.eu\/et\/wp-json\/wp\/v2\/media\/697299"}],"wp:attachment":[{"href":"https:\/\/nbg.eu\/et\/wp-json\/wp\/v2\/media?parent=697220"}],"wp:term":[{"taxonomy":"product_brand","embeddable":true,"href":"https:\/\/nbg.eu\/et\/wp-json\/wp\/v2\/product_brand?post=697220"},{"taxonomy":"product_cat","embeddable":true,"href":"https:\/\/nbg.eu\/et\/wp-json\/wp\/v2\/product_cat?post=697220"},{"taxonomy":"product_tag","embeddable":true,"href":"https:\/\/nbg.eu\/et\/wp-json\/wp\/v2\/product_tag?post=697220"}],"curies":[{"name":"wp","href":"https:\/\/api.w.org\/{rel}","templated":true}]}}