{"id":698002,"date":"2025-12-22T17:41:31","date_gmt":"2025-12-22T14:41:31","guid":{"rendered":"https:\/\/nbg.eu\/product\/ulevaataja-pakett\/"},"modified":"2026-01-07T13:14:45","modified_gmt":"2026-01-07T10:14:45","slug":"ulevaataja-pakett","status":"publish","type":"product","link":"https:\/\/nbg.eu\/et\/toode\/ulevaataja-pakett\/","title":{"rendered":"\u00dclevaataja Pakett"},"content":{"rendered":"<h2>UpRanger-kott: muuda oma 3-relvade ja v\u00e4listoimimise varustuse transportimist<\/h2>\n<p>Inspireeritud 3-relvav\u00f5istleja vajadustest, muudab UpRanger\u2122-kott m\u00e4ngureegleid. Disainitud, et kukkuda oma vastupidava pol\u00fckarbonaat-v\u00e4liskatte peale, saab kotti lukust lahti teha rihmade k\u00fcljest, et p\u00e4\u00e4seda kiiresti ligi oma varustusele ilma ebavajaliku kulumise v\u00f5i tolmumiseta. Kas kasutad seda lasketiiru, tugeva kaamerakoti v\u00f5i m\u00f5ne muu v\u00e4listegevuse jaoks, on Uprangeril piisavalt mahtu ja funktsioone, et seda k\u00f5ike k\u00e4sitleda.<\/p>\n<p>3260-kuuptolli (53,4 L) mahuga ja kaaludes vaid 6,45 naela, on Uprangeril k\u00f5rge v\u00f5imekus, olles samas kerge. Selle polstriga reguleeritav \u00f5laharu tagab mugava kandmise, samas kui konfigureeritavad vaheseinad v\u00f5imaldavad kohandada sisemist paigutust vastavalt teie vajadustele. Lisakaitse tagamiseks on kott \u00fchilduv meie suure p\u00f6\u00f6ramisv\u00f5imalusega vihmakattega, et hoida oma varustust halvast ilmast kuivana.<\/p>\n<p>Ideaalse 3-relvade lahenduse jaoks \u00fchendage UpRanger meie Sidewinder-relvakottidega, et luua \u00fchtne lahendus, mis hoiab teie relvad turvaliselt ja kergesti k\u00e4ttesaadavalt. Eemaldatavad k\u00fclgpaneelid pakuvad t\u00e4iendavat paindlikkust, v\u00f5imaldades teil kotti oma vajadustele kohandada.<\/p>\n<p>T\u00f5stke oma v\u00e4lisvahendite haldust innovatiivse UpRanger-kotiga, mis on loodud teie tegevuste lihtsustamiseks ja olulise varustuse organiseerimiseks ja kaitsmiseks.<\/p>\n","protected":false},"excerpt":{"rendered":"<p>Mitmeotstarbeline 3-Gun pakk pol\u00fckarbonaatse alusega kiireks, mustusevabaks juurdep\u00e4\u00e4suks.<\/p>\n","protected":false},"featured_media":696431,"template":"","meta":{"_acf_changed":false},"product_brand":[15148],"product_cat":[14015],"product_tag":[],"class_list":{"0":"post-698002","1":"product","2":"type-product","3":"status-publish","4":"has-post-thumbnail","6":"product_brand-eberlestock","7":"product_cat-seljakotid","9":"first","10":"instock","11":"taxable","12":"shipping-taxable","13":"purchasable","14":"product-type-variable","15":"wvs-archive-product-wrapper"},"acf":[],"_links":{"self":[{"href":"https:\/\/nbg.eu\/et\/wp-json\/wp\/v2\/product\/698002","targetHints":{"allow":["GET"]}}],"collection":[{"href":"https:\/\/nbg.eu\/et\/wp-json\/wp\/v2\/product"}],"about":[{"href":"https:\/\/nbg.eu\/et\/wp-json\/wp\/v2\/types\/product"}],"wp:featuredmedia":[{"embeddable":true,"href":"https:\/\/nbg.eu\/et\/wp-json\/wp\/v2\/media\/696431"}],"wp:attachment":[{"href":"https:\/\/nbg.eu\/et\/wp-json\/wp\/v2\/media?parent=698002"}],"wp:term":[{"taxonomy":"product_brand","embeddable":true,"href":"https:\/\/nbg.eu\/et\/wp-json\/wp\/v2\/product_brand?post=698002"},{"taxonomy":"product_cat","embeddable":true,"href":"https:\/\/nbg.eu\/et\/wp-json\/wp\/v2\/product_cat?post=698002"},{"taxonomy":"product_tag","embeddable":true,"href":"https:\/\/nbg.eu\/et\/wp-json\/wp\/v2\/product_tag?post=698002"}],"curies":[{"name":"wp","href":"https:\/\/api.w.org\/{rel}","templated":true}]}}