{"id":698307,"date":"2025-12-22T17:45:44","date_gmt":"2025-12-22T14:45:44","guid":{"rendered":"https:\/\/nbg.eu\/product\/pinnase-uinakuga-laskematile\/"},"modified":"2026-04-15T14:16:37","modified_gmt":"2026-04-15T11:16:37","slug":"pinnase-uinakuga-laskematile","status":"publish","type":"product","link":"https:\/\/nbg.eu\/et\/toode\/pinnase-uinakuga-laskematile\/","title":{"rendered":"Eberlestock Laskmismatt Dirt Nap"},"content":{"rendered":"<h2>Dirt Nap laskepadja: optimeeritud mugavaks lamamisasendis laskmiseks ja praktiliseks kasutamiseks<\/h2>\n<p>Dirt Nap laskepadja on ekspertselt disainitud ja prioritiseeritud lamamisasendis laskmisele. See t\u00e4iustab Teie v\u00e4ljas\u00f5ite suurep\u00e4rase mugavuse ja praktilisusega, tehes sellest h\u00e4davajaliku lisandi Teie lasketiiru varustuses.<\/p>\n<p>Dirt Nap-il on eraldi polsterdatud osad, mis loovad looduslikke volte, v\u00f5imaldades lihtsat kokkuklapitavust ja kompaktset hoiustamist. T\u00e4ieliku polstriga \u00fclaosas ja keskosas tagab see maksimaalse mugavuse just seal, kus seda k\u00f5ige rohkem vajate.<\/p>\n<p>M\u00f5\u00f5tudes 94&#8243;pikkust x 34&#8243;laiust ja kokkuklapituna 12&#8243; x 17&#8243;, kaalub Dirt Nap laskepadja vaid 4 naela 13 untsi. Selle vastupidava 600D PVC kaetud nailonkonstruktsioon, PVC-kaetud alaosa ja mugav k\u00e4epide muudavad selle tugeva ja praktilise valikuna iga laskeharrastaja jaoks.<\/p>\n<p>Hoiuflapp 20mm rihmade ja pandlaga tagab, et Teie Dirt Nap p\u00fcsib kindlalt oma kohal, samal ajal kui l\u00e4bim\u00f5eldud disainiomadused teevad sellest h\u00e4davajaliku varustuse Teie j\u00e4rgmiseks p\u00e4evaks lasketiirus.<\/p>\n","protected":false},"excerpt":{"rendered":"<p>Mullaloomise laskmispadrun &#8211; professionaalselt disainitud k\u00f5huli laskmiseks, pakkudes paremat mugavust ja praktilisust.<\/p>\n","protected":false},"featured_media":698402,"template":"","meta":{"_acf_changed":false},"product_brand":[15148],"product_cat":[14079],"product_tag":[],"class_list":{"0":"post-698307","1":"product","2":"type-product","3":"status-publish","4":"has-post-thumbnail","6":"product_brand-eberlestock","7":"product_cat-varustus","9":"first","10":"instock","11":"taxable","12":"shipping-taxable","13":"purchasable","14":"product-type-variable","15":"wvs-archive-product-wrapper"},"acf":[],"_links":{"self":[{"href":"https:\/\/nbg.eu\/et\/wp-json\/wp\/v2\/product\/698307","targetHints":{"allow":["GET"]}}],"collection":[{"href":"https:\/\/nbg.eu\/et\/wp-json\/wp\/v2\/product"}],"about":[{"href":"https:\/\/nbg.eu\/et\/wp-json\/wp\/v2\/types\/product"}],"wp:featuredmedia":[{"embeddable":true,"href":"https:\/\/nbg.eu\/et\/wp-json\/wp\/v2\/media\/698402"}],"wp:attachment":[{"href":"https:\/\/nbg.eu\/et\/wp-json\/wp\/v2\/media?parent=698307"}],"wp:term":[{"taxonomy":"product_brand","embeddable":true,"href":"https:\/\/nbg.eu\/et\/wp-json\/wp\/v2\/product_brand?post=698307"},{"taxonomy":"product_cat","embeddable":true,"href":"https:\/\/nbg.eu\/et\/wp-json\/wp\/v2\/product_cat?post=698307"},{"taxonomy":"product_tag","embeddable":true,"href":"https:\/\/nbg.eu\/et\/wp-json\/wp\/v2\/product_tag?post=698307"}],"curies":[{"name":"wp","href":"https:\/\/api.w.org\/{rel}","templated":true}]}}