{"id":698729,"date":"2025-12-22T17:51:28","date_gmt":"2025-12-22T14:51:28","guid":{"rendered":"https:\/\/nbg.eu\/product\/lodrag-ii-pakk\/"},"modified":"2026-04-15T14:16:33","modified_gmt":"2026-04-15T11:16:33","slug":"lodrag-ii-pakk","status":"publish","type":"product","link":"https:\/\/nbg.eu\/et\/toode\/lodrag-ii-pakk\/","title":{"rendered":"Eberlestock Seljakott LoDrag II"},"content":{"rendered":"<h2>X31 LoDrag II\u2122 taktikaline pakett<\/h2>\n<p>Loodud olema \u00e4\u00e4rmiselt funktsionaalne, kerge taktikaline pakett, mis sisaldab ka taktikalise relva suuruses torusid, on X31 LoDrag II\u2122 olnud t\u00e4psuskivip\u00fcsside maailmas kindel valik. Peamise vastava osa sees on LoDrag II-l kokkumurtav riiuliplaat \u00fcla- ja alakoormuse ruumi eraldamiseks ning 2 L ja 3 L h\u00fcdratsioonis\u00fcsteemide jaoks h\u00fcdratsioonivahemik. K\u00fclgsurverihmad on varustatud HD 25 mm pandlate kiirvabastusfunktsiooniga, mis v\u00f5imaldab kiiret juurdep\u00e4\u00e4su, n\u00e4iteks statiividele, mis on pakki k\u00fclge kinnitatud.<\/p>\n<h2>M\u00f5\u00f5tmed<\/h2>\n<p>Maht: 2290 c.i. \/ 37,5 L<br \/>\nKaal: 6,85 naela<br \/>\nM\u00f5\u00f5tmed: 22,5 k\u00f5rgust x 11 laiust x 11,75 s\u00fcgavust<br \/>\nTorutrumlite m\u00f5\u00f5tmed: 34&#8243; k\u00f5rgust x 10&#8243; laiust x 3 s\u00fcgavust<\/p>\n<h2>Omadused<\/h2>\n<ul>\n<li>Taktikaline relvapuhver<\/li>\n<li>Kokkumurtav riiul \u00fcla- ja alakoormuse ruumi eraldamiseks<\/li>\n<li>Kaasasolev vihmakate<\/li>\n<li>H\u00fcdratsioonivahemik<\/li>\n<\/ul>\n","protected":false},"excerpt":{"rendered":"<p>Kerge taktiline seljakott relvale m\u00f5eldud tuppega, kokku volditava riiulilaua ja h\u00fcdratatsioonikattega.<\/p>\n","protected":false},"featured_media":698760,"template":"","meta":{"_acf_changed":false},"product_brand":[15148],"product_cat":[14015],"product_tag":[],"class_list":{"0":"post-698729","1":"product","2":"type-product","3":"status-publish","4":"has-post-thumbnail","6":"product_brand-eberlestock","7":"product_cat-seljakotid","9":"first","10":"instock","11":"taxable","12":"shipping-taxable","13":"purchasable","14":"product-type-variable","15":"wvs-archive-product-wrapper"},"acf":[],"_links":{"self":[{"href":"https:\/\/nbg.eu\/et\/wp-json\/wp\/v2\/product\/698729","targetHints":{"allow":["GET"]}}],"collection":[{"href":"https:\/\/nbg.eu\/et\/wp-json\/wp\/v2\/product"}],"about":[{"href":"https:\/\/nbg.eu\/et\/wp-json\/wp\/v2\/types\/product"}],"wp:featuredmedia":[{"embeddable":true,"href":"https:\/\/nbg.eu\/et\/wp-json\/wp\/v2\/media\/698760"}],"wp:attachment":[{"href":"https:\/\/nbg.eu\/et\/wp-json\/wp\/v2\/media?parent=698729"}],"wp:term":[{"taxonomy":"product_brand","embeddable":true,"href":"https:\/\/nbg.eu\/et\/wp-json\/wp\/v2\/product_brand?post=698729"},{"taxonomy":"product_cat","embeddable":true,"href":"https:\/\/nbg.eu\/et\/wp-json\/wp\/v2\/product_cat?post=698729"},{"taxonomy":"product_tag","embeddable":true,"href":"https:\/\/nbg.eu\/et\/wp-json\/wp\/v2\/product_tag?post=698729"}],"curies":[{"name":"wp","href":"https:\/\/api.w.org\/{rel}","templated":true}]}}