{"id":699106,"date":"2025-12-22T17:57:48","date_gmt":"2025-12-22T14:57:48","guid":{"rendered":"https:\/\/nbg.eu\/product\/gunslinger-ii-pakk\/"},"modified":"2026-04-15T14:16:30","modified_gmt":"2026-04-15T11:16:30","slug":"gunslinger-ii-pakk","status":"publish","type":"product","link":"https:\/\/nbg.eu\/et\/toode\/gunslinger-ii-pakk\/","title":{"rendered":"Eberlestock Seljakott G2 Gunslinger II"},"content":{"rendered":"<h2>Gunslinger II\u2122 taktikaline seljakott<\/h2>\n<p>Gunslinger II\u2122 on keskmise suurusega taktikaline seljakott, millel on t\u00e4iss\u00fcgavuses tupe suurema ristl\u00f5ikega relvadele v\u00f5i mahukate optikatele. Lai tupp v\u00f5imaldab seda kasutada ka suurep\u00e4rase s\u00fclearvuti v\u00f5i s\u00f5jalise raadio kambrina. Isegi tupp kokku volditud, mahutab see enamiku l\u00fchimaade relvadega. Gungslingeri II seljakotil on 2100 kuubiktolli mahtuvus ja selles on standardselt meie torujast Intex-II\u2122 No-Shelf raamist\u00fcsteemist, t\u00e4ielikult reguleeritavatest \u00f5larihmadest ja polstriga v\u00f6\u00f6rihmast koosnev s\u00fcsteem.<\/p>\n<h2>M\u00f5\u00f5tmed<\/h2>\n<p>Seljakoti maht: 2100 kuubiktolli \/ 34,41 l<br \/>\nTupe maht: 600 kuubiktolli<br \/>\n-Kogumahutavus: 44 liitrit \/ 2700 kuubiktolli<br \/>\n-Kaal: 6 naela ja 8 untsi<br \/>\n-P\u00f5hiosa m\u00f5\u00f5tmed: 22&#8243; k\u00f5rgus x 10&#8243; laius x 8&#8243; s\u00fcgavus<br \/>\n-Tupe m\u00f5\u00f5tmed: 34&#8243; pikkus x 10&#8243; laius x 3&#8243; s\u00fcgavus, ava \u00fcmbritsevaga 26&#8243; \u00fcmberm\u00f5\u00f5t. GSTC kate v\u00f5imaldab kanda relvi kuni 60&#8243; pikkuseid.<br \/>\n-Tegelik kaal: 6,5 naela (koos GSTC-ga).<\/p>\n<h2>Omadused<\/h2>\n<p>Pealmimine tasku<br \/>\n-Koormuspaneel<br \/>\n-Pudelitaskud<br \/>\n-Integreeritud relvakeevitub<br \/>\n-Grappli-tihendusrihmad<br \/>\n-\u00dclemine n\u00f6\u00f6rkokkut\u00f5mbamine ja esimine t\u00f5mblukk-avanemine<br \/>\n-Intex II toruj\u00e4rk-raamistus<\/p>\n","protected":false},"excerpt":{"rendered":"<p>Gunslinger II\u2122 on keskmine taktiline seljakott, millel on t\u00e4issuuruses tuppe relva jaoks, et mahutada suuremaid ristl\u00f5ikeid v\u00f5i mahukaid optilisi seadmeid.<\/p>\n","protected":false},"featured_media":699145,"template":"","meta":{"_acf_changed":false},"product_brand":[15148],"product_cat":[14015],"product_tag":[],"class_list":{"0":"post-699106","1":"product","2":"type-product","3":"status-publish","4":"has-post-thumbnail","6":"product_brand-eberlestock","7":"product_cat-seljakotid","9":"first","10":"instock","11":"taxable","12":"shipping-taxable","13":"purchasable","14":"product-type-variable","15":"wvs-archive-product-wrapper"},"acf":[],"_links":{"self":[{"href":"https:\/\/nbg.eu\/et\/wp-json\/wp\/v2\/product\/699106","targetHints":{"allow":["GET"]}}],"collection":[{"href":"https:\/\/nbg.eu\/et\/wp-json\/wp\/v2\/product"}],"about":[{"href":"https:\/\/nbg.eu\/et\/wp-json\/wp\/v2\/types\/product"}],"wp:featuredmedia":[{"embeddable":true,"href":"https:\/\/nbg.eu\/et\/wp-json\/wp\/v2\/media\/699145"}],"wp:attachment":[{"href":"https:\/\/nbg.eu\/et\/wp-json\/wp\/v2\/media?parent=699106"}],"wp:term":[{"taxonomy":"product_brand","embeddable":true,"href":"https:\/\/nbg.eu\/et\/wp-json\/wp\/v2\/product_brand?post=699106"},{"taxonomy":"product_cat","embeddable":true,"href":"https:\/\/nbg.eu\/et\/wp-json\/wp\/v2\/product_cat?post=699106"},{"taxonomy":"product_tag","embeddable":true,"href":"https:\/\/nbg.eu\/et\/wp-json\/wp\/v2\/product_tag?post=699106"}],"curies":[{"name":"wp","href":"https:\/\/api.w.org\/{rel}","templated":true}]}}