{"id":699647,"date":"2025-12-22T18:02:07","date_gmt":"2025-12-22T15:02:07","guid":{"rendered":"https:\/\/nbg.eu\/product\/bino-sademekate\/"},"modified":"2026-04-15T14:16:26","modified_gmt":"2026-04-15T11:16:26","slug":"bino-sademekate","status":"publish","type":"product","link":"https:\/\/nbg.eu\/et\/toode\/bino-sademekate\/","title":{"rendered":"Eberlestock Binokli Vihmakate Recon"},"content":{"rendered":"<h2>Bino Rain Fly: Kompaktne ja kerge kaitse teie optilistele seadmetele<\/h2>\n<p>Bino Rain Fly on mitmek\u00fclgne ja kompaktne lahendus teie binokli kuivana hoidmiseks ja ilmastikuolude eest kaitsmiseks. See on loodud t\u00f6\u00f6tama sujuvalt Recon Bino Harness&#8217;iga ning pakub usaldusv\u00e4\u00e4rset kaitset ja mugavust.<\/p>\n<p>Vastupidavast, kergest materjalist valmistatud Bino Rain Fly pakitakse kaasaantavasse \u00fcmbrisesse, mis teeb selle h\u00f5lpsasti kaasav\u00f5etava ja k\u00e4ttesaadava vajadusel. 10mm Hangar rihm v\u00f5imaldab selle turvaliselt oma varustuse k\u00fclge kinnitada, tagades teie binokli kaitsmise vihma, lume ja muude ilmastikuolude eest.<\/p>\n<p>T\u00e4islahenduse disaini abil katab Bino Rain Fly Recon Bino Harness&#8217;i t\u00e4ielikult, pakkudes teie optikale p\u00f5hjalikku kaitset. Keskenduge oma v\u00e4listegevustele muretsemata, et ilmastikuolud v\u00f5iksid teie vaatamiskogemust m\u00f5jutada.<\/p>\n<p>Olenemata sellest, kas te olete linnuvaatleja, jahimees v\u00f5i avastaja, on Bino Rain Fly h\u00e4davajalik tarvik, et hoida teie binokkel kuiv ja heas seisukorras. Kompaktne, kerge ja lihtne kasutada &#8211; see on ideaalne kaasaskantav lisavarustus igale v\u00e4lishuvilisele.<\/p>\n","protected":false},"excerpt":{"rendered":"<p>Kompaktne, kergekaaluline vihmakate, mis kaitseb Recon Bino Harnessi.<\/p>\n","protected":false},"featured_media":699997,"template":"","meta":{"_acf_changed":false},"product_brand":[15148],"product_cat":[15210],"product_tag":[],"class_list":{"0":"post-699647","1":"product","2":"type-product","3":"status-publish","4":"has-post-thumbnail","6":"product_brand-eberlestock","7":"product_cat-binocular-harnesses-et","9":"first","10":"instock","11":"taxable","12":"shipping-taxable","13":"purchasable","14":"product-type-variable","15":"wvs-archive-product-wrapper"},"acf":[],"_links":{"self":[{"href":"https:\/\/nbg.eu\/et\/wp-json\/wp\/v2\/product\/699647","targetHints":{"allow":["GET"]}}],"collection":[{"href":"https:\/\/nbg.eu\/et\/wp-json\/wp\/v2\/product"}],"about":[{"href":"https:\/\/nbg.eu\/et\/wp-json\/wp\/v2\/types\/product"}],"wp:featuredmedia":[{"embeddable":true,"href":"https:\/\/nbg.eu\/et\/wp-json\/wp\/v2\/media\/699997"}],"wp:attachment":[{"href":"https:\/\/nbg.eu\/et\/wp-json\/wp\/v2\/media?parent=699647"}],"wp:term":[{"taxonomy":"product_brand","embeddable":true,"href":"https:\/\/nbg.eu\/et\/wp-json\/wp\/v2\/product_brand?post=699647"},{"taxonomy":"product_cat","embeddable":true,"href":"https:\/\/nbg.eu\/et\/wp-json\/wp\/v2\/product_cat?post=699647"},{"taxonomy":"product_tag","embeddable":true,"href":"https:\/\/nbg.eu\/et\/wp-json\/wp\/v2\/product_tag?post=699647"}],"curies":[{"name":"wp","href":"https:\/\/api.w.org\/{rel}","templated":true}]}}