{"id":700383,"date":"2025-12-22T18:10:47","date_gmt":"2025-12-22T15:10:47","guid":{"rendered":"https:\/\/nbg.eu\/product\/molle-paneel\/"},"modified":"2026-04-15T14:16:23","modified_gmt":"2026-04-15T11:16:23","slug":"molle-paneel","status":"publish","type":"product","link":"https:\/\/nbg.eu\/et\/toode\/molle-paneel\/","title":{"rendered":"Eberlestock MOLLE Paneel Recon"},"content":{"rendered":"<h2>Recon MOLLE paneel &#8211; mitmek\u00fclgne lisaseade binokulari riistvale<\/h2>\n<p>Recon MOLLE paneel on lihtne, kuid mitmek\u00fclgne lisand binokulari riistvale. See pakub mugavat viisi erinevate kottide, nagu Recon Bearspray Pouch v\u00f5i Recon Rangefinder Pouch, horisontaalseks kinnitamiseks binokulari koti alla. See paneel toimib ka kindla platvormina MOLLE-\u00fchilduvate p\u00fcstolihoidikute jaoks, v\u00f5imaldades teil ohutult ja mugavalt kanda relva oma binokulari riistval.<\/p>\n<p>M\u00f5\u00f5tmetega 6&#8243; laiust ja 3,25&#8243; k\u00f5rgust, pakub Recon MOLLE paneel kompaktset ja aerod\u00fcnaamilist disaini, mis ei lisa teie varustusele ebavajalikku mahtu. Selle MOLLE-\u00fchilduv konstruktsioon tagab \u00fchilduvuse laialdase lisavarustusega, andes teile paindlikkuse oma seadistuse kohandamiseks vastavalt teie konkreetsetele vajadustele.<\/p>\n","protected":false},"excerpt":{"rendered":"<p>Mitmek\u00fclgne MOLLE-paneel taskute kinnitamiseks ja k\u00e4sirelvade kandmiseks binokliga rakmetes.<\/p>\n","protected":false},"featured_media":700442,"template":"","meta":{"_acf_changed":false},"product_brand":[15148],"product_cat":[14069],"product_tag":[],"class_list":{"0":"post-700383","1":"product","2":"type-product","3":"status-publish","4":"has-post-thumbnail","6":"product_brand-eberlestock","7":"product_cat-taskud","9":"first","10":"instock","11":"taxable","12":"shipping-taxable","13":"purchasable","14":"product-type-variable","15":"wvs-archive-product-wrapper"},"acf":[],"_links":{"self":[{"href":"https:\/\/nbg.eu\/et\/wp-json\/wp\/v2\/product\/700383","targetHints":{"allow":["GET"]}}],"collection":[{"href":"https:\/\/nbg.eu\/et\/wp-json\/wp\/v2\/product"}],"about":[{"href":"https:\/\/nbg.eu\/et\/wp-json\/wp\/v2\/types\/product"}],"wp:featuredmedia":[{"embeddable":true,"href":"https:\/\/nbg.eu\/et\/wp-json\/wp\/v2\/media\/700442"}],"wp:attachment":[{"href":"https:\/\/nbg.eu\/et\/wp-json\/wp\/v2\/media?parent=700383"}],"wp:term":[{"taxonomy":"product_brand","embeddable":true,"href":"https:\/\/nbg.eu\/et\/wp-json\/wp\/v2\/product_brand?post=700383"},{"taxonomy":"product_cat","embeddable":true,"href":"https:\/\/nbg.eu\/et\/wp-json\/wp\/v2\/product_cat?post=700383"},{"taxonomy":"product_tag","embeddable":true,"href":"https:\/\/nbg.eu\/et\/wp-json\/wp\/v2\/product_tag?post=700383"}],"curies":[{"name":"wp","href":"https:\/\/api.w.org\/{rel}","templated":true}]}}