{"id":700822,"date":"2025-12-22T18:16:35","date_gmt":"2025-12-22T15:16:35","guid":{"rendered":"https:\/\/nbg.eu\/product\/vahemaadmooturi-kott\/"},"modified":"2026-04-15T14:16:19","modified_gmt":"2026-04-15T11:16:19","slug":"vahemaadmooturi-kott","status":"publish","type":"product","link":"https:\/\/nbg.eu\/et\/toode\/vahemaadmooturi-kott\/","title":{"rendered":"Eberlestock Kaugusm\u00f5\u00f5tja Tasku Recon"},"content":{"rendered":"<h2>Recon kaugusem\u00f5\u00f5tja tasku: Kaitse oma varustust, paranda oma t\u00e4psust<\/h2>\n<p>T\u00f5sta oma v\u00e4lireise uuele tasemele Recon kaugusem\u00f5\u00f5tja taskuga, mis on loodud kaitsma sinu olulisi kaugusem\u00f5\u00f5tmise seadmeid. See tasku on valmistatud suure t\u00e4helepanuga detailidele ja pakub enneolematu kaitse ja mugavuse, tagades, et sinu varustus j\u00e4\u00e4b turvaliselt ja kergesti k\u00e4ttesaadavaks.<\/p>\n<p>Magnetilise esikaane abil hoiab Recon kaugusem\u00f5\u00f5tja tasku tolmu ja pr\u00fcgi eemal, s\u00e4ilitades sinu kaugusem\u00f5\u00f5tja klaasi terve v\u00e4limuse. Elastne n\u00f6\u00f6rl\u00fcli v\u00f5imaldab sul oma seadme lihtsalt maha panna, muretsemata purunemise v\u00f5i kaotamise p\u00e4rast, j\u00e4ttes sinu k\u00e4ed vabaks teiste \u00fclesannete t\u00e4itmiseks.<\/p>\n<p>Kompaktsete m\u00f5\u00f5tmetega 1,75&#8243; D x 3,25&#8243; L x 5&#8243; K, sobib Recon kaugusem\u00f5\u00f5tja tasku suurep\u00e4raselt sinu v\u00e4ljavarustusega, pakkudes diskreetset ja t\u00f6\u00f6kindlat hoiustamislahendust. Olgu sa innukas jahimees, p\u00fchendunud matkaja v\u00f5i kirg m\u00e4rklauatarvis, on see mitmek\u00fclgne tasku ideaalne saadetis, et kaitsta sinu v\u00e4\u00e4rtuslikku kaugusem\u00f5\u00f5tva varustust.<\/p>\n<p>T\u00f5sta oma v\u00e4lireisi uuele tasemele Recon kaugusem\u00f5\u00f5tja taskuga, k\u00f5ige t\u00e4htsama lisavarustusega n\u00f5udlikule seiklejale, kes n\u00f5uab oma varustuse parimat kaitset ja mugavust.<\/p>\n","protected":false},"excerpt":{"rendered":"<p>Recon Rangefinder Pouch kaitseb teie seadet magnetilise kaanega ja vedruga hoidepaelaga, et see oleks turvaline ja mugav kaasas kanda.<\/p>\n","protected":false},"featured_media":700843,"template":"","meta":{"_acf_changed":false},"product_brand":[15148],"product_cat":[14069],"product_tag":[],"class_list":{"0":"post-700822","1":"product","2":"type-product","3":"status-publish","4":"has-post-thumbnail","6":"product_brand-eberlestock","7":"product_cat-taskud","9":"first","10":"instock","11":"taxable","12":"shipping-taxable","13":"purchasable","14":"product-type-variable","15":"wvs-archive-product-wrapper"},"acf":[],"_links":{"self":[{"href":"https:\/\/nbg.eu\/et\/wp-json\/wp\/v2\/product\/700822","targetHints":{"allow":["GET"]}}],"collection":[{"href":"https:\/\/nbg.eu\/et\/wp-json\/wp\/v2\/product"}],"about":[{"href":"https:\/\/nbg.eu\/et\/wp-json\/wp\/v2\/types\/product"}],"wp:featuredmedia":[{"embeddable":true,"href":"https:\/\/nbg.eu\/et\/wp-json\/wp\/v2\/media\/700843"}],"wp:attachment":[{"href":"https:\/\/nbg.eu\/et\/wp-json\/wp\/v2\/media?parent=700822"}],"wp:term":[{"taxonomy":"product_brand","embeddable":true,"href":"https:\/\/nbg.eu\/et\/wp-json\/wp\/v2\/product_brand?post=700822"},{"taxonomy":"product_cat","embeddable":true,"href":"https:\/\/nbg.eu\/et\/wp-json\/wp\/v2\/product_cat?post=700822"},{"taxonomy":"product_tag","embeddable":true,"href":"https:\/\/nbg.eu\/et\/wp-json\/wp\/v2\/product_tag?post=700822"}],"curies":[{"name":"wp","href":"https:\/\/api.w.org\/{rel}","templated":true}]}}