{"id":701118,"date":"2025-12-22T18:40:25","date_gmt":"2025-12-22T15:40:25","guid":{"rendered":"https:\/\/nbg.eu\/product\/kiirviide\/"},"modified":"2026-04-15T14:16:15","modified_gmt":"2026-04-15T11:16:15","slug":"kiirviide","status":"publish","type":"product","link":"https:\/\/nbg.eu\/et\/toode\/kiirviide\/","title":{"rendered":"Eberlestock Vutlar Recon Quickcase"},"content":{"rendered":"<h2>Quickcase: Teie kompaktne elluj\u00e4\u00e4mise saatekaaslane<\/h2>\n<p>Quickcase on mitmeotstarbeline t\u00f5mblukuga kott, mis on loodud t\u00e4iesti integreeruma Recon Modular Bino Harness&#8217;iga. See kompaktne tarvik pakub ideaalset lahendust teie elluj\u00e4\u00e4mise tarvikute hoiustamiseks ja kinnitamiseks, tagades, et olete alati ootamatusteks valmis.<\/p>\n<p>T\u00e4pselt \u00f5iges suuruses m\u00f5\u00f5tmetega Quickcase pakub rohkelt ruumi v\u00e4ikese elluj\u00e4\u00e4miskomplekti jaoks, tehes sellest asendamatu saatekaaslase, kui peaksite oma peamisest seljakotist eralduma. Selle vastupidav konstruktsioon ja kindel t\u00f5mblukk hoiavad teie kriitilised esemed ohutult ja ligip\u00e4\u00e4setavalt, kui neid k\u00f5ige enam vaja l\u00e4heb.<\/p>\n<p>Kuid Quickcase&#8217;i kasutegurid ei piirdu ainult elluj\u00e4\u00e4mise ettevalmistamisega. Kasutage seda ka mugava hoiustamiskotina v\u00e4ikeste esemete jaoks, hoides need korrastatud ja k\u00e4ep\u00e4raste vahemaa taga, kui liigute \u00fcmber. Olgu selleks siis matkaretk, telkimine v\u00f5i mis tahes muu v\u00e4listegevus, see mitmeotstarbeline tarvik saab teie varustuse h\u00e4davajalikuks osaks.<\/p>\n<p>Spetsiaalselt Recon Modular Bino Harness&#8217;iga integreerimiseks loodud, kinnitub Quickcase turvaliselt rihma tagak\u00fcljel asuvale haak-ja-silmuskinnisele. See integratsioon v\u00f5imaldab hoida teie h\u00e4davajalikke esemeid k\u00e4ep\u00e4raste vahemaa taga, vabastades ruumi teie peamises seljakotis ja tagades, et teil on k\u00f5ik, mida vajate, kergelt ligip\u00e4\u00e4setavad.<\/p>\n","protected":false},"excerpt":{"rendered":"<p>V\u00e4ike lukuga kott, mis kinnitub Recon Modular Bino Rihmaraami k\u00fclge elluj\u00e4\u00e4miskomplekti v\u00f5i v\u00e4ikeste asjade hoiustamiseks.<\/p>\n","protected":false},"featured_media":701178,"template":"","meta":{"_acf_changed":false},"product_brand":[15148],"product_cat":[14069],"product_tag":[],"class_list":{"0":"post-701118","1":"product","2":"type-product","3":"status-publish","4":"has-post-thumbnail","6":"product_brand-eberlestock","7":"product_cat-taskud","9":"first","10":"instock","11":"taxable","12":"shipping-taxable","13":"purchasable","14":"product-type-variable","15":"wvs-archive-product-wrapper"},"acf":[],"_links":{"self":[{"href":"https:\/\/nbg.eu\/et\/wp-json\/wp\/v2\/product\/701118","targetHints":{"allow":["GET"]}}],"collection":[{"href":"https:\/\/nbg.eu\/et\/wp-json\/wp\/v2\/product"}],"about":[{"href":"https:\/\/nbg.eu\/et\/wp-json\/wp\/v2\/types\/product"}],"wp:featuredmedia":[{"embeddable":true,"href":"https:\/\/nbg.eu\/et\/wp-json\/wp\/v2\/media\/701178"}],"wp:attachment":[{"href":"https:\/\/nbg.eu\/et\/wp-json\/wp\/v2\/media?parent=701118"}],"wp:term":[{"taxonomy":"product_brand","embeddable":true,"href":"https:\/\/nbg.eu\/et\/wp-json\/wp\/v2\/product_brand?post=701118"},{"taxonomy":"product_cat","embeddable":true,"href":"https:\/\/nbg.eu\/et\/wp-json\/wp\/v2\/product_cat?post=701118"},{"taxonomy":"product_tag","embeddable":true,"href":"https:\/\/nbg.eu\/et\/wp-json\/wp\/v2\/product_tag?post=701118"}],"curies":[{"name":"wp","href":"https:\/\/api.w.org\/{rel}","templated":true}]}}